{"id":7048,"date":"2023-05-17T15:59:52","date_gmt":"2023-05-17T15:59:52","guid":{"rendered":"https:\/\/kindart.is\/product\/eldur-i-oskju-askja-on-fire\/"},"modified":"2023-05-17T15:59:52","modified_gmt":"2023-05-17T15:59:52","slug":"eldur-i-oskju-askja-on-fire","status":"publish","type":"product","link":"https:\/\/kindart.is\/en\/vara\/eldur-i-oskju-askja-on-fire\/","title":{"rendered":"Eldur \u00ed \u00d6skju \/ Askja on Fire"},"content":{"rendered":"<p><strong>Eldur \u00ed \u00d6skju \/ Askja on Fire<\/strong>.. \u00deetta er l\u00fdsing \u00e1 eldgosinu \u00ed \u00d6skju 1961 og er \u00fea\u00f0 eina sprungugosi\u00f0 \u00e1 \u00cdslandi sem jar\u00f0fr\u00e6\u00f0ingar hafa haft fyrir augum s\u00ednum, ef undanskili\u00f0 er Heklugosi\u00f0 1947, sem var \u00fe\u00f3 afbrig\u00f0ilegt sprungugos.<br \/>\n\u00deessa b\u00f3k hefur Sigur\u00f0ur \u00de\u00f3rarinsson jar\u00f0fr\u00e6\u00f0ingur sami\u00f0 og J\u00f3hann Hannesson \u00fe\u00fdddi hana \u00e1 ensku, en Torfi J\u00f3nsson s\u00e1 um fr\u00e1gang b\u00f3karinnar, umbrot og ni\u00f0urr\u00f6\u00f0un mynda og alla h\u00f6nnun a\u00f0 \u00f6\u00f0ru leyti.<\/p>\n<p><strong>\u00datg\u00e1fa og prentun<\/strong>:<br \/>\n\u00datgefandi: Almenna b\u00f3kaf\u00e9lagi\u00f0 Reykjav\u00edk,1963. Setning f\u00f3r fram \u00ed Prentsmi\u00f0junni H\u00f3lum, en prentun og b\u00f3kband f\u00f3r fram \u00ed Litmyndum \u00ed Hafnarfir\u00f0i.<\/p>\n","protected":false},"excerpt":{"rendered":"<p>Eldur \u00ed \u00d6skju \/ Askja on Fire.. \u00deetta er l\u00fdsing \u00e1 eldgosinu \u00ed \u00d6skju 1961 og er \u00fea\u00f0 eina sprungugosi\u00f0 \u00e1 \u00cdslandi sem jar\u00f0fr\u00e6\u00f0ingar hafa haft fyrir augum s\u00ednum, ef undanskili\u00f0 er Heklugosi\u00f0 1947, sem var \u00fe\u00f3 afbrig\u00f0ilegt sprungugos. \u00deessa b\u00f3k hefur Sigur\u00f0ur \u00de\u00f3rarinsson jar\u00f0fr\u00e6\u00f0ingur sami\u00f0 og J\u00f3hann Hannesson \u00fe\u00fdddi hana \u00e1 ensku, en Torfi [&hellip;]<\/p>\n","protected":false},"featured_media":7045,"template":"","meta":{"slim_seo":{"title":"Eldur \u00ed \u00d6skju \/ Askja on Fire - KindArt","description":"Eldur \u00ed \u00d6skju \/ Askja on Fire .. \u00deetta er l\u00fdsing \u00e1 eldgosinu \u00ed \u00d6skju 1961 og er \u00fea\u00f0 eina sprungugosi\u00f0 \u00e1 \u00cdslandi sem jar\u00f0fr\u00e6\u00f0ingar hafa haft fyrir augum s\u00ednum, e"}},"product_brand":[],"product_cat":[83],"product_tag":[],"class_list":{"0":"post-7048","1":"product","2":"type-product","3":"status-publish","4":"has-post-thumbnail","6":"product_cat-books","7":"product_shipping_class-small-en","9":"first","10":"instock","11":"purchasable","12":"product-type-simple"},"_links":{"self":[{"href":"https:\/\/kindart.is\/en\/wp-json\/wp\/v2\/product\/7048","targetHints":{"allow":["GET"]}}],"collection":[{"href":"https:\/\/kindart.is\/en\/wp-json\/wp\/v2\/product"}],"about":[{"href":"https:\/\/kindart.is\/en\/wp-json\/wp\/v2\/types\/product"}],"wp:featuredmedia":[{"embeddable":true,"href":"https:\/\/kindart.is\/en\/wp-json\/wp\/v2\/media\/7045"}],"wp:attachment":[{"href":"https:\/\/kindart.is\/en\/wp-json\/wp\/v2\/media?parent=7048"}],"wp:term":[{"taxonomy":"product_brand","embeddable":true,"href":"https:\/\/kindart.is\/en\/wp-json\/wp\/v2\/product_brand?post=7048"},{"taxonomy":"product_cat","embeddable":true,"href":"https:\/\/kindart.is\/en\/wp-json\/wp\/v2\/product_cat?post=7048"},{"taxonomy":"product_tag","embeddable":true,"href":"https:\/\/kindart.is\/en\/wp-json\/wp\/v2\/product_tag?post=7048"}],"curies":[{"name":"wp","href":"https:\/\/api.w.org\/{rel}","templated":true}]}}