{"id":7054,"date":"2023-05-17T16:04:42","date_gmt":"2023-05-17T16:04:42","guid":{"rendered":"https:\/\/kindart.is\/product\/kirkjuritid-1988\/"},"modified":"2024-10-19T17:16:54","modified_gmt":"2024-10-19T17:16:54","slug":"kirkjuritid-1988","status":"publish","type":"product","link":"https:\/\/kindart.is\/en\/vara\/kirkjuritid-1988\/","title":{"rendered":"Kirkjuriti\u00f0 1988"},"content":{"rendered":"<p><strong>Kirkjuriti\u00f0 1988<\/strong>, 1.-2.h. Ritstj\u00f3ri: \u00deorbj\u00f6rn Hlynur \u00c1rnason, s\u00f3knar-prestur \u00e1 Borg \u00e1 M\u00fdrum. Prestaf\u00e9lag \u00cdslands 70 \u00e1ra. Grein eftir Sigur\u00f0 Sigur\u00f0arson form. P.\u00cd. \u2013 St\u00e6r\u00f0: 22.5 X 15.5 cm og 98 bls.<\/p>\n<p><strong>\u00datg\u00e1fa og prentun<\/strong>:<br \/>\n\u00datgefandi: Prestaf\u00e9lag \u00cdslands. Reykjav\u00edk 1988. Setning, umbrot og prentun: Filmur og prent.<\/p>\n","protected":false},"excerpt":{"rendered":"<p>Kirkjuriti\u00f0 1988, 1.-2.h. Ritstj\u00f3ri: \u00deorbj\u00f6rn Hlynur \u00c1rnason, s\u00f3knar-prestur \u00e1 Borg \u00e1 M\u00fdrum. Prestaf\u00e9lag \u00cdslands 70 \u00e1ra. Grein eftir Sigur\u00f0 Sigur\u00f0arson form. P.\u00cd. \u2013 St\u00e6r\u00f0: 22.5 X 15.5 cm og 98 bls. \u00datg\u00e1fa og prentun: \u00datgefandi: Prestaf\u00e9lag \u00cdslands. Reykjav\u00edk 1988. Setning, umbrot og prentun: Filmur og prent.<\/p>\n","protected":false},"featured_media":7051,"template":"","meta":{"slim_seo":{"title":"Kirkjuriti\u00f0 1988 - KindArt","description":"Kirkjuriti\u00f0 1988 , 1.-2.h. Ritstj\u00f3ri: \u00deorbj\u00f6rn Hlynur \u00c1rnason, s\u00f3knar-prestur \u00e1 Borg \u00e1 M\u00fdrum. Prestaf\u00e9lag \u00cdslands 70 \u00e1ra. Grein eftir Sigur\u00f0 Sigur\u00f0arson form. P"}},"product_brand":[],"product_cat":[83],"product_tag":[],"class_list":{"0":"post-7054","1":"product","2":"type-product","3":"status-publish","4":"has-post-thumbnail","6":"product_cat-books","7":"product_shipping_class-small-en","9":"first","10":"outofstock","11":"purchasable","12":"product-type-simple"},"_links":{"self":[{"href":"https:\/\/kindart.is\/en\/wp-json\/wp\/v2\/product\/7054","targetHints":{"allow":["GET"]}}],"collection":[{"href":"https:\/\/kindart.is\/en\/wp-json\/wp\/v2\/product"}],"about":[{"href":"https:\/\/kindart.is\/en\/wp-json\/wp\/v2\/types\/product"}],"wp:featuredmedia":[{"embeddable":true,"href":"https:\/\/kindart.is\/en\/wp-json\/wp\/v2\/media\/7051"}],"wp:attachment":[{"href":"https:\/\/kindart.is\/en\/wp-json\/wp\/v2\/media?parent=7054"}],"wp:term":[{"taxonomy":"product_brand","embeddable":true,"href":"https:\/\/kindart.is\/en\/wp-json\/wp\/v2\/product_brand?post=7054"},{"taxonomy":"product_cat","embeddable":true,"href":"https:\/\/kindart.is\/en\/wp-json\/wp\/v2\/product_cat?post=7054"},{"taxonomy":"product_tag","embeddable":true,"href":"https:\/\/kindart.is\/en\/wp-json\/wp\/v2\/product_tag?post=7054"}],"curies":[{"name":"wp","href":"https:\/\/api.w.org\/{rel}","templated":true}]}}