{"id":7060,"date":"2023-05-17T16:09:17","date_gmt":"2023-05-17T16:09:17","guid":{"rendered":"https:\/\/kindart.is\/product\/midaldaborn\/"},"modified":"2023-05-17T16:09:17","modified_gmt":"2023-05-17T16:09:17","slug":"midaldaborn","status":"publish","type":"product","link":"https:\/\/kindart.is\/en\/vara\/midaldaborn\/","title":{"rendered":"Mi\u00f0aldab\u00f6rn"},"content":{"rendered":"<p><strong>Mi\u00f0aldab\u00f6rn<\/strong>. Ritstj\u00f3rar: \u00c1rmann Jakobsson og Torfi H. Tulinius. \u00cd \u00feessari b\u00f3k er sagt fr\u00e1 b\u00f6rnum \u00ed g\u00f6mlum heimildum \u00edslenskum, eins og \u00cdslendingas\u00f6gunum, Eglu t.d. o. fl. b\u00f3kum. \u2013 Sj\u00f6 fr\u00e6\u00f0imenn skrifa greinar \u00ed b\u00f3kina og eru \u00feeir taldir upp \u00e1 bakk\u00e1pu. Reyna \u00feeir t.d. a\u00f0 svara spurningunum um hver r\u00e9ttarsta\u00f0a barna var \u00e1 mi\u00f0\u00f6ldum, hvernig b\u00f6rn voru skilgreind, og muninn \u00e1 me\u00f0fer\u00f0 drengja og st\u00falkna. \u00deetta er fyrsta greinasafni\u00f0 um \u00edslensk b\u00f6rn \u00e1 mi\u00f0\u00f6ldum. B\u00f3kin er l\u00edmbundin og sett \u00ed sterka kartonk\u00e1pu og skorin \u00e1 \u00ferj\u00e1 vegu. St\u00e6r\u00f0: 21 X 14.8 cm. og 141 bls.<\/p>\n<p><strong>\u00datg\u00e1fa og prentun<\/strong>:<br \/>\n\u00datgefandi: Hugv\u00edsindastofnun H\u00e1sk\u00f3la \u00cdslands Reykjav\u00edk 2005. Prentsmi\u00f0jan Hj\u00e1 Oss<\/p>\n","protected":false},"excerpt":{"rendered":"<p>Mi\u00f0aldab\u00f6rn. Ritstj\u00f3rar: \u00c1rmann Jakobsson og Torfi H. Tulinius. \u00cd \u00feessari b\u00f3k er sagt fr\u00e1 b\u00f6rnum \u00ed g\u00f6mlum heimildum \u00edslenskum, eins og \u00cdslendingas\u00f6gunum, Eglu t.d. o. fl. b\u00f3kum. \u2013 Sj\u00f6 fr\u00e6\u00f0imenn skrifa greinar \u00ed b\u00f3kina og eru \u00feeir taldir upp \u00e1 bakk\u00e1pu. Reyna \u00feeir t.d. a\u00f0 svara spurningunum um hver r\u00e9ttarsta\u00f0a barna var \u00e1 mi\u00f0\u00f6ldum, hvernig [&hellip;]<\/p>\n","protected":false},"featured_media":7057,"template":"","meta":{"slim_seo":{"title":"Mi\u00f0aldab\u00f6rn - KindArt","description":"Mi\u00f0aldab\u00f6rn . Ritstj\u00f3rar: \u00c1rmann Jakobsson og Torfi H. Tulinius. \u00cd \u00feessari b\u00f3k er sagt fr\u00e1 b\u00f6rnum \u00ed g\u00f6mlum heimildum \u00edslenskum, eins og \u00cdslendingas\u00f6gunum, Eglu"}},"product_brand":[],"product_cat":[83],"product_tag":[],"class_list":{"0":"post-7060","1":"product","2":"type-product","3":"status-publish","4":"has-post-thumbnail","6":"product_cat-books","7":"product_shipping_class-small-en","9":"first","10":"outofstock","11":"purchasable","12":"product-type-simple"},"_links":{"self":[{"href":"https:\/\/kindart.is\/en\/wp-json\/wp\/v2\/product\/7060","targetHints":{"allow":["GET"]}}],"collection":[{"href":"https:\/\/kindart.is\/en\/wp-json\/wp\/v2\/product"}],"about":[{"href":"https:\/\/kindart.is\/en\/wp-json\/wp\/v2\/types\/product"}],"wp:featuredmedia":[{"embeddable":true,"href":"https:\/\/kindart.is\/en\/wp-json\/wp\/v2\/media\/7057"}],"wp:attachment":[{"href":"https:\/\/kindart.is\/en\/wp-json\/wp\/v2\/media?parent=7060"}],"wp:term":[{"taxonomy":"product_brand","embeddable":true,"href":"https:\/\/kindart.is\/en\/wp-json\/wp\/v2\/product_brand?post=7060"},{"taxonomy":"product_cat","embeddable":true,"href":"https:\/\/kindart.is\/en\/wp-json\/wp\/v2\/product_cat?post=7060"},{"taxonomy":"product_tag","embeddable":true,"href":"https:\/\/kindart.is\/en\/wp-json\/wp\/v2\/product_tag?post=7060"}],"curies":[{"name":"wp","href":"https:\/\/api.w.org\/{rel}","templated":true}]}}