{"id":7066,"date":"2023-05-18T10:31:51","date_gmt":"2023-05-18T10:31:51","guid":{"rendered":"https:\/\/kindart.is\/product\/sagan\/"},"modified":"2023-05-18T10:31:51","modified_gmt":"2023-05-18T10:31:51","slug":"sagan","status":"publish","type":"product","link":"https:\/\/kindart.is\/en\/vara\/sagan\/","title":{"rendered":"SAGAN"},"content":{"rendered":"<p><strong>SAGAN<\/strong>. S\u00f6gurit um helstu atbur\u00f0i veraldars\u00f6gunnar Nr. 2 \/ 2007. Ritstj\u00f3rn: Hilmir Sigur\u00f0sson og Axel J\u00f3n Birgisson. Framkv\u00e6mdastj\u00f3ri: Axel J\u00f3n Birgisson. Riti\u00f0 kemur \u00fat \u00e1 eins og h\u00e1lfsm\u00e1na\u00f0ar fresti. \u00cd \u00feessu hefti er m.a. sagt fr\u00e1 s\u00f6gu Indlands og hvernig Gandhi sigra\u00f0i breska heimsveldi\u00f0. B\u00f3kin er l\u00edmbundin og sett \u00ed litskr\u00fa\u00f0uga sterka kartonk\u00e1pu me\u00f0 innafbrotum og formeringum a\u00f0 framan, skorin til endanna. St\u00e6r\u00f0: 27.5 X 20.5 cm. og 128 bls.<\/p>\n<p><strong>\u00datg\u00e1fa og prentun<\/strong>:<br \/>\nHringur, \u00fatg\u00e1fa, Steinhella 10, Hafnarfir\u00f0i. 2007. \u00cdslandsprent.<\/p>\n","protected":false},"excerpt":{"rendered":"<p>SAGAN. S\u00f6gurit um helstu atbur\u00f0i veraldars\u00f6gunnar Nr. 2 \/ 2007. Ritstj\u00f3rn: Hilmir Sigur\u00f0sson og Axel J\u00f3n Birgisson. Framkv\u00e6mdastj\u00f3ri: Axel J\u00f3n Birgisson. Riti\u00f0 kemur \u00fat \u00e1 eins og h\u00e1lfsm\u00e1na\u00f0ar fresti. \u00cd \u00feessu hefti er m.a. sagt fr\u00e1 s\u00f6gu Indlands og hvernig Gandhi sigra\u00f0i breska heimsveldi\u00f0. B\u00f3kin er l\u00edmbundin og sett \u00ed litskr\u00fa\u00f0uga sterka kartonk\u00e1pu me\u00f0 innafbrotum [&hellip;]<\/p>\n","protected":false},"featured_media":7063,"template":"","meta":{"slim_seo":{"title":"SAGAN - KindArt","description":"SAGAN . S\u00f6gurit um helstu atbur\u00f0i veraldars\u00f6gunnar Nr. 2 \/ 2007. Ritstj\u00f3rn: Hilmir Sigur\u00f0sson og Axel J\u00f3n Birgisson. Framkv\u00e6mdastj\u00f3ri: Axel J\u00f3n Birgisson. Riti\u00f0"}},"product_brand":[],"product_cat":[83],"product_tag":[],"class_list":{"0":"post-7066","1":"product","2":"type-product","3":"status-publish","4":"has-post-thumbnail","6":"product_cat-books","7":"product_shipping_class-small-en","9":"first","10":"instock","11":"purchasable","12":"product-type-simple"},"_links":{"self":[{"href":"https:\/\/kindart.is\/en\/wp-json\/wp\/v2\/product\/7066","targetHints":{"allow":["GET"]}}],"collection":[{"href":"https:\/\/kindart.is\/en\/wp-json\/wp\/v2\/product"}],"about":[{"href":"https:\/\/kindart.is\/en\/wp-json\/wp\/v2\/types\/product"}],"wp:featuredmedia":[{"embeddable":true,"href":"https:\/\/kindart.is\/en\/wp-json\/wp\/v2\/media\/7063"}],"wp:attachment":[{"href":"https:\/\/kindart.is\/en\/wp-json\/wp\/v2\/media?parent=7066"}],"wp:term":[{"taxonomy":"product_brand","embeddable":true,"href":"https:\/\/kindart.is\/en\/wp-json\/wp\/v2\/product_brand?post=7066"},{"taxonomy":"product_cat","embeddable":true,"href":"https:\/\/kindart.is\/en\/wp-json\/wp\/v2\/product_cat?post=7066"},{"taxonomy":"product_tag","embeddable":true,"href":"https:\/\/kindart.is\/en\/wp-json\/wp\/v2\/product_tag?post=7066"}],"curies":[{"name":"wp","href":"https:\/\/api.w.org\/{rel}","templated":true}]}}