{"id":7070,"date":"2023-05-20T11:01:44","date_gmt":"2023-05-20T11:01:44","guid":{"rendered":"https:\/\/kindart.is\/product\/faein-atridi-ur-verzlunarretti\/"},"modified":"2023-05-20T11:01:44","modified_gmt":"2023-05-20T11:01:44","slug":"faein-atridi-ur-verzlunarretti","status":"publish","type":"product","link":"https:\/\/kindart.is\/en\/vara\/faein-atridi-ur-verzlunarretti\/","title":{"rendered":"F\u00e1ein atri\u00f0i \u00far verzlunarr\u00e9tti"},"content":{"rendered":"<p><strong>F\u00e1ein atri\u00f0i \u00far verzlunarr\u00e9tti<\/strong>. Fj\u00f6lrita\u00f0 kennsluhefti um verzlunarr\u00e9tt. H\u00f6fundar ekki geti\u00f0. St\u00e6r\u00f0: 21.5 X 14 cm, 35 bls. Hefti\u00f0 er v\u00edrheft \u00ed kj\u00f6linn me\u00f0 tveimur kl\u00f6mmum og skori\u00f0 til endanna og a\u00f0 framan.<\/p>\n<p><strong>\u00datg\u00e1fa og prentun<\/strong>:<br \/>\n\u00datgefenda ekki geti\u00f0. Reykjav\u00edk 1947. Fj\u00f6lritunarstofa Dan\u00edels Halld\u00f3rssonar.<\/p>\n","protected":false},"excerpt":{"rendered":"<p>F\u00e1ein atri\u00f0i \u00far verzlunarr\u00e9tti. Fj\u00f6lrita\u00f0 kennsluhefti um verzlunarr\u00e9tt. H\u00f6fundar ekki geti\u00f0. St\u00e6r\u00f0: 21.5 X 14 cm, 35 bls. Hefti\u00f0 er v\u00edrheft \u00ed kj\u00f6linn me\u00f0 tveimur kl\u00f6mmum og skori\u00f0 til endanna og a\u00f0 framan. \u00datg\u00e1fa og prentun: \u00datgefenda ekki geti\u00f0. Reykjav\u00edk 1947. Fj\u00f6lritunarstofa Dan\u00edels Halld\u00f3rssonar.<\/p>\n","protected":false},"featured_media":7069,"template":"","meta":{"slim_seo":{"title":"F\u00e1ein atri\u00f0i \u00far verzlunarr\u00e9tti - KindArt","description":"F\u00e1ein atri\u00f0i \u00far verzlunarr\u00e9tti . Fj\u00f6lrita\u00f0 kennsluhefti um verzlunarr\u00e9tt. H\u00f6fundar ekki geti\u00f0. St\u00e6r\u00f0: 21.5 X 14 cm, 35 bls. Hefti\u00f0 er v\u00edrheft \u00ed kj\u00f6linn me\u00f0 tvei"}},"product_brand":[],"product_cat":[83],"product_tag":[],"class_list":{"0":"post-7070","1":"product","2":"type-product","3":"status-publish","4":"has-post-thumbnail","6":"product_cat-books","7":"product_shipping_class-small-en","9":"first","10":"instock","11":"purchasable","12":"product-type-simple"},"_links":{"self":[{"href":"https:\/\/kindart.is\/en\/wp-json\/wp\/v2\/product\/7070","targetHints":{"allow":["GET"]}}],"collection":[{"href":"https:\/\/kindart.is\/en\/wp-json\/wp\/v2\/product"}],"about":[{"href":"https:\/\/kindart.is\/en\/wp-json\/wp\/v2\/types\/product"}],"wp:featuredmedia":[{"embeddable":true,"href":"https:\/\/kindart.is\/en\/wp-json\/wp\/v2\/media\/7069"}],"wp:attachment":[{"href":"https:\/\/kindart.is\/en\/wp-json\/wp\/v2\/media?parent=7070"}],"wp:term":[{"taxonomy":"product_brand","embeddable":true,"href":"https:\/\/kindart.is\/en\/wp-json\/wp\/v2\/product_brand?post=7070"},{"taxonomy":"product_cat","embeddable":true,"href":"https:\/\/kindart.is\/en\/wp-json\/wp\/v2\/product_cat?post=7070"},{"taxonomy":"product_tag","embeddable":true,"href":"https:\/\/kindart.is\/en\/wp-json\/wp\/v2\/product_tag?post=7070"}],"curies":[{"name":"wp","href":"https:\/\/api.w.org\/{rel}","templated":true}]}}