{"id":7076,"date":"2023-05-20T11:05:39","date_gmt":"2023-05-20T11:05:39","guid":{"rendered":"https:\/\/kindart.is\/product\/brjalad-vald\/"},"modified":"2023-05-20T11:15:09","modified_gmt":"2023-05-20T11:15:09","slug":"brjalad-vald","status":"publish","type":"product","link":"https:\/\/kindart.is\/en\/vara\/brjalad-vald\/","title":{"rendered":"Brj\u00e1la\u00f0 vald"},"content":{"rendered":"<p><strong>Brj\u00e1la\u00f0 vald<\/strong>. B\u00e6klingur skrifa\u00f0ur af J\u00f3ni \u00deorleifssyni, St\u00e6r\u00f0: 20.5 X 14.8 og 52 bls. Hann fjallar um stj\u00f3rnm\u00e1l og er bundinn \u00ed l\u00edmband og kartonk\u00e1pu.<\/p>\n<p><strong>\u00datg\u00e1fa og prentun<\/strong>:<br \/>\n\u00datgefinn af h\u00f6fundi, 1996. Reykjav\u00edk. Prentun: Fj\u00f6lf\u00f6ldun \u00deorbergs Sigurj\u00f3ns.<\/p>\n","protected":false},"excerpt":{"rendered":"<p>Brj\u00e1la\u00f0 vald. B\u00e6klingur skrifa\u00f0ur af J\u00f3ni \u00deorleifssyni, St\u00e6r\u00f0: 20.5 X 14.8 og 52 bls. Hann fjallar um stj\u00f3rnm\u00e1l og er bundinn \u00ed l\u00edmband og kartonk\u00e1pu. \u00datg\u00e1fa og prentun: \u00datgefinn af h\u00f6fundi, 1996. Reykjav\u00edk. Prentun: Fj\u00f6lf\u00f6ldun \u00deorbergs Sigurj\u00f3ns.<\/p>\n","protected":false},"featured_media":7073,"template":"","meta":{"slim_seo":{"title":"Brj\u00e1la\u00f0 vald - KindArt","description":"Brj\u00e1la\u00f0 vald . B\u00e6klingur skrifa\u00f0ur af J\u00f3ni \u00deorleifssyni, St\u00e6r\u00f0: 20.5 X 14.8 og 52 bls. Hann fjallar um stj\u00f3rnm\u00e1l og er bundinn \u00ed l\u00edmband og kartonk\u00e1pu. \u00datg\u00e1fa o"}},"product_brand":[],"product_cat":[83],"product_tag":[],"class_list":{"0":"post-7076","1":"product","2":"type-product","3":"status-publish","4":"has-post-thumbnail","6":"product_cat-books","7":"product_shipping_class-small-en","9":"first","10":"outofstock","11":"purchasable","12":"product-type-simple"},"_links":{"self":[{"href":"https:\/\/kindart.is\/en\/wp-json\/wp\/v2\/product\/7076","targetHints":{"allow":["GET"]}}],"collection":[{"href":"https:\/\/kindart.is\/en\/wp-json\/wp\/v2\/product"}],"about":[{"href":"https:\/\/kindart.is\/en\/wp-json\/wp\/v2\/types\/product"}],"wp:featuredmedia":[{"embeddable":true,"href":"https:\/\/kindart.is\/en\/wp-json\/wp\/v2\/media\/7073"}],"wp:attachment":[{"href":"https:\/\/kindart.is\/en\/wp-json\/wp\/v2\/media?parent=7076"}],"wp:term":[{"taxonomy":"product_brand","embeddable":true,"href":"https:\/\/kindart.is\/en\/wp-json\/wp\/v2\/product_brand?post=7076"},{"taxonomy":"product_cat","embeddable":true,"href":"https:\/\/kindart.is\/en\/wp-json\/wp\/v2\/product_cat?post=7076"},{"taxonomy":"product_tag","embeddable":true,"href":"https:\/\/kindart.is\/en\/wp-json\/wp\/v2\/product_tag?post=7076"}],"curies":[{"name":"wp","href":"https:\/\/api.w.org\/{rel}","templated":true}]}}