{"id":7082,"date":"2023-05-20T11:15:23","date_gmt":"2023-05-20T11:15:23","guid":{"rendered":"https:\/\/kindart.is\/product\/bernskusongvar-og-oldungsodur\/"},"modified":"2023-05-20T11:15:23","modified_gmt":"2023-05-20T11:15:23","slug":"bernskusongvar-og-oldungsodur","status":"publish","type":"product","link":"https:\/\/kindart.is\/en\/vara\/bernskusongvar-og-oldungsodur\/","title":{"rendered":"Bernskus\u00f6ngvar og \u00f6ldungs\u00f3\u00f0ur"},"content":{"rendered":"<p><strong>Bernskus\u00f6ngvar og \u00f6ldungs\u00f3\u00f0ur<\/strong>, kv\u00e6\u00f0i eftir J\u00f3n Gu\u00f0na P\u00e1lsson fr\u00e1 Gar\u00f0i \u00ed Fnj\u00f3skadal. J\u00f3n yrkir um sveitina s\u00edna, n\u00e1tt\u00faruna og landi\u00f0 sitt.. Innihaldi\u00f0 skiptist \u00ed 5 hluta: I. Almenn lj\u00f3\u00f0 og kv\u00e6\u00f0i. II.Afm\u00e6lislj\u00f3\u00f0. III. Minningarlj\u00f3\u00f0: IV. Br\u00fa\u00f0kaupslj\u00f3\u00f0 V. Lausav\u00edsur og st\u00f6kur. \u2013 B\u00f3kin er \u00feverheft, mj\u00f6g t\u00e6pt vi\u00f0 kj\u00f6linn og l\u00edmd \u00ed kartonk\u00e1pu, skorin til endana og a\u00f0 framan.<\/p>\n<p><strong>\u00datg\u00e1fa og prentun<\/strong>:<br \/>\n\u00datgefanda ekki geti\u00f0. Akureyri 1979. Prentun: Offsetstofan Akureyri.<\/p>\n","protected":false},"excerpt":{"rendered":"<p>Bernskus\u00f6ngvar og \u00f6ldungs\u00f3\u00f0ur, kv\u00e6\u00f0i eftir J\u00f3n Gu\u00f0na P\u00e1lsson fr\u00e1 Gar\u00f0i \u00ed Fnj\u00f3skadal. J\u00f3n yrkir um sveitina s\u00edna, n\u00e1tt\u00faruna og landi\u00f0 sitt.. Innihaldi\u00f0 skiptist \u00ed 5 hluta: I. Almenn lj\u00f3\u00f0 og kv\u00e6\u00f0i. II.Afm\u00e6lislj\u00f3\u00f0. III. Minningarlj\u00f3\u00f0: IV. Br\u00fa\u00f0kaupslj\u00f3\u00f0 V. Lausav\u00edsur og st\u00f6kur. \u2013 B\u00f3kin er \u00feverheft, mj\u00f6g t\u00e6pt vi\u00f0 kj\u00f6linn og l\u00edmd \u00ed kartonk\u00e1pu, skorin til endana [&hellip;]<\/p>\n","protected":false},"featured_media":7079,"template":"","meta":{"slim_seo":{"title":"Bernskus\u00f6ngvar og \u00f6ldungs\u00f3\u00f0ur - KindArt","description":"Bernskus\u00f6ngvar og \u00f6ldungs\u00f3\u00f0ur , kv\u00e6\u00f0i eftir J\u00f3n Gu\u00f0na P\u00e1lsson fr\u00e1 Gar\u00f0i \u00ed Fnj\u00f3skadal. J\u00f3n yrkir um sveitina s\u00edna, n\u00e1tt\u00faruna og landi\u00f0 sitt.. Innihaldi\u00f0 skiptist"}},"product_brand":[],"product_cat":[83],"product_tag":[],"class_list":{"0":"post-7082","1":"product","2":"type-product","3":"status-publish","4":"has-post-thumbnail","6":"product_cat-books","7":"product_shipping_class-small-en","9":"first","10":"outofstock","11":"purchasable","12":"product-type-simple"},"_links":{"self":[{"href":"https:\/\/kindart.is\/en\/wp-json\/wp\/v2\/product\/7082","targetHints":{"allow":["GET"]}}],"collection":[{"href":"https:\/\/kindart.is\/en\/wp-json\/wp\/v2\/product"}],"about":[{"href":"https:\/\/kindart.is\/en\/wp-json\/wp\/v2\/types\/product"}],"wp:featuredmedia":[{"embeddable":true,"href":"https:\/\/kindart.is\/en\/wp-json\/wp\/v2\/media\/7079"}],"wp:attachment":[{"href":"https:\/\/kindart.is\/en\/wp-json\/wp\/v2\/media?parent=7082"}],"wp:term":[{"taxonomy":"product_brand","embeddable":true,"href":"https:\/\/kindart.is\/en\/wp-json\/wp\/v2\/product_brand?post=7082"},{"taxonomy":"product_cat","embeddable":true,"href":"https:\/\/kindart.is\/en\/wp-json\/wp\/v2\/product_cat?post=7082"},{"taxonomy":"product_tag","embeddable":true,"href":"https:\/\/kindart.is\/en\/wp-json\/wp\/v2\/product_tag?post=7082"}],"curies":[{"name":"wp","href":"https:\/\/api.w.org\/{rel}","templated":true}]}}