{"id":7089,"date":"2023-05-21T13:27:45","date_gmt":"2023-05-21T13:27:45","guid":{"rendered":"https:\/\/kindart.is\/product\/siglingin-mikla-2\/"},"modified":"2023-05-21T13:27:45","modified_gmt":"2023-05-21T13:27:45","slug":"siglingin-mikla-2","status":"publish","type":"product","link":"https:\/\/kindart.is\/en\/vara\/siglingin-mikla-2\/","title":{"rendered":"Siglingin mikla"},"content":{"rendered":"<p><strong>Siglingin mikla<\/strong> eftir J\u00f3hannes \u00far K\u00f6tlum. \u00d6nnur b\u00f3kin af \u00feremur Vesturfaras\u00f6gum J\u00f3hannesar. B\u00f3kin er saumu\u00f0 og heft \u00ed k\u00e1pu, \u00e1n hl\u00edf\u00f0ark\u00e1pu. St\u00e6r\u00f0: 21.2 X 15 cm. 230 bls.<\/p>\n<p><strong>\u00datg\u00e1fa og prentun<\/strong>:<br \/>\nHeimskringla Reykjav\u00edk 1950. Prentsmi\u00f0jan H\u00f3lar.<\/p>\n","protected":false},"excerpt":{"rendered":"<p>Siglingin mikla eftir J\u00f3hannes \u00far K\u00f6tlum. \u00d6nnur b\u00f3kin af \u00feremur Vesturfaras\u00f6gum J\u00f3hannesar. B\u00f3kin er saumu\u00f0 og heft \u00ed k\u00e1pu, \u00e1n hl\u00edf\u00f0ark\u00e1pu. St\u00e6r\u00f0: 21.2 X 15 cm. 230 bls. \u00datg\u00e1fa og prentun: Heimskringla Reykjav\u00edk 1950. Prentsmi\u00f0jan H\u00f3lar.<\/p>\n","protected":false},"featured_media":7086,"template":"","meta":{"slim_seo":{"title":"Siglingin mikla - KindArt","description":"Siglingin mikla eftir J\u00f3hannes \u00far K\u00f6tlum. \u00d6nnur b\u00f3kin af \u00feremur Vesturfaras\u00f6gum J\u00f3hannesar. B\u00f3kin er saumu\u00f0 og heft \u00ed k\u00e1pu, \u00e1n hl\u00edf\u00f0ark\u00e1pu. St\u00e6r\u00f0: 21.2 X 15 cm."}},"product_brand":[],"product_cat":[83],"product_tag":[],"class_list":{"0":"post-7089","1":"product","2":"type-product","3":"status-publish","4":"has-post-thumbnail","6":"product_cat-books","7":"product_shipping_class-small-en","9":"first","10":"instock","11":"purchasable","12":"product-type-simple"},"_links":{"self":[{"href":"https:\/\/kindart.is\/en\/wp-json\/wp\/v2\/product\/7089","targetHints":{"allow":["GET"]}}],"collection":[{"href":"https:\/\/kindart.is\/en\/wp-json\/wp\/v2\/product"}],"about":[{"href":"https:\/\/kindart.is\/en\/wp-json\/wp\/v2\/types\/product"}],"wp:featuredmedia":[{"embeddable":true,"href":"https:\/\/kindart.is\/en\/wp-json\/wp\/v2\/media\/7086"}],"wp:attachment":[{"href":"https:\/\/kindart.is\/en\/wp-json\/wp\/v2\/media?parent=7089"}],"wp:term":[{"taxonomy":"product_brand","embeddable":true,"href":"https:\/\/kindart.is\/en\/wp-json\/wp\/v2\/product_brand?post=7089"},{"taxonomy":"product_cat","embeddable":true,"href":"https:\/\/kindart.is\/en\/wp-json\/wp\/v2\/product_cat?post=7089"},{"taxonomy":"product_tag","embeddable":true,"href":"https:\/\/kindart.is\/en\/wp-json\/wp\/v2\/product_tag?post=7089"}],"curies":[{"name":"wp","href":"https:\/\/api.w.org\/{rel}","templated":true}]}}