{"id":7098,"date":"2023-05-21T13:33:45","date_gmt":"2023-05-21T13:33:45","guid":{"rendered":"https:\/\/kindart.is\/product\/septemberros\/"},"modified":"2023-05-21T13:33:45","modified_gmt":"2023-05-21T13:33:45","slug":"septemberros","status":"publish","type":"product","link":"https:\/\/kindart.is\/en\/vara\/septemberros\/","title":{"rendered":"Septemberr\u00f3s"},"content":{"rendered":"<p><strong>Septemberr\u00f3s<\/strong>, lj\u00f3\u00f0ab\u00f3k eftir \u00c1rna Gr\u00e9tar Finnsson. Lj\u00f3\u00f0in eru fj\u00f6lbreytt a\u00f0 efni og ger\u00f0, flest ort undir hef\u00f0bundnum bragarh\u00e1ttum, \u00fe\u00f3tt frj\u00e1lsara form komi einnig fyrir. B\u00f3kin er saumu\u00f0 og bundin \u00ed alband, bl\u00e1tt gerviefni og gyllt \u00e1 kj\u00f6l. St\u00e6r\u00f0: 22 X 14 cm og 88 bls.<\/p>\n<p><strong>\u00datg\u00e1fa og prentun<\/strong>:<br \/>\n\u00datgefandi: B\u00f3kaf\u00e9lagi\u00f0 Hafnarfir\u00f0i 1997. Prentun: Prisma \/ Prentb\u00e6r.<\/p>\n","protected":false},"excerpt":{"rendered":"<p>Septemberr\u00f3s, lj\u00f3\u00f0ab\u00f3k eftir \u00c1rna Gr\u00e9tar Finnsson. Lj\u00f3\u00f0in eru fj\u00f6lbreytt a\u00f0 efni og ger\u00f0, flest ort undir hef\u00f0bundnum bragarh\u00e1ttum, \u00fe\u00f3tt frj\u00e1lsara form komi einnig fyrir. B\u00f3kin er saumu\u00f0 og bundin \u00ed alband, bl\u00e1tt gerviefni og gyllt \u00e1 kj\u00f6l. St\u00e6r\u00f0: 22 X 14 cm og 88 bls. \u00datg\u00e1fa og prentun: \u00datgefandi: B\u00f3kaf\u00e9lagi\u00f0 Hafnarfir\u00f0i 1997. Prentun: Prisma \/ [&hellip;]<\/p>\n","protected":false},"featured_media":7092,"template":"","meta":{"slim_seo":{"title":"Septemberr\u00f3s - KindArt","description":"Septemberr\u00f3s , lj\u00f3\u00f0ab\u00f3k eftir \u00c1rna Gr\u00e9tar Finnsson. Lj\u00f3\u00f0in eru fj\u00f6lbreytt a\u00f0 efni og ger\u00f0, flest ort undir hef\u00f0bundnum bragarh\u00e1ttum, \u00fe\u00f3tt frj\u00e1lsara form komi ei"}},"product_brand":[],"product_cat":[83],"product_tag":[],"class_list":{"0":"post-7098","1":"product","2":"type-product","3":"status-publish","4":"has-post-thumbnail","6":"product_cat-books","7":"product_shipping_class-small-en","9":"first","10":"instock","11":"purchasable","12":"product-type-simple"},"_links":{"self":[{"href":"https:\/\/kindart.is\/en\/wp-json\/wp\/v2\/product\/7098","targetHints":{"allow":["GET"]}}],"collection":[{"href":"https:\/\/kindart.is\/en\/wp-json\/wp\/v2\/product"}],"about":[{"href":"https:\/\/kindart.is\/en\/wp-json\/wp\/v2\/types\/product"}],"wp:featuredmedia":[{"embeddable":true,"href":"https:\/\/kindart.is\/en\/wp-json\/wp\/v2\/media\/7092"}],"wp:attachment":[{"href":"https:\/\/kindart.is\/en\/wp-json\/wp\/v2\/media?parent=7098"}],"wp:term":[{"taxonomy":"product_brand","embeddable":true,"href":"https:\/\/kindart.is\/en\/wp-json\/wp\/v2\/product_brand?post=7098"},{"taxonomy":"product_cat","embeddable":true,"href":"https:\/\/kindart.is\/en\/wp-json\/wp\/v2\/product_cat?post=7098"},{"taxonomy":"product_tag","embeddable":true,"href":"https:\/\/kindart.is\/en\/wp-json\/wp\/v2\/product_tag?post=7098"}],"curies":[{"name":"wp","href":"https:\/\/api.w.org\/{rel}","templated":true}]}}