{"id":7105,"date":"2023-05-21T13:40:37","date_gmt":"2023-05-21T13:40:37","guid":{"rendered":"https:\/\/kindart.is\/product\/himalajaforin\/"},"modified":"2023-05-21T13:40:37","modified_gmt":"2023-05-21T13:40:37","slug":"himalajaforin","status":"publish","type":"product","link":"https:\/\/kindart.is\/en\/vara\/himalajaforin\/","title":{"rendered":"Himalajaf\u00f6rin"},"content":{"rendered":"<p><strong>Himalajaf\u00f6rin<\/strong> eftir Hans Queling, \u00de\u00fddd af J\u00f3hannesi \u00far K\u00f6tlum og Sigur\u00f0i Thorlacius. \u00darval \u00far heimsb\u00f3kmenntum barna og unglinga. V. Gefi\u00f0 \u00fat me\u00f0 me\u00f0m\u00e6lum sk\u00f3lar\u00e1\u00f0s barnask\u00f3lanna. B\u00f3kin er bundin \u00ed gr\u00e6nt shirtings-alband.<\/p>\n<p><strong>\u00datg\u00e1fa og prentun<\/strong>:<br \/>\n\u00deorsteinn M. J\u00f3nsson 1938. Akureyri. Prentverk Odds Bj\u00f6rnssonar 1937.<\/p>\n","protected":false},"excerpt":{"rendered":"<p>Himalajaf\u00f6rin eftir Hans Queling, \u00de\u00fddd af J\u00f3hannesi \u00far K\u00f6tlum og Sigur\u00f0i Thorlacius. \u00darval \u00far heimsb\u00f3kmenntum barna og unglinga. V. Gefi\u00f0 \u00fat me\u00f0 me\u00f0m\u00e6lum sk\u00f3lar\u00e1\u00f0s barnask\u00f3lanna. B\u00f3kin er bundin \u00ed gr\u00e6nt shirtings-alband. \u00datg\u00e1fa og prentun: \u00deorsteinn M. J\u00f3nsson 1938. Akureyri. Prentverk Odds Bj\u00f6rnssonar 1937.<\/p>\n","protected":false},"featured_media":7101,"template":"","meta":{"slim_seo":{"title":"Himalajaf\u00f6rin - KindArt","description":"Himalajaf\u00f6rin eftir Hans Queling, \u00de\u00fddd af J\u00f3hannesi \u00far K\u00f6tlum og Sigur\u00f0i Thorlacius. \u00darval \u00far heimsb\u00f3kmenntum barna og unglinga. V. Gefi\u00f0 \u00fat me\u00f0 me\u00f0m\u00e6lum sk\u00f3lar"}},"product_brand":[],"product_cat":[83],"product_tag":[],"class_list":{"0":"post-7105","1":"product","2":"type-product","3":"status-publish","4":"has-post-thumbnail","6":"product_cat-books","7":"product_shipping_class-small-en","9":"first","10":"instock","11":"purchasable","12":"product-type-simple"},"_links":{"self":[{"href":"https:\/\/kindart.is\/en\/wp-json\/wp\/v2\/product\/7105","targetHints":{"allow":["GET"]}}],"collection":[{"href":"https:\/\/kindart.is\/en\/wp-json\/wp\/v2\/product"}],"about":[{"href":"https:\/\/kindart.is\/en\/wp-json\/wp\/v2\/types\/product"}],"wp:featuredmedia":[{"embeddable":true,"href":"https:\/\/kindart.is\/en\/wp-json\/wp\/v2\/media\/7101"}],"wp:attachment":[{"href":"https:\/\/kindart.is\/en\/wp-json\/wp\/v2\/media?parent=7105"}],"wp:term":[{"taxonomy":"product_brand","embeddable":true,"href":"https:\/\/kindart.is\/en\/wp-json\/wp\/v2\/product_brand?post=7105"},{"taxonomy":"product_cat","embeddable":true,"href":"https:\/\/kindart.is\/en\/wp-json\/wp\/v2\/product_cat?post=7105"},{"taxonomy":"product_tag","embeddable":true,"href":"https:\/\/kindart.is\/en\/wp-json\/wp\/v2\/product_tag?post=7105"}],"curies":[{"name":"wp","href":"https:\/\/api.w.org\/{rel}","templated":true}]}}