{"id":7119,"date":"2023-05-21T13:50:46","date_gmt":"2023-05-21T13:50:46","guid":{"rendered":"https:\/\/kindart.is\/product\/allt-kann-sa-er-bida-kann\/"},"modified":"2023-05-21T13:50:46","modified_gmt":"2023-05-21T13:50:46","slug":"allt-kann-sa-er-bida-kann","status":"publish","type":"product","link":"https:\/\/kindart.is\/en\/vara\/allt-kann-sa-er-bida-kann\/","title":{"rendered":"Allt kann s\u00e1 er b\u00ed\u00f0a kann"},"content":{"rendered":"<p><strong>Allt kann s\u00e1 er b\u00ed\u00f0a kann<\/strong> er \u00e6visaga Sveins R. Eyj\u00f3lfssonar skr\u00e1\u00f0 af Silju A\u00f0alsteinsd\u00f3ttur. Sveinn stofna\u00f0i Dagbla\u00f0i\u00f0, DV, V\u00edsir.is og Fr\u00e9ttabla\u00f0i\u00f0 og hann \u00e1tti um t\u00edma meirihlutann \u00ed Frj\u00e1lsri fj\u00f6lmi\u00f0lun sem var eitt mesta fj\u00f6lmi\u00f0laveldi landsins.<\/p>\n<p><strong>\u00datg\u00e1fa og prentun<\/strong>:<br \/>\nM\u00e1l og menning Forlagi\u00f0, Reykjav\u00edk 2017. Prentun: Bookwell Digital Oy Finnlandi.<\/p>\n","protected":false},"excerpt":{"rendered":"<p>Allt kann s\u00e1 er b\u00ed\u00f0a kann er \u00e6visaga Sveins R. Eyj\u00f3lfssonar skr\u00e1\u00f0 af Silju A\u00f0alsteinsd\u00f3ttur. Sveinn stofna\u00f0i Dagbla\u00f0i\u00f0, DV, V\u00edsir.is og Fr\u00e9ttabla\u00f0i\u00f0 og hann \u00e1tti um t\u00edma meirihlutann \u00ed Frj\u00e1lsri fj\u00f6lmi\u00f0lun sem var eitt mesta fj\u00f6lmi\u00f0laveldi landsins. \u00datg\u00e1fa og prentun: M\u00e1l og menning Forlagi\u00f0, Reykjav\u00edk 2017. Prentun: Bookwell Digital Oy Finnlandi.<\/p>\n","protected":false},"featured_media":7114,"template":"","meta":{"slim_seo":{"title":"Allt kann s\u00e1 er b\u00ed\u00f0a kann - KindArt","description":"Allt kann s\u00e1 er b\u00ed\u00f0a kann er \u00e6visaga Sveins R. Eyj\u00f3lfssonar skr\u00e1\u00f0 af Silju A\u00f0alsteinsd\u00f3ttur. Sveinn stofna\u00f0i Dagbla\u00f0i\u00f0, DV, V\u00edsir.is og Fr\u00e9ttabla\u00f0i\u00f0 og hann \u00e1tt"}},"product_brand":[],"product_cat":[83],"product_tag":[],"class_list":{"0":"post-7119","1":"product","2":"type-product","3":"status-publish","4":"has-post-thumbnail","6":"product_cat-books","7":"product_shipping_class-small-en","9":"first","10":"instock","11":"purchasable","12":"product-type-simple"},"_links":{"self":[{"href":"https:\/\/kindart.is\/en\/wp-json\/wp\/v2\/product\/7119","targetHints":{"allow":["GET"]}}],"collection":[{"href":"https:\/\/kindart.is\/en\/wp-json\/wp\/v2\/product"}],"about":[{"href":"https:\/\/kindart.is\/en\/wp-json\/wp\/v2\/types\/product"}],"wp:featuredmedia":[{"embeddable":true,"href":"https:\/\/kindart.is\/en\/wp-json\/wp\/v2\/media\/7114"}],"wp:attachment":[{"href":"https:\/\/kindart.is\/en\/wp-json\/wp\/v2\/media?parent=7119"}],"wp:term":[{"taxonomy":"product_brand","embeddable":true,"href":"https:\/\/kindart.is\/en\/wp-json\/wp\/v2\/product_brand?post=7119"},{"taxonomy":"product_cat","embeddable":true,"href":"https:\/\/kindart.is\/en\/wp-json\/wp\/v2\/product_cat?post=7119"},{"taxonomy":"product_tag","embeddable":true,"href":"https:\/\/kindart.is\/en\/wp-json\/wp\/v2\/product_tag?post=7119"}],"curies":[{"name":"wp","href":"https:\/\/api.w.org\/{rel}","templated":true}]}}