{"id":7125,"date":"2023-05-21T13:54:11","date_gmt":"2023-05-21T13:54:11","guid":{"rendered":"https:\/\/kindart.is\/product\/alftirnar-kvaka\/"},"modified":"2023-05-21T13:54:11","modified_gmt":"2023-05-21T13:54:11","slug":"alftirnar-kvaka","status":"publish","type":"product","link":"https:\/\/kindart.is\/en\/vara\/alftirnar-kvaka\/","title":{"rendered":"\u00c1lftirnar kvaka"},"content":{"rendered":"<p><strong>\u00c1lftirnar kvaka<\/strong>, \u00f6nnur lj\u00f3\u00f0ab\u00f3k J\u00f3hannesar \u00far K\u00f6tlum. \u00deessi b\u00f3k er \u00f3bundin, 118 bls. \u00ed lausum \u00f6rkum. 8 arkir. St\u00e6r\u00f0: 19.3 X 12 cm.<\/p>\n<p><strong>\u00datg\u00e1fa og prentun<\/strong>:<br \/>\n\u00datgefanda ekki geti\u00f0. Reykjav\u00edk 1929. Prentsmi\u00f0jan Acta.<\/p>\n","protected":false},"excerpt":{"rendered":"<p>\u00c1lftirnar kvaka, \u00f6nnur lj\u00f3\u00f0ab\u00f3k J\u00f3hannesar \u00far K\u00f6tlum. \u00deessi b\u00f3k er \u00f3bundin, 118 bls. \u00ed lausum \u00f6rkum. 8 arkir. St\u00e6r\u00f0: 19.3 X 12 cm. \u00datg\u00e1fa og prentun: \u00datgefanda ekki geti\u00f0. Reykjav\u00edk 1929. Prentsmi\u00f0jan Acta.<\/p>\n","protected":false},"featured_media":7122,"template":"","meta":{"slim_seo":{"title":"\u00c1lftirnar kvaka - KindArt","description":"\u00c1lftirnar kvaka , \u00f6nnur lj\u00f3\u00f0ab\u00f3k J\u00f3hannesar \u00far K\u00f6tlum. \u00deessi b\u00f3k er \u00f3bundin, 118 bls. \u00ed lausum \u00f6rkum. 8 arkir. St\u00e6r\u00f0: 19.3 X 12 cm. \u00datg\u00e1fa og prentun : \u00datgefand"}},"product_brand":[],"product_cat":[83],"product_tag":[],"class_list":{"0":"post-7125","1":"product","2":"type-product","3":"status-publish","4":"has-post-thumbnail","6":"product_cat-books","7":"product_shipping_class-small-en","9":"first","10":"outofstock","11":"purchasable","12":"product-type-simple"},"_links":{"self":[{"href":"https:\/\/kindart.is\/en\/wp-json\/wp\/v2\/product\/7125","targetHints":{"allow":["GET"]}}],"collection":[{"href":"https:\/\/kindart.is\/en\/wp-json\/wp\/v2\/product"}],"about":[{"href":"https:\/\/kindart.is\/en\/wp-json\/wp\/v2\/types\/product"}],"wp:featuredmedia":[{"embeddable":true,"href":"https:\/\/kindart.is\/en\/wp-json\/wp\/v2\/media\/7122"}],"wp:attachment":[{"href":"https:\/\/kindart.is\/en\/wp-json\/wp\/v2\/media?parent=7125"}],"wp:term":[{"taxonomy":"product_brand","embeddable":true,"href":"https:\/\/kindart.is\/en\/wp-json\/wp\/v2\/product_brand?post=7125"},{"taxonomy":"product_cat","embeddable":true,"href":"https:\/\/kindart.is\/en\/wp-json\/wp\/v2\/product_cat?post=7125"},{"taxonomy":"product_tag","embeddable":true,"href":"https:\/\/kindart.is\/en\/wp-json\/wp\/v2\/product_tag?post=7125"}],"curies":[{"name":"wp","href":"https:\/\/api.w.org\/{rel}","templated":true}]}}