{"id":7133,"date":"2023-05-27T09:19:56","date_gmt":"2023-05-27T09:19:56","guid":{"rendered":"https:\/\/kindart.is\/product\/byggdasafn-vestfjarda\/"},"modified":"2023-05-27T09:19:56","modified_gmt":"2023-05-27T09:19:56","slug":"byggdasafn-vestfjarda","status":"publish","type":"product","link":"https:\/\/kindart.is\/en\/vara\/byggdasafn-vestfjarda\/","title":{"rendered":"Bygg\u00f0asafn Vestfjar\u00f0a"},"content":{"rendered":"<p><strong>Bygg\u00f0asafn Vestfjar\u00f0a<\/strong>, S\u00fdningarskr\u00e1. Sj\u00f3minjar \u00ed Turnh\u00fasinu Ne\u00f0stakaupsta\u00f0 \u00cdsafir\u00f0i. Skr\u00e1in er v\u00edrheft me\u00f0 tveimur kl\u00f6mmum \u00e1 kj\u00f6l. Kartonk\u00e1pa. St\u00e6r\u00f0: 24.4 X 21 cm, skorin, 38 bls.<\/p>\n<p><strong>\u00datg\u00e1fa og prentun<\/strong>:<br \/>\nBygg\u00f0asafn Vestfjar\u00f0a 1989 \u00cdsafj\u00f6r\u00f0ur. Prentun: Graf\u00edkt\u00e6kni \u00cdsafir\u00f0i.<\/p>\n","protected":false},"excerpt":{"rendered":"<p>Bygg\u00f0asafn Vestfjar\u00f0a, S\u00fdningarskr\u00e1. Sj\u00f3minjar \u00ed Turnh\u00fasinu Ne\u00f0stakaupsta\u00f0 \u00cdsafir\u00f0i. Skr\u00e1in er v\u00edrheft me\u00f0 tveimur kl\u00f6mmum \u00e1 kj\u00f6l. Kartonk\u00e1pa. St\u00e6r\u00f0: 24.4 X 21 cm, skorin, 38 bls. \u00datg\u00e1fa og prentun: Bygg\u00f0asafn Vestfjar\u00f0a 1989 \u00cdsafj\u00f6r\u00f0ur. Prentun: Graf\u00edkt\u00e6kni \u00cdsafir\u00f0i.<\/p>\n","protected":false},"featured_media":7130,"template":"","meta":{"slim_seo":{"title":"Bygg\u00f0asafn Vestfjar\u00f0a - KindArt","description":"Bygg\u00f0asafn Vestfjar\u00f0a , S\u00fdningarskr\u00e1. Sj\u00f3minjar \u00ed Turnh\u00fasinu Ne\u00f0stakaupsta\u00f0 \u00cdsafir\u00f0i. Skr\u00e1in er v\u00edrheft me\u00f0 tveimur kl\u00f6mmum \u00e1 kj\u00f6l. Kartonk\u00e1pa. St\u00e6r\u00f0: 24.4 X 21"}},"product_brand":[],"product_cat":[83],"product_tag":[],"class_list":{"0":"post-7133","1":"product","2":"type-product","3":"status-publish","4":"has-post-thumbnail","6":"product_cat-books","7":"product_shipping_class-small-en","9":"first","10":"instock","11":"purchasable","12":"product-type-simple"},"_links":{"self":[{"href":"https:\/\/kindart.is\/en\/wp-json\/wp\/v2\/product\/7133","targetHints":{"allow":["GET"]}}],"collection":[{"href":"https:\/\/kindart.is\/en\/wp-json\/wp\/v2\/product"}],"about":[{"href":"https:\/\/kindart.is\/en\/wp-json\/wp\/v2\/types\/product"}],"wp:featuredmedia":[{"embeddable":true,"href":"https:\/\/kindart.is\/en\/wp-json\/wp\/v2\/media\/7130"}],"wp:attachment":[{"href":"https:\/\/kindart.is\/en\/wp-json\/wp\/v2\/media?parent=7133"}],"wp:term":[{"taxonomy":"product_brand","embeddable":true,"href":"https:\/\/kindart.is\/en\/wp-json\/wp\/v2\/product_brand?post=7133"},{"taxonomy":"product_cat","embeddable":true,"href":"https:\/\/kindart.is\/en\/wp-json\/wp\/v2\/product_cat?post=7133"},{"taxonomy":"product_tag","embeddable":true,"href":"https:\/\/kindart.is\/en\/wp-json\/wp\/v2\/product_tag?post=7133"}],"curies":[{"name":"wp","href":"https:\/\/api.w.org\/{rel}","templated":true}]}}