{"id":7137,"date":"2023-05-27T09:25:50","date_gmt":"2023-05-27T09:25:50","guid":{"rendered":"https:\/\/kindart.is\/product\/saga-landsmota-umfi-1909-1990\/"},"modified":"2023-05-27T09:25:50","modified_gmt":"2023-05-27T09:25:50","slug":"saga-landsmota-umfi-1909-1990","status":"publish","type":"product","link":"https:\/\/kindart.is\/en\/vara\/saga-landsmota-umfi-1909-1990\/","title":{"rendered":"Saga landsm\u00f3ta UMF\u00cd 1909 \u2013 1990"},"content":{"rendered":"<p><strong>Saga landsm\u00f3ta UMF\u00cd 1909 \u2013 1990<\/strong> eftir Vi\u00f0ar Hreinsson, J\u00f3n Torfason og H\u00f6skuld \u00der\u00e1insson. B\u00f3kin er bundin \u00ed forlagsband, svart gerviefni (plast) alband og me\u00f0 hl\u00edf\u00f0ark\u00e1pu utan um. St\u00e6r\u00f0: 30.3 X 21.2 cm og 544 bls.<\/p>\n<p><strong>\u00datg\u00e1fa og prentun<\/strong>:<br \/>\n\u00datgefendur: J\u00f3hann og Sigur\u00f0ur Vi\u00f0ar Sigmundsson Rekjav\u00edk 1992. Prentun: Frj\u00e1ls fj\u00f6lmi\u00f0lun.<\/p>\n","protected":false},"excerpt":{"rendered":"<p>Saga landsm\u00f3ta UMF\u00cd 1909 \u2013 1990 eftir Vi\u00f0ar Hreinsson, J\u00f3n Torfason og H\u00f6skuld \u00der\u00e1insson. B\u00f3kin er bundin \u00ed forlagsband, svart gerviefni (plast) alband og me\u00f0 hl\u00edf\u00f0ark\u00e1pu utan um. St\u00e6r\u00f0: 30.3 X 21.2 cm og 544 bls. \u00datg\u00e1fa og prentun: \u00datgefendur: J\u00f3hann og Sigur\u00f0ur Vi\u00f0ar Sigmundsson Rekjav\u00edk 1992. Prentun: Frj\u00e1ls fj\u00f6lmi\u00f0lun.<\/p>\n","protected":false},"featured_media":7136,"template":"","meta":{"slim_seo":{"title":"Saga landsm\u00f3ta UMF\u00cd 1909 \u2013 1990 - KindArt","description":"Saga landsm\u00f3ta UMF\u00cd 1909 \u2013 1990 eftir Vi\u00f0ar Hreinsson, J\u00f3n Torfason og H\u00f6skuld \u00der\u00e1insson. B\u00f3kin er bundin \u00ed forlagsband, svart gerviefni (plast) alband og me\u00f0 h"}},"product_brand":[],"product_cat":[83],"product_tag":[],"class_list":{"0":"post-7137","1":"product","2":"type-product","3":"status-publish","4":"has-post-thumbnail","6":"product_cat-books","7":"product_shipping_class-small-en","9":"first","10":"instock","11":"purchasable","12":"product-type-simple"},"_links":{"self":[{"href":"https:\/\/kindart.is\/en\/wp-json\/wp\/v2\/product\/7137","targetHints":{"allow":["GET"]}}],"collection":[{"href":"https:\/\/kindart.is\/en\/wp-json\/wp\/v2\/product"}],"about":[{"href":"https:\/\/kindart.is\/en\/wp-json\/wp\/v2\/types\/product"}],"wp:featuredmedia":[{"embeddable":true,"href":"https:\/\/kindart.is\/en\/wp-json\/wp\/v2\/media\/7136"}],"wp:attachment":[{"href":"https:\/\/kindart.is\/en\/wp-json\/wp\/v2\/media?parent=7137"}],"wp:term":[{"taxonomy":"product_brand","embeddable":true,"href":"https:\/\/kindart.is\/en\/wp-json\/wp\/v2\/product_brand?post=7137"},{"taxonomy":"product_cat","embeddable":true,"href":"https:\/\/kindart.is\/en\/wp-json\/wp\/v2\/product_cat?post=7137"},{"taxonomy":"product_tag","embeddable":true,"href":"https:\/\/kindart.is\/en\/wp-json\/wp\/v2\/product_tag?post=7137"}],"curies":[{"name":"wp","href":"https:\/\/api.w.org\/{rel}","templated":true}]}}