{"id":7145,"date":"2023-05-27T09:30:58","date_gmt":"2023-05-27T09:30:58","guid":{"rendered":"https:\/\/kindart.is\/product\/thorir-baldvinsson-arkitekt\/"},"modified":"2023-05-27T09:30:58","modified_gmt":"2023-05-27T09:30:58","slug":"thorir-baldvinsson-arkitekt","status":"publish","type":"product","link":"https:\/\/kindart.is\/en\/vara\/thorir-baldvinsson-arkitekt\/","title":{"rendered":"\u00de\u00f3rir Baldvinsson arkitekt"},"content":{"rendered":"<p><strong>\u00de\u00f3rir Baldvinsson arkitekt<\/strong>. B\u00f3k me\u00f0 myndum af verkum hans. Form\u00e1li eftir P\u00e9tur H. \u00c1rmannsson. B\u00f3kin er \u00feverheft me\u00f0 \u00feremur kl\u00f6mmum \u00e1 kj\u00f6linn og l\u00edmd \u00ed kartonk\u00e1pu. Skorin ofan, ne\u00f0an og framan. St\u00e6r\u00f0: 26.8 X 20.6 cm og 65 bls. Flestar myndirnar eru teknar af \u00dalfi Kolka nema mynd \u00ed form\u00e1la af samvinnub\u00fast\u00f6\u00f0um sem er tekin af Vigf\u00fasi Sigurgeirssyni. H\u00f6nnun og umbrot b\u00f3kar: \u00dalfur Kolka.<\/p>\n<p><strong>\u00datg\u00e1fa og prentun<\/strong>:<br \/>\n\u00datgefanda er ekki geti\u00f0. 2008 Reykjav\u00edk. Prentun: Pixel.<\/p>\n","protected":false},"excerpt":{"rendered":"<p>\u00de\u00f3rir Baldvinsson arkitekt. B\u00f3k me\u00f0 myndum af verkum hans. Form\u00e1li eftir P\u00e9tur H. \u00c1rmannsson. B\u00f3kin er \u00feverheft me\u00f0 \u00feremur kl\u00f6mmum \u00e1 kj\u00f6linn og l\u00edmd \u00ed kartonk\u00e1pu. Skorin ofan, ne\u00f0an og framan. St\u00e6r\u00f0: 26.8 X 20.6 cm og 65 bls. Flestar myndirnar eru teknar af \u00dalfi Kolka nema mynd \u00ed form\u00e1la af samvinnub\u00fast\u00f6\u00f0um sem er tekin [&hellip;]<\/p>\n","protected":false},"featured_media":7141,"template":"","meta":{"slim_seo":{"title":"\u00de\u00f3rir Baldvinsson arkitekt - KindArt","description":"\u00de\u00f3rir Baldvinsson arkitekt . B\u00f3k me\u00f0 myndum af verkum hans. Form\u00e1li eftir P\u00e9tur H. \u00c1rmannsson. B\u00f3kin er \u00feverheft me\u00f0 \u00feremur kl\u00f6mmum \u00e1 kj\u00f6linn og l\u00edmd \u00ed kartonk\u00e1"}},"product_brand":[],"product_cat":[83],"product_tag":[],"class_list":{"0":"post-7145","1":"product","2":"type-product","3":"status-publish","4":"has-post-thumbnail","6":"product_cat-books","7":"product_shipping_class-small-en","9":"first","10":"outofstock","11":"purchasable","12":"product-type-simple"},"_links":{"self":[{"href":"https:\/\/kindart.is\/en\/wp-json\/wp\/v2\/product\/7145","targetHints":{"allow":["GET"]}}],"collection":[{"href":"https:\/\/kindart.is\/en\/wp-json\/wp\/v2\/product"}],"about":[{"href":"https:\/\/kindart.is\/en\/wp-json\/wp\/v2\/types\/product"}],"wp:featuredmedia":[{"embeddable":true,"href":"https:\/\/kindart.is\/en\/wp-json\/wp\/v2\/media\/7141"}],"wp:attachment":[{"href":"https:\/\/kindart.is\/en\/wp-json\/wp\/v2\/media?parent=7145"}],"wp:term":[{"taxonomy":"product_brand","embeddable":true,"href":"https:\/\/kindart.is\/en\/wp-json\/wp\/v2\/product_brand?post=7145"},{"taxonomy":"product_cat","embeddable":true,"href":"https:\/\/kindart.is\/en\/wp-json\/wp\/v2\/product_cat?post=7145"},{"taxonomy":"product_tag","embeddable":true,"href":"https:\/\/kindart.is\/en\/wp-json\/wp\/v2\/product_tag?post=7145"}],"curies":[{"name":"wp","href":"https:\/\/api.w.org\/{rel}","templated":true}]}}