{"id":7164,"date":"2023-05-27T14:53:38","date_gmt":"2023-05-27T14:53:38","guid":{"rendered":"https:\/\/kindart.is\/product\/flugur\/"},"modified":"2023-05-27T14:53:38","modified_gmt":"2023-05-27T14:53:38","slug":"flugur","status":"publish","type":"product","link":"https:\/\/kindart.is\/en\/vara\/flugur\/","title":{"rendered":"Flugur"},"content":{"rendered":"<p><strong>Flugur.<\/strong> Sm\u00e1\u00fe\u00e6ttir (\u00f6rs\u00f6gur) eftir J\u00f3n Thoroddsen sk\u00e1ld me\u00f0 \u00e1ritun fr\u00e1 Theod\u00f3ru Thoroddsen til J\u00f3hannesar \u00far K\u00f6tlum. Aftast \u00ed b\u00f3kinni er leikriti\u00f0 Vana \u00ed einum \u00fe\u00e6tti og eru pers\u00f3nur: Sveg\u00f0ir Uppsalakonungur, Vana drottning og Yngvi, \u00fej\u00f3nn drottningar en s\u00f6gusvi\u00f0i\u00f0 er \u00ed Nor\u00f0urt-Sv\u00ed\u00fej\u00f3\u00f0 \u00ed forneskju. B\u00f3kin er 16.1 X 11 cm a\u00f0 st\u00e6r\u00f0, l\u00e9ttsaumu\u00f0 og fest \u00ed br\u00fana kartonk\u00e1pu me\u00f0 l\u00edmi. 53 bls.<\/p>\n<p><strong>\u00datg\u00e1fa og prentun<\/strong>:<br \/>\n\u00datgefanda er ekki geti\u00f0, Reykjav\u00edk 1922. F\u00e9lagsprentsmi\u00f0jan.<\/p>\n<p>Forngripur.<\/p>\n","protected":false},"excerpt":{"rendered":"<p>Flugur. Sm\u00e1\u00fe\u00e6ttir (\u00f6rs\u00f6gur) eftir J\u00f3n Thoroddsen sk\u00e1ld me\u00f0 \u00e1ritun fr\u00e1 Theod\u00f3ru Thoroddsen til J\u00f3hannesar \u00far K\u00f6tlum. Aftast \u00ed b\u00f3kinni er leikriti\u00f0 Vana \u00ed einum \u00fe\u00e6tti og eru pers\u00f3nur: Sveg\u00f0ir Uppsalakonungur, Vana drottning og Yngvi, \u00fej\u00f3nn drottningar en s\u00f6gusvi\u00f0i\u00f0 er \u00ed Nor\u00f0urt-Sv\u00ed\u00fej\u00f3\u00f0 \u00ed forneskju. B\u00f3kin er 16.1 X 11 cm a\u00f0 st\u00e6r\u00f0, l\u00e9ttsaumu\u00f0 og fest \u00ed [&hellip;]<\/p>\n","protected":false},"featured_media":7156,"template":"","meta":{"slim_seo":{"title":"Flugur - KindArt","description":"Flugur. Sm\u00e1\u00fe\u00e6ttir (\u00f6rs\u00f6gur) eftir J\u00f3n Thoroddsen sk\u00e1ld me\u00f0 \u00e1ritun fr\u00e1 Theod\u00f3ru Thoroddsen til J\u00f3hannesar \u00far K\u00f6tlum. Aftast \u00ed b\u00f3kinni er leikriti\u00f0 Vana \u00ed einum \u00fe"}},"product_brand":[],"product_cat":[83],"product_tag":[],"class_list":{"0":"post-7164","1":"product","2":"type-product","3":"status-publish","4":"has-post-thumbnail","6":"product_cat-books","7":"product_shipping_class-small-en","9":"first","10":"instock","11":"purchasable","12":"product-type-simple"},"_links":{"self":[{"href":"https:\/\/kindart.is\/en\/wp-json\/wp\/v2\/product\/7164","targetHints":{"allow":["GET"]}}],"collection":[{"href":"https:\/\/kindart.is\/en\/wp-json\/wp\/v2\/product"}],"about":[{"href":"https:\/\/kindart.is\/en\/wp-json\/wp\/v2\/types\/product"}],"wp:featuredmedia":[{"embeddable":true,"href":"https:\/\/kindart.is\/en\/wp-json\/wp\/v2\/media\/7156"}],"wp:attachment":[{"href":"https:\/\/kindart.is\/en\/wp-json\/wp\/v2\/media?parent=7164"}],"wp:term":[{"taxonomy":"product_brand","embeddable":true,"href":"https:\/\/kindart.is\/en\/wp-json\/wp\/v2\/product_brand?post=7164"},{"taxonomy":"product_cat","embeddable":true,"href":"https:\/\/kindart.is\/en\/wp-json\/wp\/v2\/product_cat?post=7164"},{"taxonomy":"product_tag","embeddable":true,"href":"https:\/\/kindart.is\/en\/wp-json\/wp\/v2\/product_tag?post=7164"}],"curies":[{"name":"wp","href":"https:\/\/api.w.org\/{rel}","templated":true}]}}