{"id":7171,"date":"2023-05-27T14:57:36","date_gmt":"2023-05-27T14:57:36","guid":{"rendered":"https:\/\/kindart.is\/product\/maria-magdalena\/"},"modified":"2023-05-27T14:57:36","modified_gmt":"2023-05-27T14:57:36","slug":"maria-magdalena","status":"publish","type":"product","link":"https:\/\/kindart.is\/en\/vara\/maria-magdalena\/","title":{"rendered":"Mar\u00eda Magdalena"},"content":{"rendered":"<p><strong>Mar\u00eda Magdalena<\/strong> leikrit \u00ed \u00ferem \u00fe\u00e1ttum eftir J\u00f3n Thoroddsen sk\u00e1ld me\u00f0 \u00e1ritun fr\u00e1 Theod\u00f3ru Thoroddsen til J\u00f3hannesar \u00far K\u00f6tlum. B\u00f3kin er 15.7 X 10.3 cm a\u00f0 st\u00e6r\u00f0, l\u00e9ttsaumu\u00f0 og fest \u00ed br\u00fana kartonk\u00e1pu me\u00f0 l\u00edmi. 64 bls. B\u00f3kin er r\u00famlega 100 \u00e1ra gamall forngripur.<\/p>\n<p><strong>\u00datg\u00e1fa og prentun<\/strong>:<br \/>\n\u00datgefanda er ekki geti\u00f0, Reykjav\u00edk 1922. F\u00e9lagsprentsmi\u00f0jan.<\/p>\n<p>Forngripur.<\/p>\n","protected":false},"excerpt":{"rendered":"<p>Mar\u00eda Magdalena leikrit \u00ed \u00ferem \u00fe\u00e1ttum eftir J\u00f3n Thoroddsen sk\u00e1ld me\u00f0 \u00e1ritun fr\u00e1 Theod\u00f3ru Thoroddsen til J\u00f3hannesar \u00far K\u00f6tlum. B\u00f3kin er 15.7 X 10.3 cm a\u00f0 st\u00e6r\u00f0, l\u00e9ttsaumu\u00f0 og fest \u00ed br\u00fana kartonk\u00e1pu me\u00f0 l\u00edmi. 64 bls. B\u00f3kin er r\u00famlega 100 \u00e1ra gamall forngripur. \u00datg\u00e1fa og prentun: \u00datgefanda er ekki geti\u00f0, Reykjav\u00edk 1922. F\u00e9lagsprentsmi\u00f0jan. Forngripur.<\/p>\n","protected":false},"featured_media":7167,"template":"","meta":{"slim_seo":{"title":"Mar\u00eda Magdalena - KindArt","description":"Mar\u00eda Magdalena leikrit \u00ed \u00ferem \u00fe\u00e1ttum eftir J\u00f3n Thoroddsen sk\u00e1ld me\u00f0 \u00e1ritun fr\u00e1 Theod\u00f3ru Thoroddsen til J\u00f3hannesar \u00far K\u00f6tlum. B\u00f3kin er 15.7 X 10.3 cm a\u00f0 st\u00e6r\u00f0,"}},"product_brand":[],"product_cat":[83],"product_tag":[],"class_list":{"0":"post-7171","1":"product","2":"type-product","3":"status-publish","4":"has-post-thumbnail","6":"product_cat-books","7":"product_shipping_class-small-en","9":"first","10":"instock","11":"purchasable","12":"product-type-simple"},"_links":{"self":[{"href":"https:\/\/kindart.is\/en\/wp-json\/wp\/v2\/product\/7171","targetHints":{"allow":["GET"]}}],"collection":[{"href":"https:\/\/kindart.is\/en\/wp-json\/wp\/v2\/product"}],"about":[{"href":"https:\/\/kindart.is\/en\/wp-json\/wp\/v2\/types\/product"}],"wp:featuredmedia":[{"embeddable":true,"href":"https:\/\/kindart.is\/en\/wp-json\/wp\/v2\/media\/7167"}],"wp:attachment":[{"href":"https:\/\/kindart.is\/en\/wp-json\/wp\/v2\/media?parent=7171"}],"wp:term":[{"taxonomy":"product_brand","embeddable":true,"href":"https:\/\/kindart.is\/en\/wp-json\/wp\/v2\/product_brand?post=7171"},{"taxonomy":"product_cat","embeddable":true,"href":"https:\/\/kindart.is\/en\/wp-json\/wp\/v2\/product_cat?post=7171"},{"taxonomy":"product_tag","embeddable":true,"href":"https:\/\/kindart.is\/en\/wp-json\/wp\/v2\/product_tag?post=7171"}],"curies":[{"name":"wp","href":"https:\/\/api.w.org\/{rel}","templated":true}]}}