{"id":7179,"date":"2023-05-27T15:01:49","date_gmt":"2023-05-27T15:01:49","guid":{"rendered":"https:\/\/kindart.is\/product\/stener-for-brod\/"},"modified":"2023-05-27T15:01:49","modified_gmt":"2023-05-27T15:01:49","slug":"stener-for-brod","status":"publish","type":"product","link":"https:\/\/kindart.is\/en\/vara\/stener-for-brod\/","title":{"rendered":"Stener for br\u00f6d"},"content":{"rendered":"<p><strong>Stener for br\u00f6d<\/strong>, Lj\u00f3\u00f0 eftir norska h\u00f6fundinn Olaf Olsen Lehne me\u00f0 \u00e1letrun h\u00f6fundar til \u00edslenskra byltingar- og verkal\u00fd\u00f0sh\u00f6funda. B\u00f3kin er \u00far b\u00f3kasafni J\u00f3hannesar \u00far K\u00f6tlum. B\u00f3kin er saumu\u00f0 og heft \u00ed gula kartonk\u00e1pu me\u00f0 mynd af legsteini framan\u00e1. St\u00e6r\u00f0: 19.5 X 14.5 cm og 44 bls.<\/p>\n<p><strong>\u00datg\u00e1fa og prentun<\/strong>:<br \/>\nEgi\u00f0 forlag \u2013 Olav Olsen Lehne Uelandsgt.61 Oslo 1932. Bech Trykkeri, Torvet 8 Oslo.<\/p>\n","protected":false},"excerpt":{"rendered":"<p>Stener for br\u00f6d, Lj\u00f3\u00f0 eftir norska h\u00f6fundinn Olaf Olsen Lehne me\u00f0 \u00e1letrun h\u00f6fundar til \u00edslenskra byltingar- og verkal\u00fd\u00f0sh\u00f6funda. B\u00f3kin er \u00far b\u00f3kasafni J\u00f3hannesar \u00far K\u00f6tlum. B\u00f3kin er saumu\u00f0 og heft \u00ed gula kartonk\u00e1pu me\u00f0 mynd af legsteini framan\u00e1. St\u00e6r\u00f0: 19.5 X 14.5 cm og 44 bls. \u00datg\u00e1fa og prentun: Egi\u00f0 forlag \u2013 Olav Olsen Lehne [&hellip;]<\/p>\n","protected":false},"featured_media":7174,"template":"","meta":{"slim_seo":{"title":"Stener for br\u00f6d - KindArt","description":"Stener for br\u00f6d , Lj\u00f3\u00f0 eftir norska h\u00f6fundinn Olaf Olsen Lehne me\u00f0 \u00e1letrun h\u00f6fundar til \u00edslenskra byltingar- og verkal\u00fd\u00f0sh\u00f6funda. B\u00f3kin er \u00far b\u00f3kasafni J\u00f3hannes"}},"product_brand":[],"product_cat":[83],"product_tag":[],"class_list":{"0":"post-7179","1":"product","2":"type-product","3":"status-publish","4":"has-post-thumbnail","6":"product_cat-books","7":"product_shipping_class-small-en","9":"first","10":"instock","11":"purchasable","12":"product-type-simple"},"_links":{"self":[{"href":"https:\/\/kindart.is\/en\/wp-json\/wp\/v2\/product\/7179","targetHints":{"allow":["GET"]}}],"collection":[{"href":"https:\/\/kindart.is\/en\/wp-json\/wp\/v2\/product"}],"about":[{"href":"https:\/\/kindart.is\/en\/wp-json\/wp\/v2\/types\/product"}],"wp:featuredmedia":[{"embeddable":true,"href":"https:\/\/kindart.is\/en\/wp-json\/wp\/v2\/media\/7174"}],"wp:attachment":[{"href":"https:\/\/kindart.is\/en\/wp-json\/wp\/v2\/media?parent=7179"}],"wp:term":[{"taxonomy":"product_brand","embeddable":true,"href":"https:\/\/kindart.is\/en\/wp-json\/wp\/v2\/product_brand?post=7179"},{"taxonomy":"product_cat","embeddable":true,"href":"https:\/\/kindart.is\/en\/wp-json\/wp\/v2\/product_cat?post=7179"},{"taxonomy":"product_tag","embeddable":true,"href":"https:\/\/kindart.is\/en\/wp-json\/wp\/v2\/product_tag?post=7179"}],"curies":[{"name":"wp","href":"https:\/\/api.w.org\/{rel}","templated":true}]}}