{"id":7193,"date":"2023-05-28T12:43:43","date_gmt":"2023-05-28T12:43:43","guid":{"rendered":"https:\/\/kindart.is\/product\/stofnun-sameiningarflokks-althydu-sosialistaflokksins\/"},"modified":"2024-12-28T00:59:57","modified_gmt":"2024-12-28T00:59:57","slug":"stofnun-sameiningarflokks-althydu-sosialistaflokksins","status":"publish","type":"product","link":"https:\/\/kindart.is\/en\/vara\/stofnun-sameiningarflokks-althydu-sosialistaflokksins\/","title":{"rendered":"Stofnun Sameiningarflokks al\u00fe\u00fd\u00f0u \u2013 S\u00f3s\u00edalistaflokksins"},"content":{"rendered":"<p><strong>Stofnun Sameiningarflokks al\u00fe\u00fd\u00f0u \u2013 S\u00f3s\u00edalistaflokksins<\/strong>. I. Stefnuskr\u00e1 2. Starfsskr\u00e1. 3 Sam\u00feykkt um al\u00fej\u00f3\u00f0legt samstarf. 4. L\u00f6g flokksins. 5. \u00c1grip af \u00feingskr\u00e1. Hefti. Innbundi\u00f0 \u00ed rautt rex\u00edn \u00e1 kj\u00f6l og horn, kl\u00e6tt me\u00f0 marmor spjaldapapp\u00edr \u00e1 spj\u00f6ld. R\u00fannu\u00f0 horn. St\u00e6r\u00f0: 19.5 X 13 cm og 96 bls.<\/p>\n<p><strong>\u00datg\u00e1fa og prentun<\/strong>:<br \/>\nS\u00f3s\u00edalistaflokkurinn 1938 Reykjav\u00edk. F\u00e9lagsprentsmi\u00f0jan.<\/p>\n","protected":false},"excerpt":{"rendered":"<p>Stofnun Sameiningarflokks al\u00fe\u00fd\u00f0u \u2013 S\u00f3s\u00edalistaflokksins. I. Stefnuskr\u00e1 2. Starfsskr\u00e1. 3 Sam\u00feykkt um al\u00fej\u00f3\u00f0legt samstarf. 4. L\u00f6g flokksins. 5. \u00c1grip af \u00feingskr\u00e1. Hefti. Innbundi\u00f0 \u00ed rautt rex\u00edn \u00e1 kj\u00f6l og horn, kl\u00e6tt me\u00f0 marmor spjaldapapp\u00edr \u00e1 spj\u00f6ld. R\u00fannu\u00f0 horn. St\u00e6r\u00f0: 19.5 X 13 cm og 96 bls. \u00datg\u00e1fa og prentun: S\u00f3s\u00edalistaflokkurinn 1938 Reykjav\u00edk. F\u00e9lagsprentsmi\u00f0jan.<\/p>\n","protected":false},"featured_media":7190,"template":"","meta":{"slim_seo":{"title":"Stofnun Sameiningarflokks al\u00fe\u00fd\u00f0u \u2013 S\u00f3s\u00edalistaflokksins - KindArt","description":"Stofnun Sameiningarflokks al\u00fe\u00fd\u00f0u \u2013 S\u00f3s\u00edalistaflokksins . I. Stefnuskr\u00e1 2. Starfsskr\u00e1. 3 Sam\u00feykkt um al\u00fej\u00f3\u00f0legt samstarf. 4. L\u00f6g flokksins. 5. \u00c1grip af \u00feingskr\u00e1."}},"product_brand":[],"product_cat":[83],"product_tag":[],"class_list":{"0":"post-7193","1":"product","2":"type-product","3":"status-publish","4":"has-post-thumbnail","6":"product_cat-books","7":"product_shipping_class-small-en","9":"first","10":"outofstock","11":"purchasable","12":"product-type-simple"},"_links":{"self":[{"href":"https:\/\/kindart.is\/en\/wp-json\/wp\/v2\/product\/7193","targetHints":{"allow":["GET"]}}],"collection":[{"href":"https:\/\/kindart.is\/en\/wp-json\/wp\/v2\/product"}],"about":[{"href":"https:\/\/kindart.is\/en\/wp-json\/wp\/v2\/types\/product"}],"wp:featuredmedia":[{"embeddable":true,"href":"https:\/\/kindart.is\/en\/wp-json\/wp\/v2\/media\/7190"}],"wp:attachment":[{"href":"https:\/\/kindart.is\/en\/wp-json\/wp\/v2\/media?parent=7193"}],"wp:term":[{"taxonomy":"product_brand","embeddable":true,"href":"https:\/\/kindart.is\/en\/wp-json\/wp\/v2\/product_brand?post=7193"},{"taxonomy":"product_cat","embeddable":true,"href":"https:\/\/kindart.is\/en\/wp-json\/wp\/v2\/product_cat?post=7193"},{"taxonomy":"product_tag","embeddable":true,"href":"https:\/\/kindart.is\/en\/wp-json\/wp\/v2\/product_tag?post=7193"}],"curies":[{"name":"wp","href":"https:\/\/api.w.org\/{rel}","templated":true}]}}