{"id":7201,"date":"2023-05-28T12:46:43","date_gmt":"2023-05-28T12:46:43","guid":{"rendered":"https:\/\/kindart.is\/product\/ur-sogu-kommunistasogu-islands\/"},"modified":"2023-07-24T11:10:00","modified_gmt":"2023-07-24T11:10:00","slug":"ur-sogu-kommunistasogu-islands","status":"publish","type":"product","link":"https:\/\/kindart.is\/en\/vara\/ur-sogu-kommunistasogu-islands\/","title":{"rendered":"\u00dar s\u00f6gu Komm\u00fanistaflokks \u00cdslands"},"content":{"rendered":"<p><strong>\u00dar s\u00f6gu Komm\u00fanistaflokks \u00cdslands<\/strong> eftir Ing\u00f3lf \u00c1 J\u00f3hannesson. Myndin \u00e1 fors\u00ed\u00f0u er tekin \u00e1 Selfossi, sennilega af f\u00e9l\u00f6gum FUK \u00ed Reykjav\u00edk \u00e1 fer\u00f0alagi \u00fear. B\u00f3kin innihelduir tv\u00e6r ritger\u00f0ir \u00far H\u00e1sk\u00f3lanum og fjalla b\u00e1\u00f0ar um s\u00f6gu Komm\u00fanistaflokks \u00cdslands. \u00c6skul\u00fd\u00f0sstarfi\u00f0 og R\u00e9ttl\u00ednustandi\u00f0. St\u00e6r\u00f0: 20.3 X 14.2 cm. og 64 bls.<\/p>\n<p><strong>\u00datg\u00e1fa og prentun<\/strong>:<br \/>\nGefi\u00f0 \u00fat \u00e1 kostna\u00f0 h\u00f6fundar Reykjav\u00edk 1980. Prentsmi\u00f0ju er ekki geti\u00f0.<\/p>\n<p>Forngripur.<\/p>\n","protected":false},"excerpt":{"rendered":"<p>\u00dar s\u00f6gu Komm\u00fanistaflokks \u00cdslands eftir Ing\u00f3lf \u00c1 J\u00f3hannesson. Myndin \u00e1 fors\u00ed\u00f0u er tekin \u00e1 Selfossi, sennilega af f\u00e9l\u00f6gum FUK \u00ed Reykjav\u00edk \u00e1 fer\u00f0alagi \u00fear. B\u00f3kin innihelduir tv\u00e6r ritger\u00f0ir \u00far H\u00e1sk\u00f3lanum og fjalla b\u00e1\u00f0ar um s\u00f6gu Komm\u00fanistaflokks \u00cdslands. \u00c6skul\u00fd\u00f0sstarfi\u00f0 og R\u00e9ttl\u00ednustandi\u00f0. St\u00e6r\u00f0: 20.3 X 14.2 cm. og 64 bls. \u00datg\u00e1fa og prentun: Gefi\u00f0 \u00fat \u00e1 kostna\u00f0 [&hellip;]<\/p>\n","protected":false},"featured_media":7197,"template":"","meta":{"slim_seo":{"title":"\u00dar s\u00f6gu Komm\u00fanistaflokks \u00cdslands - KindArt","description":"\u00dar s\u00f6gu Komm\u00fanistaflokks \u00cdslands eftir Ing\u00f3lf \u00c1 J\u00f3hannesson. Myndin \u00e1 fors\u00ed\u00f0u er tekin \u00e1 Selfossi, sennilega af f\u00e9l\u00f6gum FUK \u00ed Reykjav\u00edk \u00e1 fer\u00f0alagi \u00fear. B\u00f3kin i"}},"product_brand":[],"product_cat":[83],"product_tag":[],"class_list":{"0":"post-7201","1":"product","2":"type-product","3":"status-publish","4":"has-post-thumbnail","6":"product_cat-books","7":"product_shipping_class-small-en","9":"first","10":"instock","11":"purchasable","12":"product-type-simple"},"_links":{"self":[{"href":"https:\/\/kindart.is\/en\/wp-json\/wp\/v2\/product\/7201","targetHints":{"allow":["GET"]}}],"collection":[{"href":"https:\/\/kindart.is\/en\/wp-json\/wp\/v2\/product"}],"about":[{"href":"https:\/\/kindart.is\/en\/wp-json\/wp\/v2\/types\/product"}],"wp:featuredmedia":[{"embeddable":true,"href":"https:\/\/kindart.is\/en\/wp-json\/wp\/v2\/media\/7197"}],"wp:attachment":[{"href":"https:\/\/kindart.is\/en\/wp-json\/wp\/v2\/media?parent=7201"}],"wp:term":[{"taxonomy":"product_brand","embeddable":true,"href":"https:\/\/kindart.is\/en\/wp-json\/wp\/v2\/product_brand?post=7201"},{"taxonomy":"product_cat","embeddable":true,"href":"https:\/\/kindart.is\/en\/wp-json\/wp\/v2\/product_cat?post=7201"},{"taxonomy":"product_tag","embeddable":true,"href":"https:\/\/kindart.is\/en\/wp-json\/wp\/v2\/product_tag?post=7201"}],"curies":[{"name":"wp","href":"https:\/\/api.w.org\/{rel}","templated":true}]}}