{"id":7209,"date":"2023-05-28T12:51:03","date_gmt":"2023-05-28T12:51:03","guid":{"rendered":"https:\/\/kindart.is\/product\/samfylking-gegn-fasisma\/"},"modified":"2023-05-28T12:51:03","modified_gmt":"2023-05-28T12:51:03","slug":"samfylking-gegn-fasisma","status":"publish","type":"product","link":"https:\/\/kindart.is\/en\/vara\/samfylking-gegn-fasisma\/","title":{"rendered":"Samfylking gegn fasisma"},"content":{"rendered":"<p><strong>Samfylking gegn fasisma<\/strong> eftir Georgi Dimitroff. R\u00e6\u00f0ur Dimitroffs \u00e1 7. Heims\u00feingi Al\u00fej\u00f3\u00f0asambands komm\u00fanista \u00ed Moskva 1935. Dimitroff br\u00fdnir \u00feinggesti. Dimitroff var fors\u00e6tisr\u00e1\u00f0herra B\u00falgar\u00edu 1946-1989. Hann bar\u00f0ist af h\u00f6rku gegn \u00fe\u00fdsku fasistunum fyrir seinni heimstyrj\u00f6ldina. \u00deetta er frekar l\u00edtil b\u00f3k, saumheft og sett \u00ed kartonk\u00e1pu 19.5 X 13 cm a\u00f0 st\u00e6r\u00f0 og 126 bls.<\/p>\n<p><strong>\u00datg\u00e1fa og prentun<\/strong>:<br \/>\n\u00datgefandi: Komm\u00fanistaflokkur \u00cdslands. Reykjav\u00edk 1936. Prentsmi\u00f0ja J\u00f3ns Helgasonar.<\/p>\n","protected":false},"excerpt":{"rendered":"<p>Samfylking gegn fasisma eftir Georgi Dimitroff. R\u00e6\u00f0ur Dimitroffs \u00e1 7. Heims\u00feingi Al\u00fej\u00f3\u00f0asambands komm\u00fanista \u00ed Moskva 1935. Dimitroff br\u00fdnir \u00feinggesti. Dimitroff var fors\u00e6tisr\u00e1\u00f0herra B\u00falgar\u00edu 1946-1989. Hann bar\u00f0ist af h\u00f6rku gegn \u00fe\u00fdsku fasistunum fyrir seinni heimstyrj\u00f6ldina. \u00deetta er frekar l\u00edtil b\u00f3k, saumheft og sett \u00ed kartonk\u00e1pu 19.5 X 13 cm a\u00f0 st\u00e6r\u00f0 og 126 bls. \u00datg\u00e1fa og [&hellip;]<\/p>\n","protected":false},"featured_media":7204,"template":"","meta":{"slim_seo":{"title":"Samfylking gegn fasisma - KindArt","description":"Samfylking gegn fasisma eftir Georgi Dimitroff. R\u00e6\u00f0ur Dimitroffs \u00e1 7. Heims\u00feingi Al\u00fej\u00f3\u00f0asambands komm\u00fanista \u00ed Moskva 1935. Dimitroff br\u00fdnir \u00feinggesti. Dimitroff"}},"product_brand":[],"product_cat":[83],"product_tag":[],"class_list":{"0":"post-7209","1":"product","2":"type-product","3":"status-publish","4":"has-post-thumbnail","6":"product_cat-books","7":"product_shipping_class-small-en","9":"first","10":"outofstock","11":"purchasable","12":"product-type-simple"},"_links":{"self":[{"href":"https:\/\/kindart.is\/en\/wp-json\/wp\/v2\/product\/7209","targetHints":{"allow":["GET"]}}],"collection":[{"href":"https:\/\/kindart.is\/en\/wp-json\/wp\/v2\/product"}],"about":[{"href":"https:\/\/kindart.is\/en\/wp-json\/wp\/v2\/types\/product"}],"wp:featuredmedia":[{"embeddable":true,"href":"https:\/\/kindart.is\/en\/wp-json\/wp\/v2\/media\/7204"}],"wp:attachment":[{"href":"https:\/\/kindart.is\/en\/wp-json\/wp\/v2\/media?parent=7209"}],"wp:term":[{"taxonomy":"product_brand","embeddable":true,"href":"https:\/\/kindart.is\/en\/wp-json\/wp\/v2\/product_brand?post=7209"},{"taxonomy":"product_cat","embeddable":true,"href":"https:\/\/kindart.is\/en\/wp-json\/wp\/v2\/product_cat?post=7209"},{"taxonomy":"product_tag","embeddable":true,"href":"https:\/\/kindart.is\/en\/wp-json\/wp\/v2\/product_tag?post=7209"}],"curies":[{"name":"wp","href":"https:\/\/api.w.org\/{rel}","templated":true}]}}