{"id":7215,"date":"2023-05-28T12:54:26","date_gmt":"2023-05-28T12:54:26","guid":{"rendered":"https:\/\/kindart.is\/product\/hinn-gamli-adam-i-oss\/"},"modified":"2023-05-28T12:54:26","modified_gmt":"2023-05-28T12:54:26","slug":"hinn-gamli-adam-i-oss","status":"publish","type":"product","link":"https:\/\/kindart.is\/en\/vara\/hinn-gamli-adam-i-oss\/","title":{"rendered":"Hinn gamli Adam \u00ed oss"},"content":{"rendered":"<p><strong>Hinn gamli Adam \u00ed oss<\/strong>. Ritger\u00f0asafn eftir Gunnar Benediktsson \u00ed Hverager\u00f0i. Saumheft og sett \u00ed kartonk\u00e1pu. St\u00e6r\u00f0: 20.6 X 14.0 cm og 227 bls.<\/p>\n<p><strong>\u00datg\u00e1fa og prentun<\/strong>:<br \/>\nV\u00edkings\u00fatg\u00e1fan. Unuh\u00fasi \u00ed Reykjav\u00edk. 1944. V\u00edkingsprent.<\/p>\n","protected":false},"excerpt":{"rendered":"<p>Hinn gamli Adam \u00ed oss. Ritger\u00f0asafn eftir Gunnar Benediktsson \u00ed Hverager\u00f0i. Saumheft og sett \u00ed kartonk\u00e1pu. St\u00e6r\u00f0: 20.6 X 14.0 cm og 227 bls. \u00datg\u00e1fa og prentun: V\u00edkings\u00fatg\u00e1fan. Unuh\u00fasi \u00ed Reykjav\u00edk. 1944. V\u00edkingsprent.<\/p>\n","protected":false},"featured_media":7212,"template":"","meta":{"slim_seo":{"title":"Hinn gamli Adam \u00ed oss - KindArt","description":"Hinn gamli Adam \u00ed oss . Ritger\u00f0asafn eftir Gunnar Benediktsson \u00ed Hverager\u00f0i. Saumheft og sett \u00ed kartonk\u00e1pu. St\u00e6r\u00f0: 20.6 X 14.0 cm og 227 bls. \u00datg\u00e1fa og prentun"}},"product_brand":[],"product_cat":[83],"product_tag":[],"class_list":{"0":"post-7215","1":"product","2":"type-product","3":"status-publish","4":"has-post-thumbnail","6":"product_cat-books","7":"product_shipping_class-small-en","9":"first","10":"instock","11":"purchasable","12":"product-type-simple"},"_links":{"self":[{"href":"https:\/\/kindart.is\/en\/wp-json\/wp\/v2\/product\/7215","targetHints":{"allow":["GET"]}}],"collection":[{"href":"https:\/\/kindart.is\/en\/wp-json\/wp\/v2\/product"}],"about":[{"href":"https:\/\/kindart.is\/en\/wp-json\/wp\/v2\/types\/product"}],"wp:featuredmedia":[{"embeddable":true,"href":"https:\/\/kindart.is\/en\/wp-json\/wp\/v2\/media\/7212"}],"wp:attachment":[{"href":"https:\/\/kindart.is\/en\/wp-json\/wp\/v2\/media?parent=7215"}],"wp:term":[{"taxonomy":"product_brand","embeddable":true,"href":"https:\/\/kindart.is\/en\/wp-json\/wp\/v2\/product_brand?post=7215"},{"taxonomy":"product_cat","embeddable":true,"href":"https:\/\/kindart.is\/en\/wp-json\/wp\/v2\/product_cat?post=7215"},{"taxonomy":"product_tag","embeddable":true,"href":"https:\/\/kindart.is\/en\/wp-json\/wp\/v2\/product_tag?post=7215"}],"curies":[{"name":"wp","href":"https:\/\/api.w.org\/{rel}","templated":true}]}}