{"id":7220,"date":"2023-05-28T12:58:15","date_gmt":"2023-05-28T12:58:15","guid":{"rendered":"https:\/\/kindart.is\/product\/evropukommunisminn-og-althydubandalagid\/"},"modified":"2023-05-28T12:58:15","modified_gmt":"2023-05-28T12:58:15","slug":"evropukommunisminn-og-althydubandalagid","status":"publish","type":"product","link":"https:\/\/kindart.is\/en\/vara\/evropukommunisminn-og-althydubandalagid\/","title":{"rendered":"Evr\u00f3pukomm\u00fanisminn og Al\u00fe\u00fd\u00f0ubandalagi\u00f0"},"content":{"rendered":"<p><strong>Evr\u00f3pukomm\u00fanisminn og Al\u00fe\u00fd\u00f0ubandalagi\u00f0<\/strong> eftir Run\u00f3lf Bj\u00f6rnsson. \u00deessi b\u00f3k fjallar um deilurnar me\u00f0al eldri s\u00f3s\u00edalista um p\u00f3lit\u00edk vinstri manna gagnvart \u00fdmsum grundvallaratri\u00f0um um komm\u00fanismann og hvernig honum hefur reitt af h\u00e9r \u00e1 landi og \u00ed Evr\u00f3pu. B\u00f3kin er h\u00e1lfbundin og b\u00fai\u00f0 a\u00f0 setja \u00e1 hana pappaspj\u00f6ld og kj\u00f6l, en eftir a\u00f0 kl\u00e6\u00f0a hana papp\u00edr og kjalefni. St\u00e6r\u00f0: 21.7 x 14.4 cm. og 32 bls.<\/p>\n<p><strong>\u00datg\u00e1fa og prentun<\/strong>:<br \/>\n\u00datgefandi: S\u00f3s\u00edalistaf\u00e9lag Reykjav\u00edkur. 1978. Prentun: Prentnaust. \u00deessi prentsmi\u00f0ja er l\u00edklega framhald af prensmi\u00f0junni Prenti\u00f0jan, sem Run\u00f3lfur, Stef\u00e1n \u00d6gmundsson o.fl. s\u00f3s\u00edalistar settu \u00e1 stofn \u00e1 \u00feessum t\u00edma 1978-1980 e\u00f0a um \u00fea\u00f0 bil.<\/p>\n","protected":false},"excerpt":{"rendered":"<p>Evr\u00f3pukomm\u00fanisminn og Al\u00fe\u00fd\u00f0ubandalagi\u00f0 eftir Run\u00f3lf Bj\u00f6rnsson. \u00deessi b\u00f3k fjallar um deilurnar me\u00f0al eldri s\u00f3s\u00edalista um p\u00f3lit\u00edk vinstri manna gagnvart \u00fdmsum grundvallaratri\u00f0um um komm\u00fanismann og hvernig honum hefur reitt af h\u00e9r \u00e1 landi og \u00ed Evr\u00f3pu. B\u00f3kin er h\u00e1lfbundin og b\u00fai\u00f0 a\u00f0 setja \u00e1 hana pappaspj\u00f6ld og kj\u00f6l, en eftir a\u00f0 kl\u00e6\u00f0a hana papp\u00edr og kjalefni. [&hellip;]<\/p>\n","protected":false},"featured_media":7218,"template":"","meta":{"slim_seo":{"title":"Evr\u00f3pukomm\u00fanisminn og Al\u00fe\u00fd\u00f0ubandalagi\u00f0 - KindArt","description":"Evr\u00f3pukomm\u00fanisminn og Al\u00fe\u00fd\u00f0ubandalagi\u00f0 eftir Run\u00f3lf Bj\u00f6rnsson. \u00deessi b\u00f3k fjallar um deilurnar me\u00f0al eldri s\u00f3s\u00edalista um p\u00f3lit\u00edk vinstri manna gagnvart \u00fdmsum gru"}},"product_brand":[],"product_cat":[88],"product_tag":[],"class_list":{"0":"post-7220","1":"product","2":"type-product","3":"status-publish","4":"has-post-thumbnail","6":"product_cat-uncategorized-en","7":"product_shipping_class-small-en","9":"first","10":"instock","11":"purchasable","12":"product-type-simple"},"_links":{"self":[{"href":"https:\/\/kindart.is\/en\/wp-json\/wp\/v2\/product\/7220","targetHints":{"allow":["GET"]}}],"collection":[{"href":"https:\/\/kindart.is\/en\/wp-json\/wp\/v2\/product"}],"about":[{"href":"https:\/\/kindart.is\/en\/wp-json\/wp\/v2\/types\/product"}],"wp:featuredmedia":[{"embeddable":true,"href":"https:\/\/kindart.is\/en\/wp-json\/wp\/v2\/media\/7218"}],"wp:attachment":[{"href":"https:\/\/kindart.is\/en\/wp-json\/wp\/v2\/media?parent=7220"}],"wp:term":[{"taxonomy":"product_brand","embeddable":true,"href":"https:\/\/kindart.is\/en\/wp-json\/wp\/v2\/product_brand?post=7220"},{"taxonomy":"product_cat","embeddable":true,"href":"https:\/\/kindart.is\/en\/wp-json\/wp\/v2\/product_cat?post=7220"},{"taxonomy":"product_tag","embeddable":true,"href":"https:\/\/kindart.is\/en\/wp-json\/wp\/v2\/product_tag?post=7220"}],"curies":[{"name":"wp","href":"https:\/\/api.w.org\/{rel}","templated":true}]}}