{"id":7225,"date":"2023-05-29T05:25:57","date_gmt":"2023-05-29T05:25:57","guid":{"rendered":"https:\/\/kindart.is\/product\/islenzk-lestrarbok-1750-1930\/"},"modified":"2023-05-29T05:25:57","modified_gmt":"2023-05-29T05:25:57","slug":"islenzk-lestrarbok-1750-1930","status":"publish","type":"product","link":"https:\/\/kindart.is\/en\/vara\/islenzk-lestrarbok-1750-1930\/","title":{"rendered":"\u00cdslenzk lestrarb\u00f3k 1750-1930"},"content":{"rendered":"<p><strong>\u00cdslenzk lestrarb\u00f3k 1750-1930<\/strong>. Sigur\u00f0ur Nordal setti saman. \u00deri\u00f0ja prentun. Kom fyrst \u00fat 1924. \u00d6nnur \u00fatg\u00e1fan var lj\u00f3sprentu\u00f0 \u00ed Leipzig 1931 og var mj\u00f6g l\u00edk \u00feeirri fyrstu. B\u00f3kin n\u00fa er bundin \u00ed sk\u00f3laband, Shirting \u00e1 kj\u00f6l og \u00e1prenta\u00f0ur spjaldapapp\u00edr og kj\u00f6lur. St\u00e6r\u00f0: 21.5 X14.1 cm. og 408 bls.<\/p>\n<p><strong>\u00datg\u00e1fa og prentun<\/strong>:<br \/>\nB\u00f3kaverzlun Sigf\u00fasar Eymundssonar, 1947. Fotografisk optryk, Ivar h\u00e6ggstr\u00f6ms Boktrykkeri A.B. Stockholm 1947.<\/p>\n","protected":false},"excerpt":{"rendered":"<p>\u00cdslenzk lestrarb\u00f3k 1750-1930. Sigur\u00f0ur Nordal setti saman. \u00deri\u00f0ja prentun. Kom fyrst \u00fat 1924. \u00d6nnur \u00fatg\u00e1fan var lj\u00f3sprentu\u00f0 \u00ed Leipzig 1931 og var mj\u00f6g l\u00edk \u00feeirri fyrstu. B\u00f3kin n\u00fa er bundin \u00ed sk\u00f3laband, Shirting \u00e1 kj\u00f6l og \u00e1prenta\u00f0ur spjaldapapp\u00edr og kj\u00f6lur. St\u00e6r\u00f0: 21.5 X14.1 cm. og 408 bls. \u00datg\u00e1fa og prentun: B\u00f3kaverzlun Sigf\u00fasar Eymundssonar, 1947. Fotografisk [&hellip;]<\/p>\n","protected":false},"featured_media":7223,"template":"","meta":{"slim_seo":{"title":"\u00cdslenzk lestrarb\u00f3k 1750-1930 - KindArt","description":"\u00cdslenzk lestrarb\u00f3k 1750-1930 . Sigur\u00f0ur Nordal setti saman. \u00deri\u00f0ja prentun. Kom fyrst \u00fat 1924. \u00d6nnur \u00fatg\u00e1fan var lj\u00f3sprentu\u00f0 \u00ed Leipzig 1931 og var mj\u00f6g l\u00edk \u00feeir"}},"product_brand":[],"product_cat":[83],"product_tag":[],"class_list":{"0":"post-7225","1":"product","2":"type-product","3":"status-publish","4":"has-post-thumbnail","6":"product_cat-books","7":"product_shipping_class-small-en","9":"first","10":"instock","11":"purchasable","12":"product-type-simple"},"_links":{"self":[{"href":"https:\/\/kindart.is\/en\/wp-json\/wp\/v2\/product\/7225","targetHints":{"allow":["GET"]}}],"collection":[{"href":"https:\/\/kindart.is\/en\/wp-json\/wp\/v2\/product"}],"about":[{"href":"https:\/\/kindart.is\/en\/wp-json\/wp\/v2\/types\/product"}],"wp:featuredmedia":[{"embeddable":true,"href":"https:\/\/kindart.is\/en\/wp-json\/wp\/v2\/media\/7223"}],"wp:attachment":[{"href":"https:\/\/kindart.is\/en\/wp-json\/wp\/v2\/media?parent=7225"}],"wp:term":[{"taxonomy":"product_brand","embeddable":true,"href":"https:\/\/kindart.is\/en\/wp-json\/wp\/v2\/product_brand?post=7225"},{"taxonomy":"product_cat","embeddable":true,"href":"https:\/\/kindart.is\/en\/wp-json\/wp\/v2\/product_cat?post=7225"},{"taxonomy":"product_tag","embeddable":true,"href":"https:\/\/kindart.is\/en\/wp-json\/wp\/v2\/product_tag?post=7225"}],"curies":[{"name":"wp","href":"https:\/\/api.w.org\/{rel}","templated":true}]}}