{"id":7230,"date":"2023-05-29T05:29:05","date_gmt":"2023-05-29T05:29:05","guid":{"rendered":"https:\/\/kindart.is\/product\/laufthytur\/"},"modified":"2023-05-29T05:29:05","modified_gmt":"2023-05-29T05:29:05","slug":"laufthytur","status":"publish","type":"product","link":"https:\/\/kindart.is\/en\/vara\/laufthytur\/","title":{"rendered":"Lauf\u00feytur"},"content":{"rendered":"<p><strong>Lauf\u00feytur<\/strong>. Lj\u00f3\u00f0ab\u00f3k eftir Sigr\u00ed\u00f0i Einars fr\u00e1 Muna\u00f0arnesi. B\u00f3kin er saumheft og sett \u00ed kartonk\u00e1pu. St\u00e6r\u00f0: 18.5 X 12.0 cm og 109 bls.<\/p>\n<p><strong>\u00datg\u00e1fa og prentun<\/strong>:<br \/>\nHeimskringla Reykjav\u00edk 1970. Prensmi\u00f0jan H\u00f3lar.<\/p>\n","protected":false},"excerpt":{"rendered":"<p>Lauf\u00feytur. Lj\u00f3\u00f0ab\u00f3k eftir Sigr\u00ed\u00f0i Einars fr\u00e1 Muna\u00f0arnesi. B\u00f3kin er saumheft og sett \u00ed kartonk\u00e1pu. St\u00e6r\u00f0: 18.5 X 12.0 cm og 109 bls. \u00datg\u00e1fa og prentun: Heimskringla Reykjav\u00edk 1970. Prensmi\u00f0jan H\u00f3lar.<\/p>\n","protected":false},"featured_media":7228,"template":"","meta":{"slim_seo":{"title":"Lauf\u00feytur - KindArt","description":"Lauf\u00feytur . Lj\u00f3\u00f0ab\u00f3k eftir Sigr\u00ed\u00f0i Einars fr\u00e1 Muna\u00f0arnesi. B\u00f3kin er saumheft og sett \u00ed kartonk\u00e1pu. St\u00e6r\u00f0: 18.5 X 12.0 cm og 109 bls. \u00datg\u00e1fa og prentun : Heimskr"}},"product_brand":[],"product_cat":[83],"product_tag":[],"class_list":{"0":"post-7230","1":"product","2":"type-product","3":"status-publish","4":"has-post-thumbnail","6":"product_cat-books","7":"product_shipping_class-small-en","9":"first","10":"outofstock","11":"purchasable","12":"product-type-simple"},"_links":{"self":[{"href":"https:\/\/kindart.is\/en\/wp-json\/wp\/v2\/product\/7230","targetHints":{"allow":["GET"]}}],"collection":[{"href":"https:\/\/kindart.is\/en\/wp-json\/wp\/v2\/product"}],"about":[{"href":"https:\/\/kindart.is\/en\/wp-json\/wp\/v2\/types\/product"}],"wp:featuredmedia":[{"embeddable":true,"href":"https:\/\/kindart.is\/en\/wp-json\/wp\/v2\/media\/7228"}],"wp:attachment":[{"href":"https:\/\/kindart.is\/en\/wp-json\/wp\/v2\/media?parent=7230"}],"wp:term":[{"taxonomy":"product_brand","embeddable":true,"href":"https:\/\/kindart.is\/en\/wp-json\/wp\/v2\/product_brand?post=7230"},{"taxonomy":"product_cat","embeddable":true,"href":"https:\/\/kindart.is\/en\/wp-json\/wp\/v2\/product_cat?post=7230"},{"taxonomy":"product_tag","embeddable":true,"href":"https:\/\/kindart.is\/en\/wp-json\/wp\/v2\/product_tag?post=7230"}],"curies":[{"name":"wp","href":"https:\/\/api.w.org\/{rel}","templated":true}]}}