{"id":7234,"date":"2023-05-29T05:37:04","date_gmt":"2023-05-29T05:37:04","guid":{"rendered":"https:\/\/kindart.is\/product\/modern-finsk-lyrik\/"},"modified":"2023-05-29T05:37:04","modified_gmt":"2023-05-29T05:37:04","slug":"modern-finsk-lyrik","status":"publish","type":"product","link":"https:\/\/kindart.is\/en\/vara\/modern-finsk-lyrik\/","title":{"rendered":"Modern finsk lyrik"},"content":{"rendered":"<p><strong>Modern finsk lyrik<\/strong>. Ett urval \u00ed svensk tolkning av Ragna Ljungdell. B\u00f3kin er saumheft \u00ed kartonk\u00e1pu. St\u00e6r\u00f0: 19.7 X 12.8 cm og 186 bls.<\/p>\n<p><strong>\u00datg\u00e1fa og prentun<\/strong>:<br \/>\n\u00datgefandi: Albert Bonniers forlag Stockholm. 1947 Alb. Bonniers boktrykkeri.<\/p>\n","protected":false},"excerpt":{"rendered":"<p>Modern finsk lyrik. Ett urval \u00ed svensk tolkning av Ragna Ljungdell. B\u00f3kin er saumheft \u00ed kartonk\u00e1pu. St\u00e6r\u00f0: 19.7 X 12.8 cm og 186 bls. \u00datg\u00e1fa og prentun: \u00datgefandi: Albert Bonniers forlag Stockholm. 1947 Alb. Bonniers boktrykkeri.<\/p>\n","protected":false},"featured_media":7233,"template":"","meta":{"slim_seo":{"title":"Modern finsk lyrik - KindArt","description":"Modern finsk lyrik . Ett urval \u00ed svensk tolkning av Ragna Ljungdell. B\u00f3kin er saumheft \u00ed kartonk\u00e1pu. St\u00e6r\u00f0: 19.7 X 12.8 cm og 186 bls. \u00datg\u00e1fa og prentun : \u00datgef"}},"product_brand":[],"product_cat":[83],"product_tag":[],"class_list":{"0":"post-7234","1":"product","2":"type-product","3":"status-publish","4":"has-post-thumbnail","6":"product_cat-books","7":"product_shipping_class-small-en","9":"first","10":"instock","11":"purchasable","12":"product-type-simple"},"_links":{"self":[{"href":"https:\/\/kindart.is\/en\/wp-json\/wp\/v2\/product\/7234","targetHints":{"allow":["GET"]}}],"collection":[{"href":"https:\/\/kindart.is\/en\/wp-json\/wp\/v2\/product"}],"about":[{"href":"https:\/\/kindart.is\/en\/wp-json\/wp\/v2\/types\/product"}],"wp:featuredmedia":[{"embeddable":true,"href":"https:\/\/kindart.is\/en\/wp-json\/wp\/v2\/media\/7233"}],"wp:attachment":[{"href":"https:\/\/kindart.is\/en\/wp-json\/wp\/v2\/media?parent=7234"}],"wp:term":[{"taxonomy":"product_brand","embeddable":true,"href":"https:\/\/kindart.is\/en\/wp-json\/wp\/v2\/product_brand?post=7234"},{"taxonomy":"product_cat","embeddable":true,"href":"https:\/\/kindart.is\/en\/wp-json\/wp\/v2\/product_cat?post=7234"},{"taxonomy":"product_tag","embeddable":true,"href":"https:\/\/kindart.is\/en\/wp-json\/wp\/v2\/product_tag?post=7234"}],"curies":[{"name":"wp","href":"https:\/\/api.w.org\/{rel}","templated":true}]}}