{"id":7247,"date":"2023-05-31T15:24:33","date_gmt":"2023-05-31T15:24:33","guid":{"rendered":"https:\/\/kindart.is\/product\/fjallaskuggin\/"},"modified":"2023-05-31T15:24:33","modified_gmt":"2023-05-31T15:24:33","slug":"fjallaskuggin","status":"publish","type":"product","link":"https:\/\/kindart.is\/en\/vara\/fjallaskuggin\/","title":{"rendered":"Fjallaskuggin"},"content":{"rendered":"<p><strong>Fjallaskuggin<\/strong>, sm\u00e1s\u00f6gur eftir f\u00e6reyska sk\u00e1ldi\u00f0 He\u00f0in Br\u00fa. \u00deessi b\u00f3k er \u00far b\u00f3kasafni J\u00f3hannesar \u00far K\u00f6tlum og er nafn hans skrifa\u00f0 \u00e1 k\u00e1pu b\u00f3karinnar. Var\u00f0in f\u00e6reyskt b\u00f3kmenntaf\u00e9lag gefur b\u00e6kur hans \u00fat eins og s\u00e9st \u00e1 augl\u00fdsingu fr\u00e1 \u00fev\u00ed \u00ed b\u00f3kinni. St\u00e6r\u00f0: 22 X 15 cm og 153 bls.<\/p>\n<p><strong>\u00datg\u00e1fa og prentun<\/strong>:<br \/>\nF\u00e9lagi\u00f0 Var\u00f0in T\u00f3rshavn 1936. Prentun: Prentsmi\u00f0ja B. Z. Jensens.<\/p>\n","protected":false},"excerpt":{"rendered":"<p>Fjallaskuggin, sm\u00e1s\u00f6gur eftir f\u00e6reyska sk\u00e1ldi\u00f0 He\u00f0in Br\u00fa. \u00deessi b\u00f3k er \u00far b\u00f3kasafni J\u00f3hannesar \u00far K\u00f6tlum og er nafn hans skrifa\u00f0 \u00e1 k\u00e1pu b\u00f3karinnar. Var\u00f0in f\u00e6reyskt b\u00f3kmenntaf\u00e9lag gefur b\u00e6kur hans \u00fat eins og s\u00e9st \u00e1 augl\u00fdsingu fr\u00e1 \u00fev\u00ed \u00ed b\u00f3kinni. St\u00e6r\u00f0: 22 X 15 cm og 153 bls. \u00datg\u00e1fa og prentun: F\u00e9lagi\u00f0 Var\u00f0in T\u00f3rshavn 1936. Prentun: [&hellip;]<\/p>\n","protected":false},"featured_media":7242,"template":"","meta":{"slim_seo":{"title":"Fjallaskuggin - KindArt","description":"Fjallaskuggin , sm\u00e1s\u00f6gur eftir f\u00e6reyska sk\u00e1ldi\u00f0 He\u00f0in Br\u00fa. \u00deessi b\u00f3k er \u00far b\u00f3kasafni J\u00f3hannesar \u00far K\u00f6tlum og er nafn hans skrifa\u00f0 \u00e1 k\u00e1pu b\u00f3karinnar. Var\u00f0in f\u00e6re"}},"product_brand":[],"product_cat":[83],"product_tag":[],"class_list":{"0":"post-7247","1":"product","2":"type-product","3":"status-publish","4":"has-post-thumbnail","6":"product_cat-books","7":"product_shipping_class-small-en","9":"first","10":"instock","11":"purchasable","12":"product-type-simple"},"_links":{"self":[{"href":"https:\/\/kindart.is\/en\/wp-json\/wp\/v2\/product\/7247","targetHints":{"allow":["GET"]}}],"collection":[{"href":"https:\/\/kindart.is\/en\/wp-json\/wp\/v2\/product"}],"about":[{"href":"https:\/\/kindart.is\/en\/wp-json\/wp\/v2\/types\/product"}],"wp:featuredmedia":[{"embeddable":true,"href":"https:\/\/kindart.is\/en\/wp-json\/wp\/v2\/media\/7242"}],"wp:attachment":[{"href":"https:\/\/kindart.is\/en\/wp-json\/wp\/v2\/media?parent=7247"}],"wp:term":[{"taxonomy":"product_brand","embeddable":true,"href":"https:\/\/kindart.is\/en\/wp-json\/wp\/v2\/product_brand?post=7247"},{"taxonomy":"product_cat","embeddable":true,"href":"https:\/\/kindart.is\/en\/wp-json\/wp\/v2\/product_cat?post=7247"},{"taxonomy":"product_tag","embeddable":true,"href":"https:\/\/kindart.is\/en\/wp-json\/wp\/v2\/product_tag?post=7247"}],"curies":[{"name":"wp","href":"https:\/\/api.w.org\/{rel}","templated":true}]}}