{"id":7253,"date":"2023-05-31T15:29:49","date_gmt":"2023-05-31T15:29:49","guid":{"rendered":"https:\/\/kindart.is\/product\/kyssti-mig-sol\/"},"modified":"2023-05-31T15:29:49","modified_gmt":"2023-05-31T15:29:49","slug":"kyssti-mig-sol","status":"publish","type":"product","link":"https:\/\/kindart.is\/en\/vara\/kyssti-mig-sol\/","title":{"rendered":"Kyssti mig s\u00f3l"},"content":{"rendered":"<p><strong>Kyssti mig s\u00f3l<\/strong> lj\u00f3\u00f0ab\u00f3k eftir Gu\u00f0mund B\u00f6\u00f0varsson. Fyrsta lj\u00f3\u00f0ab\u00f3k Gu\u00f0mundar. \u00dar b\u00f3kasafni J\u00f3hannesar \u00far K\u00f6tlum og nafn hans \u00e1 k\u00e1pu.\u2028 St\u00e6r\u00f0: 22.5 X 14.4 cm. og 101 bls.<\/p>\n<p><strong>\u00datg\u00e1fa og prentun<\/strong>:<br \/>\n\u00datgefandi: Ragnar J\u00f3nsson (\u00ed Sm\u00e1ra) Reykjav\u00edk 1936. \u00cdsafoldarprentsmi\u00f0ja.<\/p>\n","protected":false},"excerpt":{"rendered":"<p>Kyssti mig s\u00f3l lj\u00f3\u00f0ab\u00f3k eftir Gu\u00f0mund B\u00f6\u00f0varsson. Fyrsta lj\u00f3\u00f0ab\u00f3k Gu\u00f0mundar. \u00dar b\u00f3kasafni J\u00f3hannesar \u00far K\u00f6tlum og nafn hans \u00e1 k\u00e1pu.\u2028 St\u00e6r\u00f0: 22.5 X 14.4 cm. og 101 bls. \u00datg\u00e1fa og prentun: \u00datgefandi: Ragnar J\u00f3nsson (\u00ed Sm\u00e1ra) Reykjav\u00edk 1936. \u00cdsafoldarprentsmi\u00f0ja.<\/p>\n","protected":false},"featured_media":7250,"template":"","meta":{"slim_seo":{"title":"Kyssti mig s\u00f3l - KindArt","description":"Kyssti mig s\u00f3l lj\u00f3\u00f0ab\u00f3k eftir Gu\u00f0mund B\u00f6\u00f0varsson. Fyrsta lj\u00f3\u00f0ab\u00f3k Gu\u00f0mundar. \u00dar b\u00f3kasafni J\u00f3hannesar \u00far K\u00f6tlum og nafn hans \u00e1 k\u00e1pu.\u2028 St\u00e6r\u00f0: 22.5 X 14.4 cm. og 1"}},"product_brand":[],"product_cat":[83],"product_tag":[],"class_list":{"0":"post-7253","1":"product","2":"type-product","3":"status-publish","4":"has-post-thumbnail","6":"product_cat-books","7":"product_shipping_class-small-en","9":"first","10":"outofstock","11":"purchasable","12":"product-type-simple"},"_links":{"self":[{"href":"https:\/\/kindart.is\/en\/wp-json\/wp\/v2\/product\/7253","targetHints":{"allow":["GET"]}}],"collection":[{"href":"https:\/\/kindart.is\/en\/wp-json\/wp\/v2\/product"}],"about":[{"href":"https:\/\/kindart.is\/en\/wp-json\/wp\/v2\/types\/product"}],"wp:featuredmedia":[{"embeddable":true,"href":"https:\/\/kindart.is\/en\/wp-json\/wp\/v2\/media\/7250"}],"wp:attachment":[{"href":"https:\/\/kindart.is\/en\/wp-json\/wp\/v2\/media?parent=7253"}],"wp:term":[{"taxonomy":"product_brand","embeddable":true,"href":"https:\/\/kindart.is\/en\/wp-json\/wp\/v2\/product_brand?post=7253"},{"taxonomy":"product_cat","embeddable":true,"href":"https:\/\/kindart.is\/en\/wp-json\/wp\/v2\/product_cat?post=7253"},{"taxonomy":"product_tag","embeddable":true,"href":"https:\/\/kindart.is\/en\/wp-json\/wp\/v2\/product_tag?post=7253"}],"curies":[{"name":"wp","href":"https:\/\/api.w.org\/{rel}","templated":true}]}}