{"id":7261,"date":"2023-05-31T15:34:37","date_gmt":"2023-05-31T15:34:37","guid":{"rendered":"https:\/\/kindart.is\/product\/med-hljodstaf\/"},"modified":"2023-05-31T15:34:37","modified_gmt":"2023-05-31T15:34:37","slug":"med-hljodstaf","status":"publish","type":"product","link":"https:\/\/kindart.is\/en\/vara\/med-hljodstaf\/","title":{"rendered":"Me\u00f0 hlj\u00f3\u00f0staf"},"content":{"rendered":"<p><strong>Me\u00f0 hlj\u00f3\u00f0staf<\/strong>. Lj\u00f3\u00f0ab\u00f3k eftir J\u00f3n \u00far V\u00f6r. \u00c1ritu\u00f0 til J\u00f3hannesar \u00far K\u00f6tlum. Saumheft og sett \u00ed kartonk\u00e1pu. St\u00e6r\u00f0: 22.4 X 14.2 cm og 78 bls.<\/p>\n<p><strong>\u00datg\u00e1fa og prentun<\/strong>:<br \/>\n\u00datgefeanda ekki geti\u00f0, en l\u00edklega h\u00f6fundur sj\u00e1lfur. Reykjav\u00edk 1951. Prentun: Ing\u00f3lfsprent. Aftast \u00ed b\u00f3kinni er sagt fr\u00e1 tilur\u00f0 b\u00f3kanna: Me\u00f0 hlj\u00f3\u00f0staf og Me\u00f0 \u00f6rvalausum boga, sem b\u00e1\u00f0ar voru prenta\u00f0ar \u00e1 sama t\u00edma, en h\u00f6f\u00f0u alltaf veri\u00f0 \u00fatundan.<\/p>\n","protected":false},"excerpt":{"rendered":"<p>Me\u00f0 hlj\u00f3\u00f0staf. Lj\u00f3\u00f0ab\u00f3k eftir J\u00f3n \u00far V\u00f6r. \u00c1ritu\u00f0 til J\u00f3hannesar \u00far K\u00f6tlum. Saumheft og sett \u00ed kartonk\u00e1pu. St\u00e6r\u00f0: 22.4 X 14.2 cm og 78 bls. \u00datg\u00e1fa og prentun: \u00datgefeanda ekki geti\u00f0, en l\u00edklega h\u00f6fundur sj\u00e1lfur. Reykjav\u00edk 1951. Prentun: Ing\u00f3lfsprent. Aftast \u00ed b\u00f3kinni er sagt fr\u00e1 tilur\u00f0 b\u00f3kanna: Me\u00f0 hlj\u00f3\u00f0staf og Me\u00f0 \u00f6rvalausum boga, sem b\u00e1\u00f0ar [&hellip;]<\/p>\n","protected":false},"featured_media":7257,"template":"","meta":{"slim_seo":{"title":"Me\u00f0 hlj\u00f3\u00f0staf - KindArt","description":"Me\u00f0 hlj\u00f3\u00f0staf . Lj\u00f3\u00f0ab\u00f3k eftir J\u00f3n \u00far V\u00f6r. \u00c1ritu\u00f0 til J\u00f3hannesar \u00far K\u00f6tlum. Saumheft og sett \u00ed kartonk\u00e1pu. St\u00e6r\u00f0: 22.4 X 14.2 cm og 78 bls. \u00datg\u00e1fa og prentun :"}},"product_brand":[],"product_cat":[83],"product_tag":[],"class_list":{"0":"post-7261","1":"product","2":"type-product","3":"status-publish","4":"has-post-thumbnail","6":"product_cat-books","7":"product_shipping_class-small-en","9":"first","10":"outofstock","11":"purchasable","12":"product-type-simple"},"_links":{"self":[{"href":"https:\/\/kindart.is\/en\/wp-json\/wp\/v2\/product\/7261","targetHints":{"allow":["GET"]}}],"collection":[{"href":"https:\/\/kindart.is\/en\/wp-json\/wp\/v2\/product"}],"about":[{"href":"https:\/\/kindart.is\/en\/wp-json\/wp\/v2\/types\/product"}],"wp:featuredmedia":[{"embeddable":true,"href":"https:\/\/kindart.is\/en\/wp-json\/wp\/v2\/media\/7257"}],"wp:attachment":[{"href":"https:\/\/kindart.is\/en\/wp-json\/wp\/v2\/media?parent=7261"}],"wp:term":[{"taxonomy":"product_brand","embeddable":true,"href":"https:\/\/kindart.is\/en\/wp-json\/wp\/v2\/product_brand?post=7261"},{"taxonomy":"product_cat","embeddable":true,"href":"https:\/\/kindart.is\/en\/wp-json\/wp\/v2\/product_cat?post=7261"},{"taxonomy":"product_tag","embeddable":true,"href":"https:\/\/kindart.is\/en\/wp-json\/wp\/v2\/product_tag?post=7261"}],"curies":[{"name":"wp","href":"https:\/\/api.w.org\/{rel}","templated":true}]}}