{"id":7280,"date":"2023-06-01T07:54:25","date_gmt":"2023-06-01T07:54:25","guid":{"rendered":"https:\/\/kindart.is\/product\/villhonning\/"},"modified":"2023-06-01T07:54:25","modified_gmt":"2023-06-01T07:54:25","slug":"villhonning","status":"publish","type":"product","link":"https:\/\/kindart.is\/en\/vara\/villhonning\/","title":{"rendered":"Villhonning"},"content":{"rendered":"<p><strong>Villhonning<\/strong>, Lj\u00f3\u00f0ab\u00f3k eftir norska sk\u00e1ldi\u00f0 Ivar Orgland me\u00f0 \u00e1ritun til J\u00f3hannesar \u00far K\u00f6tlum. B\u00f3kin er bundin \u00ed hv\u00edtt forlagsband og hl\u00edf\u00f0ark\u00e1pa utan um \u00ed rau\u00f0u og hv\u00edtu. St\u00e6r\u00f0: 21.5 X 13.3 cm og99 bls.<\/p>\n<p><strong>\u00datg\u00e1fa og prentun<\/strong>:<br \/>\nFonna forlag, Oslo 1966. Prentun: Aktietrykkeriet I Trondhjem.<\/p>\n","protected":false},"excerpt":{"rendered":"<p>Villhonning, Lj\u00f3\u00f0ab\u00f3k eftir norska sk\u00e1ldi\u00f0 Ivar Orgland me\u00f0 \u00e1ritun til J\u00f3hannesar \u00far K\u00f6tlum. B\u00f3kin er bundin \u00ed hv\u00edtt forlagsband og hl\u00edf\u00f0ark\u00e1pa utan um \u00ed rau\u00f0u og hv\u00edtu. St\u00e6r\u00f0: 21.5 X 13.3 cm og99 bls. \u00datg\u00e1fa og prentun: Fonna forlag, Oslo 1966. Prentun: Aktietrykkeriet I Trondhjem.<\/p>\n","protected":false},"featured_media":7274,"template":"","meta":{"slim_seo":{"title":"Villhonning - KindArt","description":"Villhonning , Lj\u00f3\u00f0ab\u00f3k eftir norska sk\u00e1ldi\u00f0 Ivar Orgland me\u00f0 \u00e1ritun til J\u00f3hannesar \u00far K\u00f6tlum. B\u00f3kin er bundin \u00ed hv\u00edtt forlagsband og hl\u00edf\u00f0ark\u00e1pa utan um \u00ed rau\u00f0u"}},"product_brand":[],"product_cat":[83],"product_tag":[],"class_list":{"0":"post-7280","1":"product","2":"type-product","3":"status-publish","4":"has-post-thumbnail","6":"product_cat-books","7":"product_shipping_class-small-en","9":"first","10":"instock","11":"purchasable","12":"product-type-simple"},"_links":{"self":[{"href":"https:\/\/kindart.is\/en\/wp-json\/wp\/v2\/product\/7280","targetHints":{"allow":["GET"]}}],"collection":[{"href":"https:\/\/kindart.is\/en\/wp-json\/wp\/v2\/product"}],"about":[{"href":"https:\/\/kindart.is\/en\/wp-json\/wp\/v2\/types\/product"}],"wp:featuredmedia":[{"embeddable":true,"href":"https:\/\/kindart.is\/en\/wp-json\/wp\/v2\/media\/7274"}],"wp:attachment":[{"href":"https:\/\/kindart.is\/en\/wp-json\/wp\/v2\/media?parent=7280"}],"wp:term":[{"taxonomy":"product_brand","embeddable":true,"href":"https:\/\/kindart.is\/en\/wp-json\/wp\/v2\/product_brand?post=7280"},{"taxonomy":"product_cat","embeddable":true,"href":"https:\/\/kindart.is\/en\/wp-json\/wp\/v2\/product_cat?post=7280"},{"taxonomy":"product_tag","embeddable":true,"href":"https:\/\/kindart.is\/en\/wp-json\/wp\/v2\/product_tag?post=7280"}],"curies":[{"name":"wp","href":"https:\/\/api.w.org\/{rel}","templated":true}]}}