{"id":7286,"date":"2023-06-01T07:59:08","date_gmt":"2023-06-01T07:59:08","guid":{"rendered":"https:\/\/kindart.is\/product\/innan-hringsins\/"},"modified":"2023-06-01T07:59:08","modified_gmt":"2023-06-01T07:59:08","slug":"innan-hringsins","status":"publish","type":"product","link":"https:\/\/kindart.is\/en\/vara\/innan-hringsins\/","title":{"rendered":"Innan hringsins"},"content":{"rendered":"<p><strong>Innan hringsins<\/strong>, lj\u00f3\u00f0ab\u00f3k eftir Gu\u00f0mund B\u00f6\u00f0varsson. St\u00e6r\u00f0:22.3 X 14.5 cm og 80 bls. B\u00f3kin er saumheft og l\u00edmd \u00ed k\u00e1pu.<\/p>\n<p><strong>\u00datg\u00e1fa og prentun<\/strong>:<br \/>\nHeimskringla, Reykjav\u00edk 1969. Prentun: Prentsmi\u00f0jan H\u00f3lar.<\/p>\n","protected":false},"excerpt":{"rendered":"<p>Innan hringsins, lj\u00f3\u00f0ab\u00f3k eftir Gu\u00f0mund B\u00f6\u00f0varsson. St\u00e6r\u00f0:22.3 X 14.5 cm og 80 bls. B\u00f3kin er saumheft og l\u00edmd \u00ed k\u00e1pu. \u00datg\u00e1fa og prentun: Heimskringla, Reykjav\u00edk 1969. Prentun: Prentsmi\u00f0jan H\u00f3lar.<\/p>\n","protected":false},"featured_media":7283,"template":"","meta":{"slim_seo":{"title":"Innan hringsins - KindArt","description":"Innan hringsins , lj\u00f3\u00f0ab\u00f3k eftir Gu\u00f0mund B\u00f6\u00f0varsson. St\u00e6r\u00f0:22.3 X 14.5 cm og 80 bls. B\u00f3kin er saumheft og l\u00edmd \u00ed k\u00e1pu. \u00datg\u00e1fa og prentun : Heimskringla, Reykjav"}},"product_brand":[],"product_cat":[83],"product_tag":[],"class_list":{"0":"post-7286","1":"product","2":"type-product","3":"status-publish","4":"has-post-thumbnail","6":"product_cat-books","7":"product_shipping_class-small-en","9":"first","10":"instock","11":"purchasable","12":"product-type-simple"},"_links":{"self":[{"href":"https:\/\/kindart.is\/en\/wp-json\/wp\/v2\/product\/7286","targetHints":{"allow":["GET"]}}],"collection":[{"href":"https:\/\/kindart.is\/en\/wp-json\/wp\/v2\/product"}],"about":[{"href":"https:\/\/kindart.is\/en\/wp-json\/wp\/v2\/types\/product"}],"wp:featuredmedia":[{"embeddable":true,"href":"https:\/\/kindart.is\/en\/wp-json\/wp\/v2\/media\/7283"}],"wp:attachment":[{"href":"https:\/\/kindart.is\/en\/wp-json\/wp\/v2\/media?parent=7286"}],"wp:term":[{"taxonomy":"product_brand","embeddable":true,"href":"https:\/\/kindart.is\/en\/wp-json\/wp\/v2\/product_brand?post=7286"},{"taxonomy":"product_cat","embeddable":true,"href":"https:\/\/kindart.is\/en\/wp-json\/wp\/v2\/product_cat?post=7286"},{"taxonomy":"product_tag","embeddable":true,"href":"https:\/\/kindart.is\/en\/wp-json\/wp\/v2\/product_tag?post=7286"}],"curies":[{"name":"wp","href":"https:\/\/api.w.org\/{rel}","templated":true}]}}