{"id":7295,"date":"2023-06-01T16:02:46","date_gmt":"2023-06-01T16:02:46","guid":{"rendered":"https:\/\/kindart.is\/product\/lifandi-manna-land\/"},"modified":"2023-06-01T16:02:46","modified_gmt":"2023-06-01T16:02:46","slug":"lifandi-manna-land","status":"publish","type":"product","link":"https:\/\/kindart.is\/en\/vara\/lifandi-manna-land\/","title":{"rendered":"Lifandi manna land"},"content":{"rendered":"<p><strong>Lifandi manna land<\/strong>. Lj\u00f3\u00f0ab\u00f3k eftir \u00deorstein fr\u00e1 Hamri. B\u00f3kin er bundin \u00ed l\u00e9tt forlagsband (\u00deunnur pappi \u00ed spj\u00f6ldum). Alband kartonl\u00edki. St\u00e6r\u00f0: 21.5 X 14.0 cm og 53 bls.<\/p>\n<p><strong>\u00datg\u00e1fa og prentun<\/strong>:<br \/>\nHeimskringla, Reykjav\u00edk 1962. Prentsmi\u00f0jan H\u00f3lar &#8211; H\u00f3lab\u00f3kbandi\u00f0.<\/p>\n","protected":false},"excerpt":{"rendered":"<p>Lifandi manna land. Lj\u00f3\u00f0ab\u00f3k eftir \u00deorstein fr\u00e1 Hamri. B\u00f3kin er bundin \u00ed l\u00e9tt forlagsband (\u00deunnur pappi \u00ed spj\u00f6ldum). Alband kartonl\u00edki. St\u00e6r\u00f0: 21.5 X 14.0 cm og 53 bls. \u00datg\u00e1fa og prentun: Heimskringla, Reykjav\u00edk 1962. Prentsmi\u00f0jan H\u00f3lar &#8211; H\u00f3lab\u00f3kbandi\u00f0.<\/p>\n","protected":false},"featured_media":7292,"template":"","meta":{"slim_seo":{"title":"Lifandi manna land - KindArt","description":"Lifandi manna land . Lj\u00f3\u00f0ab\u00f3k eftir \u00deorstein fr\u00e1 Hamri. B\u00f3kin er bundin \u00ed l\u00e9tt forlagsband (\u00deunnur pappi \u00ed spj\u00f6ldum). Alband kartonl\u00edki. St\u00e6r\u00f0: 21.5 X 14.0 cm o"}},"product_brand":[],"product_cat":[83],"product_tag":[],"class_list":{"0":"post-7295","1":"product","2":"type-product","3":"status-publish","4":"has-post-thumbnail","6":"product_cat-books","7":"product_shipping_class-small-en","9":"first","10":"instock","11":"purchasable","12":"product-type-simple"},"_links":{"self":[{"href":"https:\/\/kindart.is\/en\/wp-json\/wp\/v2\/product\/7295","targetHints":{"allow":["GET"]}}],"collection":[{"href":"https:\/\/kindart.is\/en\/wp-json\/wp\/v2\/product"}],"about":[{"href":"https:\/\/kindart.is\/en\/wp-json\/wp\/v2\/types\/product"}],"wp:featuredmedia":[{"embeddable":true,"href":"https:\/\/kindart.is\/en\/wp-json\/wp\/v2\/media\/7292"}],"wp:attachment":[{"href":"https:\/\/kindart.is\/en\/wp-json\/wp\/v2\/media?parent=7295"}],"wp:term":[{"taxonomy":"product_brand","embeddable":true,"href":"https:\/\/kindart.is\/en\/wp-json\/wp\/v2\/product_brand?post=7295"},{"taxonomy":"product_cat","embeddable":true,"href":"https:\/\/kindart.is\/en\/wp-json\/wp\/v2\/product_cat?post=7295"},{"taxonomy":"product_tag","embeddable":true,"href":"https:\/\/kindart.is\/en\/wp-json\/wp\/v2\/product_tag?post=7295"}],"curies":[{"name":"wp","href":"https:\/\/api.w.org\/{rel}","templated":true}]}}