{"id":7303,"date":"2023-06-01T16:05:47","date_gmt":"2023-06-01T16:05:47","guid":{"rendered":"https:\/\/kindart.is\/product\/fardagar\/"},"modified":"2023-06-01T16:05:47","modified_gmt":"2023-06-01T16:05:47","slug":"fardagar","status":"publish","type":"product","link":"https:\/\/kindart.is\/en\/vara\/fardagar\/","title":{"rendered":"Fardagar"},"content":{"rendered":"<p><strong>Fardagar<\/strong>. Lj\u00f3\u00f0ab\u00f3k eftir \u00d6gmund Helgason. B\u00f3kin er saumheft og l\u00edmd \u00ed kartonk\u00e1pu. St\u00e6r\u00f0: 22.6 X 14.4 cm og 47 bls. LISTAH\u00c1T\u00cd\u00d0.<\/p>\n<p><strong>\u00datg\u00e1fa og prentun<\/strong>:<br \/>\nHelgafell, Reykjav\u00edk 1970. V\u00edkingsprent.<\/p>\n","protected":false},"excerpt":{"rendered":"<p>Fardagar. Lj\u00f3\u00f0ab\u00f3k eftir \u00d6gmund Helgason. B\u00f3kin er saumheft og l\u00edmd \u00ed kartonk\u00e1pu. St\u00e6r\u00f0: 22.6 X 14.4 cm og 47 bls. LISTAH\u00c1T\u00cd\u00d0. \u00datg\u00e1fa og prentun: Helgafell, Reykjav\u00edk 1970. V\u00edkingsprent.<\/p>\n","protected":false},"featured_media":7299,"template":"","meta":{"slim_seo":{"title":"Fardagar - KindArt","description":"Fardagar . Lj\u00f3\u00f0ab\u00f3k eftir \u00d6gmund Helgason. B\u00f3kin er saumheft og l\u00edmd \u00ed kartonk\u00e1pu. St\u00e6r\u00f0: 22.6 X 14.4 cm og 47 bls. LISTAH\u00c1T\u00cd\u00d0. \u00datg\u00e1fa og prentun : Helgafell, R"}},"product_brand":[],"product_cat":[83],"product_tag":[],"class_list":{"0":"post-7303","1":"product","2":"type-product","3":"status-publish","4":"has-post-thumbnail","6":"product_cat-books","7":"product_shipping_class-small-en","9":"first","10":"outofstock","11":"purchasable","12":"product-type-simple"},"_links":{"self":[{"href":"https:\/\/kindart.is\/en\/wp-json\/wp\/v2\/product\/7303","targetHints":{"allow":["GET"]}}],"collection":[{"href":"https:\/\/kindart.is\/en\/wp-json\/wp\/v2\/product"}],"about":[{"href":"https:\/\/kindart.is\/en\/wp-json\/wp\/v2\/types\/product"}],"wp:featuredmedia":[{"embeddable":true,"href":"https:\/\/kindart.is\/en\/wp-json\/wp\/v2\/media\/7299"}],"wp:attachment":[{"href":"https:\/\/kindart.is\/en\/wp-json\/wp\/v2\/media?parent=7303"}],"wp:term":[{"taxonomy":"product_brand","embeddable":true,"href":"https:\/\/kindart.is\/en\/wp-json\/wp\/v2\/product_brand?post=7303"},{"taxonomy":"product_cat","embeddable":true,"href":"https:\/\/kindart.is\/en\/wp-json\/wp\/v2\/product_cat?post=7303"},{"taxonomy":"product_tag","embeddable":true,"href":"https:\/\/kindart.is\/en\/wp-json\/wp\/v2\/product_tag?post=7303"}],"curies":[{"name":"wp","href":"https:\/\/api.w.org\/{rel}","templated":true}]}}