{"id":7310,"date":"2023-06-01T16:09:05","date_gmt":"2023-06-01T16:09:05","guid":{"rendered":"https:\/\/kindart.is\/product\/imatra\/"},"modified":"2023-06-01T16:09:05","modified_gmt":"2023-06-01T16:09:05","slug":"imatra","status":"publish","type":"product","link":"https:\/\/kindart.is\/en\/vara\/imatra\/","title":{"rendered":"Imatra"},"content":{"rendered":"<p><strong>Imatra<\/strong>. Lj\u00f3\u00f0ab\u00f3k eftir Kristin Einarsson. B\u00f3kin er saumheft og l\u00edmd \u00ed kartonk\u00e1pu. St\u00e6r\u00f0: 22.7 X 14.4 cm og 47 bls. LISTAH\u00c1T\u00cd\u00d0.<\/p>\n<p><strong>\u00datg\u00e1fa og prentun<\/strong>:<br \/>\nHelgafell Reykjav\u00edk 1970. Lithoprent.<\/p>\n","protected":false},"excerpt":{"rendered":"<p>Imatra. Lj\u00f3\u00f0ab\u00f3k eftir Kristin Einarsson. B\u00f3kin er saumheft og l\u00edmd \u00ed kartonk\u00e1pu. St\u00e6r\u00f0: 22.7 X 14.4 cm og 47 bls. LISTAH\u00c1T\u00cd\u00d0. \u00datg\u00e1fa og prentun: Helgafell Reykjav\u00edk 1970. Lithoprent.<\/p>\n","protected":false},"featured_media":7306,"template":"","meta":{"slim_seo":{"title":"Imatra - KindArt","description":"Imatra . Lj\u00f3\u00f0ab\u00f3k eftir Kristin Einarsson. B\u00f3kin er saumheft og l\u00edmd \u00ed kartonk\u00e1pu. St\u00e6r\u00f0: 22.7 X 14.4 cm og 47 bls. LISTAH\u00c1T\u00cd\u00d0. \u00datg\u00e1fa og prentun : Helgafell Re"}},"product_brand":[],"product_cat":[83],"product_tag":[],"class_list":{"0":"post-7310","1":"product","2":"type-product","3":"status-publish","4":"has-post-thumbnail","6":"product_cat-books","7":"product_shipping_class-small-en","9":"first","10":"outofstock","11":"purchasable","12":"product-type-simple"},"_links":{"self":[{"href":"https:\/\/kindart.is\/en\/wp-json\/wp\/v2\/product\/7310","targetHints":{"allow":["GET"]}}],"collection":[{"href":"https:\/\/kindart.is\/en\/wp-json\/wp\/v2\/product"}],"about":[{"href":"https:\/\/kindart.is\/en\/wp-json\/wp\/v2\/types\/product"}],"wp:featuredmedia":[{"embeddable":true,"href":"https:\/\/kindart.is\/en\/wp-json\/wp\/v2\/media\/7306"}],"wp:attachment":[{"href":"https:\/\/kindart.is\/en\/wp-json\/wp\/v2\/media?parent=7310"}],"wp:term":[{"taxonomy":"product_brand","embeddable":true,"href":"https:\/\/kindart.is\/en\/wp-json\/wp\/v2\/product_brand?post=7310"},{"taxonomy":"product_cat","embeddable":true,"href":"https:\/\/kindart.is\/en\/wp-json\/wp\/v2\/product_cat?post=7310"},{"taxonomy":"product_tag","embeddable":true,"href":"https:\/\/kindart.is\/en\/wp-json\/wp\/v2\/product_tag?post=7310"}],"curies":[{"name":"wp","href":"https:\/\/api.w.org\/{rel}","templated":true}]}}