{"id":7316,"date":"2023-06-01T16:11:33","date_gmt":"2023-06-01T16:11:33","guid":{"rendered":"https:\/\/kindart.is\/product\/burtreid-alexanders\/"},"modified":"2023-06-01T16:11:33","modified_gmt":"2023-06-01T16:11:33","slug":"burtreid-alexanders","status":"publish","type":"product","link":"https:\/\/kindart.is\/en\/vara\/burtreid-alexanders\/","title":{"rendered":"Burtrei\u00f0 Alexanders"},"content":{"rendered":"<p><strong>Burtrei\u00f0 Alexanders<\/strong> er lj\u00f3\u00f0ab\u00f3k eftir B\u00f6\u00f0var Gu\u00f0mundsson. \u00c1 k\u00e1pu er mynd af Mao Tse Tung. B\u00f3kin er saumheft \u00ed k\u00e1pu og st\u00e6r\u00f0in er: 22.5 X 14.9 cm og 61 bls. K\u00e1pan er appels\u00ednugul \u00e1 litinn.<\/p>\n<p><strong>\u00datg\u00e1fa og prentun<\/strong>:<br \/>\nHelgafell, Reykjav\u00edk, 1971. Lithoprent.<\/p>\n","protected":false},"excerpt":{"rendered":"<p>Burtrei\u00f0 Alexanders er lj\u00f3\u00f0ab\u00f3k eftir B\u00f6\u00f0var Gu\u00f0mundsson. \u00c1 k\u00e1pu er mynd af Mao Tse Tung. B\u00f3kin er saumheft \u00ed k\u00e1pu og st\u00e6r\u00f0in er: 22.5 X 14.9 cm og 61 bls. K\u00e1pan er appels\u00ednugul \u00e1 litinn. \u00datg\u00e1fa og prentun: Helgafell, Reykjav\u00edk, 1971. Lithoprent.<\/p>\n","protected":false},"featured_media":7313,"template":"","meta":{"slim_seo":{"title":"Burtrei\u00f0 Alexanders - KindArt","description":"Burtrei\u00f0 Alexanders er lj\u00f3\u00f0ab\u00f3k eftir B\u00f6\u00f0var Gu\u00f0mundsson. \u00c1 k\u00e1pu er mynd af Mao Tse Tung. B\u00f3kin er saumheft \u00ed k\u00e1pu og st\u00e6r\u00f0in er: 22.5 X 14.9 cm og 61 bls. K\u00e1pa"}},"product_brand":[],"product_cat":[83],"product_tag":[],"class_list":{"0":"post-7316","1":"product","2":"type-product","3":"status-publish","4":"has-post-thumbnail","6":"product_cat-books","7":"product_shipping_class-small-en","9":"first","10":"instock","11":"purchasable","12":"product-type-simple"},"_links":{"self":[{"href":"https:\/\/kindart.is\/en\/wp-json\/wp\/v2\/product\/7316","targetHints":{"allow":["GET"]}}],"collection":[{"href":"https:\/\/kindart.is\/en\/wp-json\/wp\/v2\/product"}],"about":[{"href":"https:\/\/kindart.is\/en\/wp-json\/wp\/v2\/types\/product"}],"wp:featuredmedia":[{"embeddable":true,"href":"https:\/\/kindart.is\/en\/wp-json\/wp\/v2\/media\/7313"}],"wp:attachment":[{"href":"https:\/\/kindart.is\/en\/wp-json\/wp\/v2\/media?parent=7316"}],"wp:term":[{"taxonomy":"product_brand","embeddable":true,"href":"https:\/\/kindart.is\/en\/wp-json\/wp\/v2\/product_brand?post=7316"},{"taxonomy":"product_cat","embeddable":true,"href":"https:\/\/kindart.is\/en\/wp-json\/wp\/v2\/product_cat?post=7316"},{"taxonomy":"product_tag","embeddable":true,"href":"https:\/\/kindart.is\/en\/wp-json\/wp\/v2\/product_tag?post=7316"}],"curies":[{"name":"wp","href":"https:\/\/api.w.org\/{rel}","templated":true}]}}