{"id":7324,"date":"2023-06-02T09:24:25","date_gmt":"2023-06-02T09:24:25","guid":{"rendered":"https:\/\/kindart.is\/product\/skum\/"},"modified":"2023-06-02T09:24:25","modified_gmt":"2023-06-02T09:24:25","slug":"skum","status":"publish","type":"product","link":"https:\/\/kindart.is\/en\/vara\/skum\/","title":{"rendered":"Sk\u00fam"},"content":{"rendered":"<p><strong>Sk\u00fam<\/strong> &#8211; H\u00f6fundur: Anna Le\u00f3sd\u00f3ttir. Lj\u00f3\u00f0ab\u00f3k. B\u00f3kin er l\u00edmheft \u00ed kartonk\u00e1pu me\u00f0 k\u00e1puteikningu a\u00f0 framan og aftan eftir \u00d6nnu Le\u00f3sd\u00f3ttur. St\u00e6r\u00f0: 20.5 X 14.6 cm. \u00c1n bla\u00f0s\u00ed\u00f0utals.<\/p>\n<p><strong>\u00datg\u00e1fa og prentun<\/strong>:<br \/>\n\u00datgefanda ekki geti\u00f0, en l\u00edklega h\u00f6fundur. Reykjav\u00edk 2010. Prentun: Prentsm. N\u00f3n og B\u00f3kband: B\u00f3kadrekinn.<\/p>\n","protected":false},"excerpt":{"rendered":"<p>Sk\u00fam &#8211; H\u00f6fundur: Anna Le\u00f3sd\u00f3ttir. Lj\u00f3\u00f0ab\u00f3k. B\u00f3kin er l\u00edmheft \u00ed kartonk\u00e1pu me\u00f0 k\u00e1puteikningu a\u00f0 framan og aftan eftir \u00d6nnu Le\u00f3sd\u00f3ttur. St\u00e6r\u00f0: 20.5 X 14.6 cm. \u00c1n bla\u00f0s\u00ed\u00f0utals. \u00datg\u00e1fa og prentun: \u00datgefanda ekki geti\u00f0, en l\u00edklega h\u00f6fundur. Reykjav\u00edk 2010. Prentun: Prentsm. N\u00f3n og B\u00f3kband: B\u00f3kadrekinn.<\/p>\n","protected":false},"featured_media":7319,"template":"","meta":{"slim_seo":{"title":"Sk\u00fam - KindArt","description":"Sk\u00fam - H\u00f6fundur: Anna Le\u00f3sd\u00f3ttir. Lj\u00f3\u00f0ab\u00f3k. B\u00f3kin er l\u00edmheft \u00ed kartonk\u00e1pu me\u00f0 k\u00e1puteikningu a\u00f0 framan og aftan eftir \u00d6nnu Le\u00f3sd\u00f3ttur. St\u00e6r\u00f0: 20.5 X 14.6 cm. \u00c1n"}},"product_brand":[],"product_cat":[83],"product_tag":[],"class_list":{"0":"post-7324","1":"product","2":"type-product","3":"status-publish","4":"has-post-thumbnail","6":"product_cat-books","7":"product_shipping_class-small-en","9":"first","10":"outofstock","11":"purchasable","12":"product-type-simple"},"_links":{"self":[{"href":"https:\/\/kindart.is\/en\/wp-json\/wp\/v2\/product\/7324","targetHints":{"allow":["GET"]}}],"collection":[{"href":"https:\/\/kindart.is\/en\/wp-json\/wp\/v2\/product"}],"about":[{"href":"https:\/\/kindart.is\/en\/wp-json\/wp\/v2\/types\/product"}],"wp:featuredmedia":[{"embeddable":true,"href":"https:\/\/kindart.is\/en\/wp-json\/wp\/v2\/media\/7319"}],"wp:attachment":[{"href":"https:\/\/kindart.is\/en\/wp-json\/wp\/v2\/media?parent=7324"}],"wp:term":[{"taxonomy":"product_brand","embeddable":true,"href":"https:\/\/kindart.is\/en\/wp-json\/wp\/v2\/product_brand?post=7324"},{"taxonomy":"product_cat","embeddable":true,"href":"https:\/\/kindart.is\/en\/wp-json\/wp\/v2\/product_cat?post=7324"},{"taxonomy":"product_tag","embeddable":true,"href":"https:\/\/kindart.is\/en\/wp-json\/wp\/v2\/product_tag?post=7324"}],"curies":[{"name":"wp","href":"https:\/\/api.w.org\/{rel}","templated":true}]}}