{"id":7330,"date":"2023-06-02T09:28:15","date_gmt":"2023-06-02T09:28:15","guid":{"rendered":"https:\/\/kindart.is\/product\/leynt-og-ljost\/"},"modified":"2023-06-02T09:28:15","modified_gmt":"2023-06-02T09:28:15","slug":"leynt-og-ljost","status":"publish","type":"product","link":"https:\/\/kindart.is\/en\/vara\/leynt-og-ljost\/","title":{"rendered":"Leynt og lj\u00f3st"},"content":{"rendered":"<p><strong>Leynt og lj\u00f3st<\/strong>. Tv\u00e6r s\u00f6gur eftir \u00d3laf J\u00f3hann Sigur\u00f0sson. Br\u00e9f s\u00e9ra B\u00f6\u00f0vars og M\u00fdrin heima \u2013 \u00dej\u00f3\u00f0arsk\u00fatan og Tungli\u00f0. B\u00f3kin er bundin \u00e1 alband, shirtingsl\u00edki. St\u00e6r\u00f0: 18.8 X 11.4 cm og 192 bls.<\/p>\n<p><strong>\u00datg\u00e1fa og prentun<\/strong>:<br \/>\nHeimskringla Reykjav\u00edk 1965. Prentsmi\u00f0jan H\u00f3lar<\/p>\n","protected":false},"excerpt":{"rendered":"<p>Leynt og lj\u00f3st. Tv\u00e6r s\u00f6gur eftir \u00d3laf J\u00f3hann Sigur\u00f0sson. Br\u00e9f s\u00e9ra B\u00f6\u00f0vars og M\u00fdrin heima \u2013 \u00dej\u00f3\u00f0arsk\u00fatan og Tungli\u00f0. B\u00f3kin er bundin \u00e1 alband, shirtingsl\u00edki. St\u00e6r\u00f0: 18.8 X 11.4 cm og 192 bls. \u00datg\u00e1fa og prentun: Heimskringla Reykjav\u00edk 1965. Prentsmi\u00f0jan H\u00f3lar<\/p>\n","protected":false},"featured_media":7327,"template":"","meta":{"slim_seo":{"title":"Leynt og lj\u00f3st - KindArt","description":"Leynt og lj\u00f3st . Tv\u00e6r s\u00f6gur eftir \u00d3laf J\u00f3hann Sigur\u00f0sson. Br\u00e9f s\u00e9ra B\u00f6\u00f0vars og M\u00fdrin heima \u2013 \u00dej\u00f3\u00f0arsk\u00fatan og Tungli\u00f0. B\u00f3kin er bundin \u00e1 alband, shirtingsl\u00edki. S"}},"product_brand":[],"product_cat":[83],"product_tag":[],"class_list":{"0":"post-7330","1":"product","2":"type-product","3":"status-publish","4":"has-post-thumbnail","6":"product_cat-books","7":"product_shipping_class-small-en","9":"first","10":"instock","11":"purchasable","12":"product-type-simple"},"_links":{"self":[{"href":"https:\/\/kindart.is\/en\/wp-json\/wp\/v2\/product\/7330","targetHints":{"allow":["GET"]}}],"collection":[{"href":"https:\/\/kindart.is\/en\/wp-json\/wp\/v2\/product"}],"about":[{"href":"https:\/\/kindart.is\/en\/wp-json\/wp\/v2\/types\/product"}],"wp:featuredmedia":[{"embeddable":true,"href":"https:\/\/kindart.is\/en\/wp-json\/wp\/v2\/media\/7327"}],"wp:attachment":[{"href":"https:\/\/kindart.is\/en\/wp-json\/wp\/v2\/media?parent=7330"}],"wp:term":[{"taxonomy":"product_brand","embeddable":true,"href":"https:\/\/kindart.is\/en\/wp-json\/wp\/v2\/product_brand?post=7330"},{"taxonomy":"product_cat","embeddable":true,"href":"https:\/\/kindart.is\/en\/wp-json\/wp\/v2\/product_cat?post=7330"},{"taxonomy":"product_tag","embeddable":true,"href":"https:\/\/kindart.is\/en\/wp-json\/wp\/v2\/product_tag?post=7330"}],"curies":[{"name":"wp","href":"https:\/\/api.w.org\/{rel}","templated":true}]}}