{"id":7338,"date":"2023-06-02T09:31:33","date_gmt":"2023-06-02T09:31:33","guid":{"rendered":"https:\/\/kindart.is\/product\/uppskera-ottans\/"},"modified":"2023-06-02T09:31:33","modified_gmt":"2023-06-02T09:31:33","slug":"uppskera-ottans","status":"publish","type":"product","link":"https:\/\/kindart.is\/en\/vara\/uppskera-ottans\/","title":{"rendered":"Uppskera \u00d3ttans"},"content":{"rendered":"<p><strong>Uppskera \u00d3ttans<\/strong> eftir Sigur\u00f0 R\u00f3bertsson rith\u00f6fund. Leikrit \u00ed n\u00edu s\u00fdningum. B\u00f3kin er \u00ed sama formi og B\u00f3kaflokkur M\u00e1ls og menningar, en a\u00f0eins einn feldur. Gulur shirtingur \u00e1 kili og rau\u00f0gulur spjaldapapp\u00edr \u00e1 hli\u00f0um me\u00f0 rau\u00f0leitum r\u00f6ndum. St\u00e6r\u00f0: 18.9 X 11.7 cm og 105 bls.<\/p>\n<p><strong>\u00datg\u00e1fa og prentun<\/strong>:<br \/>\nHeimskringla, Reykjav\u00edk 1955. Prentsmi\u00f0jan H\u00f3lar. H\u00f3lab\u00f3kbandi\u00f0.<br \/>\nH\u00f6nnun: Hafsteinn Gu\u00f0mundsson.<\/p>\n","protected":false},"excerpt":{"rendered":"<p>Uppskera \u00d3ttans eftir Sigur\u00f0 R\u00f3bertsson rith\u00f6fund. Leikrit \u00ed n\u00edu s\u00fdningum. B\u00f3kin er \u00ed sama formi og B\u00f3kaflokkur M\u00e1ls og menningar, en a\u00f0eins einn feldur. Gulur shirtingur \u00e1 kili og rau\u00f0gulur spjaldapapp\u00edr \u00e1 hli\u00f0um me\u00f0 rau\u00f0leitum r\u00f6ndum. St\u00e6r\u00f0: 18.9 X 11.7 cm og 105 bls. \u00datg\u00e1fa og prentun: Heimskringla, Reykjav\u00edk 1955. Prentsmi\u00f0jan H\u00f3lar. H\u00f3lab\u00f3kbandi\u00f0. H\u00f6nnun: Hafsteinn [&hellip;]<\/p>\n","protected":false},"featured_media":7333,"template":"","meta":{"slim_seo":{"title":"Uppskera \u00d3ttans - KindArt","description":"Uppskera \u00d3ttans eftir Sigur\u00f0 R\u00f3bertsson rith\u00f6fund. Leikrit \u00ed n\u00edu s\u00fdningum. B\u00f3kin er \u00ed sama formi og B\u00f3kaflokkur M\u00e1ls og menningar, en a\u00f0eins einn feldur. Gulur"}},"product_brand":[],"product_cat":[83],"product_tag":[],"class_list":{"0":"post-7338","1":"product","2":"type-product","3":"status-publish","4":"has-post-thumbnail","6":"product_cat-books","7":"product_shipping_class-small-en","9":"first","10":"instock","11":"purchasable","12":"product-type-simple"},"_links":{"self":[{"href":"https:\/\/kindart.is\/en\/wp-json\/wp\/v2\/product\/7338","targetHints":{"allow":["GET"]}}],"collection":[{"href":"https:\/\/kindart.is\/en\/wp-json\/wp\/v2\/product"}],"about":[{"href":"https:\/\/kindart.is\/en\/wp-json\/wp\/v2\/types\/product"}],"wp:featuredmedia":[{"embeddable":true,"href":"https:\/\/kindart.is\/en\/wp-json\/wp\/v2\/media\/7333"}],"wp:attachment":[{"href":"https:\/\/kindart.is\/en\/wp-json\/wp\/v2\/media?parent=7338"}],"wp:term":[{"taxonomy":"product_brand","embeddable":true,"href":"https:\/\/kindart.is\/en\/wp-json\/wp\/v2\/product_brand?post=7338"},{"taxonomy":"product_cat","embeddable":true,"href":"https:\/\/kindart.is\/en\/wp-json\/wp\/v2\/product_cat?post=7338"},{"taxonomy":"product_tag","embeddable":true,"href":"https:\/\/kindart.is\/en\/wp-json\/wp\/v2\/product_tag?post=7338"}],"curies":[{"name":"wp","href":"https:\/\/api.w.org\/{rel}","templated":true}]}}