{"id":7344,"date":"2023-06-02T09:36:22","date_gmt":"2023-06-02T09:36:22","guid":{"rendered":"https:\/\/kindart.is\/product\/ny-jardabok-fyrir-island\/"},"modified":"2023-06-02T09:36:22","modified_gmt":"2023-06-02T09:36:22","slug":"ny-jardabok-fyrir-island","status":"publish","type":"product","link":"https:\/\/kindart.is\/en\/vara\/ny-jardabok-fyrir-island\/","title":{"rendered":"N\u00fd Jar\u00f0ab\u00f3k fyrir \u00cdsland"},"content":{"rendered":"<p><strong>N\u00fd Jar\u00f0ab\u00f3k fyrir \u00cdsland<\/strong>, samin eftir tilskipun 27. ma\u00edm\u00e1na\u00f0ar 1848 og allramildilegast sta\u00f0fest me\u00f0 tilskipun 1. apr\u00edlm\u00e1na\u00f0ar 1861. St\u00e6r\u00f0: 22.6 X 19.1 cm og 148 bls. \u2013 Gott eintak \u2013 \u00d3lesi\u00f0, \u00f3skori\u00f0 upp \u00far a\u00f0 ofan (l\u00edklega prentu\u00f0 \u00ed h\u00e1lf\u00f6rkum).<\/p>\n<p><strong>\u00datg\u00e1fa og prentun<\/strong>:<br \/>\nJar\u00f0ab\u00f3ka\u00fatg\u00e1fan. 1981 Lj\u00f3sprentu\u00f0 eftir frumprenti \u00ed J. H. Schulstz\u00b4s prentsmi\u00f0ju. Kaupmannah\u00f6fn, 1861.<\/p>\n","protected":false},"excerpt":{"rendered":"<p>N\u00fd Jar\u00f0ab\u00f3k fyrir \u00cdsland, samin eftir tilskipun 27. ma\u00edm\u00e1na\u00f0ar 1848 og allramildilegast sta\u00f0fest me\u00f0 tilskipun 1. apr\u00edlm\u00e1na\u00f0ar 1861. St\u00e6r\u00f0: 22.6 X 19.1 cm og 148 bls. \u2013 Gott eintak \u2013 \u00d3lesi\u00f0, \u00f3skori\u00f0 upp \u00far a\u00f0 ofan (l\u00edklega prentu\u00f0 \u00ed h\u00e1lf\u00f6rkum). \u00datg\u00e1fa og prentun: Jar\u00f0ab\u00f3ka\u00fatg\u00e1fan. 1981 Lj\u00f3sprentu\u00f0 eftir frumprenti \u00ed J. H. Schulstz\u00b4s prentsmi\u00f0ju. Kaupmannah\u00f6fn, 1861.<\/p>\n","protected":false},"featured_media":7341,"template":"","meta":{"slim_seo":{"title":"N\u00fd Jar\u00f0ab\u00f3k fyrir \u00cdsland - KindArt","description":"N\u00fd Jar\u00f0ab\u00f3k fyrir \u00cdsland , samin eftir tilskipun 27. ma\u00edm\u00e1na\u00f0ar 1848 og allramildilegast sta\u00f0fest me\u00f0 tilskipun 1. apr\u00edlm\u00e1na\u00f0ar 1861. St\u00e6r\u00f0: 22.6 X 19.1 cm og 1"}},"product_brand":[],"product_cat":[83],"product_tag":[],"class_list":{"0":"post-7344","1":"product","2":"type-product","3":"status-publish","4":"has-post-thumbnail","6":"product_cat-books","7":"product_shipping_class-small-en","9":"first","10":"outofstock","11":"purchasable","12":"product-type-simple"},"_links":{"self":[{"href":"https:\/\/kindart.is\/en\/wp-json\/wp\/v2\/product\/7344","targetHints":{"allow":["GET"]}}],"collection":[{"href":"https:\/\/kindart.is\/en\/wp-json\/wp\/v2\/product"}],"about":[{"href":"https:\/\/kindart.is\/en\/wp-json\/wp\/v2\/types\/product"}],"wp:featuredmedia":[{"embeddable":true,"href":"https:\/\/kindart.is\/en\/wp-json\/wp\/v2\/media\/7341"}],"wp:attachment":[{"href":"https:\/\/kindart.is\/en\/wp-json\/wp\/v2\/media?parent=7344"}],"wp:term":[{"taxonomy":"product_brand","embeddable":true,"href":"https:\/\/kindart.is\/en\/wp-json\/wp\/v2\/product_brand?post=7344"},{"taxonomy":"product_cat","embeddable":true,"href":"https:\/\/kindart.is\/en\/wp-json\/wp\/v2\/product_cat?post=7344"},{"taxonomy":"product_tag","embeddable":true,"href":"https:\/\/kindart.is\/en\/wp-json\/wp\/v2\/product_tag?post=7344"}],"curies":[{"name":"wp","href":"https:\/\/api.w.org\/{rel}","templated":true}]}}