{"id":7352,"date":"2023-06-02T16:31:30","date_gmt":"2023-06-02T16:31:30","guid":{"rendered":"https:\/\/kindart.is\/product\/sangen-om-den-rode-rubin\/"},"modified":"2023-06-02T16:31:30","modified_gmt":"2023-06-02T16:31:30","slug":"sangen-om-den-rode-rubin","status":"publish","type":"product","link":"https:\/\/kindart.is\/en\/vara\/sangen-om-den-rode-rubin\/","title":{"rendered":"Sangen om den r\u00f6de rubin"},"content":{"rendered":"<p><strong>Sangen om den r\u00f6de rubin<\/strong> \u00e1 d\u00f6nsku. \u00deetta er hin fr\u00e6ga saga norska rith\u00f6fundarins Agnars Mykle sem h\u00e9t \u00e1 \u00edslensku, ja, hva\u00f0 h\u00e9t h\u00fan n\u00fa. J\u00e1, n\u00fa man \u00e9g \u00fea\u00f0. H\u00fan kom aldrei \u00fat \u00e1 \u00edslensku \u00fev\u00ed yfirv\u00f6ld h\u00f3tu\u00f0u a\u00f0 h\u00fan yr\u00f0i b\u00f6nnu\u00f0 og \u00fatgefandinn dr\u00f3 sig \u00fe\u00e1 til baka og h\u00e6tti vi\u00f0 \u00fatg\u00e1funa. En h\u00fan gekk almennt undir nafninu Rau\u00f0i r\u00fab\u00edninn. En um m\u00e1lareksturinn \u00ed Noregi m\u00e1 n\u00e1lgast \u00e1 Sk\u00e1ldasetri J\u00f3hannesar \u00far K\u00f6tlum: &#8212; johannes.is \u2013 Undir d\u00e1lkinum Greinar. J\u00f3hannes var byrja\u00f0ur a\u00f0 \u00fe\u00fd\u00f0a R\u00fabininn og annar kafli hans kom \u00fat \u00ed sm\u00e1 b\u00e6klingi, sem J\u00f3hannes gaf \u00fat og heitir Ro\u00f0asteinninn og ritfrelsi\u00f0 og er 1 eintak til s\u00f6lu \u00ed Fornb\u00f3kinni. Danska \u00fatg\u00e1fan af rau\u00f0a r\u00fab\u00edninum er einnig til s\u00f6lu \u00fear, saumheft og sett \u00ed kartonk\u00e1pu. St\u00e6r\u00f0: 22.5 X14.8 cm og 312 bls.<\/p>\n<p><strong>\u00datg\u00e1fa og prentun<\/strong>:<br \/>\n\u00datgefandi: Det Sch\u00f8nbergske Forlag, K\u00f8benhavn 1957. Prentun \u00ed Danm\u00f6rku: 8. upplag \u00ed n\u00f3vember 1957 hj\u00e1 Hoffensbergske Etablissement, K\u00f8benhavn. Keypt \u00ed B\u00f3kab\u00fa\u00f0 KRON \u00ed Bankastr\u00e6ti. Seldist vel \u00fear \u00e1 d\u00f6nsku.<\/p>\n","protected":false},"excerpt":{"rendered":"<p>Sangen om den r\u00f6de rubin \u00e1 d\u00f6nsku. \u00deetta er hin fr\u00e6ga saga norska rith\u00f6fundarins Agnars Mykle sem h\u00e9t \u00e1 \u00edslensku, ja, hva\u00f0 h\u00e9t h\u00fan n\u00fa. J\u00e1, n\u00fa man \u00e9g \u00fea\u00f0. H\u00fan kom aldrei \u00fat \u00e1 \u00edslensku \u00fev\u00ed yfirv\u00f6ld h\u00f3tu\u00f0u a\u00f0 h\u00fan yr\u00f0i b\u00f6nnu\u00f0 og \u00fatgefandinn dr\u00f3 sig \u00fe\u00e1 til baka og h\u00e6tti vi\u00f0 \u00fatg\u00e1funa. En [&hellip;]<\/p>\n","protected":false},"featured_media":7347,"template":"","meta":{"slim_seo":{"title":"Sangen om den r\u00f6de rubin - KindArt","description":"Sangen om den r\u00f6de rubin \u00e1 d\u00f6nsku. \u00deetta er hin fr\u00e6ga saga norska rith\u00f6fundarins Agnars Mykle sem h\u00e9t \u00e1 \u00edslensku, ja, hva\u00f0 h\u00e9t h\u00fan n\u00fa. J\u00e1, n\u00fa man \u00e9g \u00fea\u00f0. H\u00fan ko"}},"product_brand":[],"product_cat":[83],"product_tag":[],"class_list":{"0":"post-7352","1":"product","2":"type-product","3":"status-publish","4":"has-post-thumbnail","6":"product_cat-books","7":"product_shipping_class-small-en","9":"first","10":"instock","11":"purchasable","12":"product-type-simple"},"_links":{"self":[{"href":"https:\/\/kindart.is\/en\/wp-json\/wp\/v2\/product\/7352","targetHints":{"allow":["GET"]}}],"collection":[{"href":"https:\/\/kindart.is\/en\/wp-json\/wp\/v2\/product"}],"about":[{"href":"https:\/\/kindart.is\/en\/wp-json\/wp\/v2\/types\/product"}],"wp:featuredmedia":[{"embeddable":true,"href":"https:\/\/kindart.is\/en\/wp-json\/wp\/v2\/media\/7347"}],"wp:attachment":[{"href":"https:\/\/kindart.is\/en\/wp-json\/wp\/v2\/media?parent=7352"}],"wp:term":[{"taxonomy":"product_brand","embeddable":true,"href":"https:\/\/kindart.is\/en\/wp-json\/wp\/v2\/product_brand?post=7352"},{"taxonomy":"product_cat","embeddable":true,"href":"https:\/\/kindart.is\/en\/wp-json\/wp\/v2\/product_cat?post=7352"},{"taxonomy":"product_tag","embeddable":true,"href":"https:\/\/kindart.is\/en\/wp-json\/wp\/v2\/product_tag?post=7352"}],"curies":[{"name":"wp","href":"https:\/\/api.w.org\/{rel}","templated":true}]}}