{"id":7358,"date":"2023-06-02T16:40:16","date_gmt":"2023-06-02T16:40:16","guid":{"rendered":"https:\/\/kindart.is\/product\/rodasteinninn-og-ritfrelsid\/"},"modified":"2023-06-02T16:40:16","modified_gmt":"2023-06-02T16:40:16","slug":"rodasteinninn-og-ritfrelsid","status":"publish","type":"product","link":"https:\/\/kindart.is\/en\/vara\/rodasteinninn-og-ritfrelsid\/","title":{"rendered":"Ro\u00f0asteinninn og ritfrelsi\u00f0"},"content":{"rendered":"<p><strong>Ro\u00f0asteinninn og ritfrelsi\u00f0<\/strong>. B\u00e6klingur eftir J\u00f3hannes \u00far K\u00f6tlum sem hann gaf \u00fat eftir a\u00f0 hann var\u00f0 a\u00f0 h\u00e6tta vi\u00f0 \u00fe\u00fd\u00f0ingu s\u00edna \u00e1 Rau\u00f0a r\u00fab\u00edninum eftir Agnar Mykle. H\u00f6fundurinn norski lenti \u00ed miklum r\u00e9ttarh\u00f6ldum \u00ed s\u00ednu heimalandi, Noregi, \u00feegar b\u00f3k hans kom \u00fat og margir andans menn \u00ed Noregi ur\u00f0u a\u00f0 koma fyrir r\u00e9ttinn til \u00feess a\u00f0 l\u00e1ta \u00e1lit sitt \u00ed lj\u00f3s. Sagt er a\u00f0 \u00feessi r\u00e9ttarh\u00f6ld hafi veri\u00f0 \u00feau mestu og fr\u00e6gustu sem fari\u00f0 hafi fram \u00ed Noregi nokkru sinni. B\u00e6klingurinn er 18.7 X 12.5 cm og 98 bls a\u00f0 st\u00e6r\u00f0. Saumheftur \u00ed kartonk\u00e1pu me\u00f0 mynd af Agnar Mykle framan \u00e1.<\/p>\n<p><strong>\u00datg\u00e1fa<\/strong>:<br \/>\n\u00datgefinn af h\u00f6fundi. 1958, sama \u00e1r og r\u00e9ttarh\u00f6ldin f\u00f3ru fram \u00ed Noregi, en \u00ed handritum J\u00f3hannesar eru geymdar fj\u00f6lda margar \u00farklippur \u00far norskum bl\u00f6\u00f0um sem segja fr\u00e1 r\u00e9ttarh\u00f6ldunum. \u00dea\u00f0 er eftirtektarvert a\u00f0 \u00fea\u00f0 eru ekki til margar lj\u00f3smyndir fr\u00e1 r\u00e9ttarh\u00f6ldunum, en miki\u00f0 af teiknu\u00f0um mannamyndum af fr\u00e6gu f\u00f3lki sem kalla\u00f0 var fyrir r\u00e9ttinn. \u00dea\u00f0 hefur l\u00edklega veri\u00f0 banna\u00f0 a\u00f0 taka lj\u00f3smyndir \u00ed H\u00e6star\u00e9tti Noregs \u00ed \u00feessu m\u00e1li, en \u00fear f\u00f3ru \u00feau fram.<\/p>\n","protected":false},"excerpt":{"rendered":"<p>Ro\u00f0asteinninn og ritfrelsi\u00f0. B\u00e6klingur eftir J\u00f3hannes \u00far K\u00f6tlum sem hann gaf \u00fat eftir a\u00f0 hann var\u00f0 a\u00f0 h\u00e6tta vi\u00f0 \u00fe\u00fd\u00f0ingu s\u00edna \u00e1 Rau\u00f0a r\u00fab\u00edninum eftir Agnar Mykle. H\u00f6fundurinn norski lenti \u00ed miklum r\u00e9ttarh\u00f6ldum \u00ed s\u00ednu heimalandi, Noregi, \u00feegar b\u00f3k hans kom \u00fat og margir andans menn \u00ed Noregi ur\u00f0u a\u00f0 koma fyrir r\u00e9ttinn til \u00feess [&hellip;]<\/p>\n","protected":false},"featured_media":7355,"template":"","meta":{"slim_seo":{"title":"Ro\u00f0asteinninn og ritfrelsi\u00f0 - KindArt","description":"Ro\u00f0asteinninn og ritfrelsi\u00f0 . B\u00e6klingur eftir J\u00f3hannes \u00far K\u00f6tlum sem hann gaf \u00fat eftir a\u00f0 hann var\u00f0 a\u00f0 h\u00e6tta vi\u00f0 \u00fe\u00fd\u00f0ingu s\u00edna \u00e1 Rau\u00f0a r\u00fab\u00edninum eftir Agnar Mykl"}},"product_brand":[],"product_cat":[83],"product_tag":[],"class_list":{"0":"post-7358","1":"product","2":"type-product","3":"status-publish","4":"has-post-thumbnail","6":"product_cat-books","7":"product_shipping_class-small-en","9":"first","10":"outofstock","11":"purchasable","12":"product-type-simple"},"_links":{"self":[{"href":"https:\/\/kindart.is\/en\/wp-json\/wp\/v2\/product\/7358","targetHints":{"allow":["GET"]}}],"collection":[{"href":"https:\/\/kindart.is\/en\/wp-json\/wp\/v2\/product"}],"about":[{"href":"https:\/\/kindart.is\/en\/wp-json\/wp\/v2\/types\/product"}],"wp:featuredmedia":[{"embeddable":true,"href":"https:\/\/kindart.is\/en\/wp-json\/wp\/v2\/media\/7355"}],"wp:attachment":[{"href":"https:\/\/kindart.is\/en\/wp-json\/wp\/v2\/media?parent=7358"}],"wp:term":[{"taxonomy":"product_brand","embeddable":true,"href":"https:\/\/kindart.is\/en\/wp-json\/wp\/v2\/product_brand?post=7358"},{"taxonomy":"product_cat","embeddable":true,"href":"https:\/\/kindart.is\/en\/wp-json\/wp\/v2\/product_cat?post=7358"},{"taxonomy":"product_tag","embeddable":true,"href":"https:\/\/kindart.is\/en\/wp-json\/wp\/v2\/product_tag?post=7358"}],"curies":[{"name":"wp","href":"https:\/\/api.w.org\/{rel}","templated":true}]}}