{"id":7366,"date":"2023-06-04T10:52:18","date_gmt":"2023-06-04T10:52:18","guid":{"rendered":"https:\/\/kindart.is\/product\/hjardir\/"},"modified":"2025-01-05T19:19:06","modified_gmt":"2025-01-05T19:19:06","slug":"hjardir","status":"publish","type":"product","link":"https:\/\/kindart.is\/en\/vara\/hjardir\/","title":{"rendered":"Hjar\u00f0ir"},"content":{"rendered":"<p><strong>Hjar\u00f0ir<\/strong>, lj\u00f3\u00f0ab\u00f3k eftir J\u00f3n Magn\u00fasson. \u00deetta er 160 bls. lj\u00f3\u00f0ab\u00f3k \u00ed litlu broti, 19.7 X12.6 cm a\u00f0 st\u00e6r\u00f0, bundin \u00ed br\u00fant shirtingsl\u00edki, alband og sneitt af j\u00f6\u00f0rum pappaspjalda, sem gerir b\u00f3kina nettlegri.<\/p>\n<p><strong>\u00datg\u00e1fa og prentun<\/strong>:<br \/>\n\u00datgefanda ekki geti\u00f0 Reykjav\u00edk 1929. Prentsmi\u00f0jan Gutenberg.<\/p>\n","protected":false},"excerpt":{"rendered":"<p>Hjar\u00f0ir, lj\u00f3\u00f0ab\u00f3k eftir J\u00f3n Magn\u00fasson. \u00deetta er 160 bls. lj\u00f3\u00f0ab\u00f3k \u00ed litlu broti, 19.7 X12.6 cm a\u00f0 st\u00e6r\u00f0, bundin \u00ed br\u00fant shirtingsl\u00edki, alband og sneitt af j\u00f6\u00f0rum pappaspjalda, sem gerir b\u00f3kina nettlegri. \u00datg\u00e1fa og prentun: \u00datgefanda ekki geti\u00f0 Reykjav\u00edk 1929. Prentsmi\u00f0jan Gutenberg.<\/p>\n","protected":false},"featured_media":7362,"template":"","meta":{"slim_seo":{"title":"Hjar\u00f0ir - KindArt","description":"Hjar\u00f0ir , lj\u00f3\u00f0ab\u00f3k eftir J\u00f3n Magn\u00fasson. \u00deetta er 160 bls. lj\u00f3\u00f0ab\u00f3k \u00ed litlu broti, 19.7 X12.6 cm a\u00f0 st\u00e6r\u00f0, bundin \u00ed br\u00fant shirtingsl\u00edki, alband og sneitt af j\u00f6\u00f0r"}},"product_brand":[],"product_cat":[83],"product_tag":[],"class_list":{"0":"post-7366","1":"product","2":"type-product","3":"status-publish","4":"has-post-thumbnail","6":"product_cat-books","7":"product_shipping_class-small-en","9":"first","10":"outofstock","11":"purchasable","12":"product-type-simple"},"_links":{"self":[{"href":"https:\/\/kindart.is\/en\/wp-json\/wp\/v2\/product\/7366","targetHints":{"allow":["GET"]}}],"collection":[{"href":"https:\/\/kindart.is\/en\/wp-json\/wp\/v2\/product"}],"about":[{"href":"https:\/\/kindart.is\/en\/wp-json\/wp\/v2\/types\/product"}],"wp:featuredmedia":[{"embeddable":true,"href":"https:\/\/kindart.is\/en\/wp-json\/wp\/v2\/media\/7362"}],"wp:attachment":[{"href":"https:\/\/kindart.is\/en\/wp-json\/wp\/v2\/media?parent=7366"}],"wp:term":[{"taxonomy":"product_brand","embeddable":true,"href":"https:\/\/kindart.is\/en\/wp-json\/wp\/v2\/product_brand?post=7366"},{"taxonomy":"product_cat","embeddable":true,"href":"https:\/\/kindart.is\/en\/wp-json\/wp\/v2\/product_cat?post=7366"},{"taxonomy":"product_tag","embeddable":true,"href":"https:\/\/kindart.is\/en\/wp-json\/wp\/v2\/product_tag?post=7366"}],"curies":[{"name":"wp","href":"https:\/\/api.w.org\/{rel}","templated":true}]}}