{"id":7383,"date":"2023-06-07T23:08:50","date_gmt":"2023-06-07T23:08:50","guid":{"rendered":"https:\/\/kindart.is\/product\/suttungur-1\/"},"modified":"2023-06-07T23:08:50","modified_gmt":"2023-06-07T23:08:50","slug":"suttungur-1","status":"publish","type":"product","link":"https:\/\/kindart.is\/en\/vara\/suttungur-1\/","title":{"rendered":"Suttungur 1"},"content":{"rendered":"<p><strong>Suttungur 1<\/strong>. Kennslub\u00f3k \u00ed bragfr\u00e6\u00f0i eftir Ragnar Inga A\u00f0alsteinsson. Kennsluheftin eru tv\u00f6, Suttungur 1 og 2 og \u00feeim fylgja \u00edtaefnishefti og Kennslulei\u00f0beiningar. Hefti\u00f0 er v\u00edrheft me\u00f0 tveimur kl\u00f6mmum. St\u00e6r\u00f0: 24.5 X 18 cm og 63 bls.<\/p>\n<p><strong>\u00datg\u00e1fa og prentun<\/strong>:<br \/>\nI\u00f0n\u00fa, Reykjav\u00edk 1996. Prentstofa I\u00d0N\u00da.<\/p>\n","protected":false},"excerpt":{"rendered":"<p>Suttungur 1. Kennslub\u00f3k \u00ed bragfr\u00e6\u00f0i eftir Ragnar Inga A\u00f0alsteinsson. Kennsluheftin eru tv\u00f6, Suttungur 1 og 2 og \u00feeim fylgja \u00edtaefnishefti og Kennslulei\u00f0beiningar. Hefti\u00f0 er v\u00edrheft me\u00f0 tveimur kl\u00f6mmum. St\u00e6r\u00f0: 24.5 X 18 cm og 63 bls. \u00datg\u00e1fa og prentun: I\u00f0n\u00fa, Reykjav\u00edk 1996. Prentstofa I\u00d0N\u00da.<\/p>\n","protected":false},"featured_media":7379,"template":"","meta":{"slim_seo":{"title":"Suttungur 1 - KindArt","description":"Suttungur 1 . Kennslub\u00f3k \u00ed bragfr\u00e6\u00f0i eftir Ragnar Inga A\u00f0alsteinsson. Kennsluheftin eru tv\u00f6, Suttungur 1 og 2 og \u00feeim fylgja \u00edtaefnishefti og Kennslulei\u00f0beining"}},"product_brand":[],"product_cat":[83],"product_tag":[],"class_list":{"0":"post-7383","1":"product","2":"type-product","3":"status-publish","4":"has-post-thumbnail","6":"product_cat-books","7":"product_shipping_class-small-en","9":"first","10":"instock","11":"purchasable","12":"product-type-simple"},"_links":{"self":[{"href":"https:\/\/kindart.is\/en\/wp-json\/wp\/v2\/product\/7383","targetHints":{"allow":["GET"]}}],"collection":[{"href":"https:\/\/kindart.is\/en\/wp-json\/wp\/v2\/product"}],"about":[{"href":"https:\/\/kindart.is\/en\/wp-json\/wp\/v2\/types\/product"}],"wp:featuredmedia":[{"embeddable":true,"href":"https:\/\/kindart.is\/en\/wp-json\/wp\/v2\/media\/7379"}],"wp:attachment":[{"href":"https:\/\/kindart.is\/en\/wp-json\/wp\/v2\/media?parent=7383"}],"wp:term":[{"taxonomy":"product_brand","embeddable":true,"href":"https:\/\/kindart.is\/en\/wp-json\/wp\/v2\/product_brand?post=7383"},{"taxonomy":"product_cat","embeddable":true,"href":"https:\/\/kindart.is\/en\/wp-json\/wp\/v2\/product_cat?post=7383"},{"taxonomy":"product_tag","embeddable":true,"href":"https:\/\/kindart.is\/en\/wp-json\/wp\/v2\/product_tag?post=7383"}],"curies":[{"name":"wp","href":"https:\/\/api.w.org\/{rel}","templated":true}]}}