{"id":7390,"date":"2023-06-07T23:12:50","date_gmt":"2023-06-07T23:12:50","guid":{"rendered":"https:\/\/kindart.is\/product\/nokkrar-skrautsyningar\/"},"modified":"2023-06-07T23:12:50","modified_gmt":"2023-06-07T23:12:50","slug":"nokkrar-skrautsyningar","status":"publish","type":"product","link":"https:\/\/kindart.is\/en\/vara\/nokkrar-skrautsyningar\/","title":{"rendered":"Nokkrar skrauts\u00fdningar"},"content":{"rendered":"<p><strong>Nokkrar skrauts\u00fdningar<\/strong>. Sm\u00e1rit st\u00f3rg\u00e6slumanns. \u00deetta eru hefti, me\u00f0 litlum sm\u00e1leikritum sem var algengt a\u00f0 setja upp fyrir eldri b\u00f6rn e\u00f0a unglinga h\u00e9r \u00e1\u00f0ur fyrr. Sigursveinn Dav\u00ed\u00f0 Kristinsson (1911-1990) t\u00f3nsk\u00e1ld vir\u00f0ist hafa stofna\u00f0 litla fj\u00f6lritunarstofu \u00e1 \u00d3lafsfir\u00f0i \u00e1 \u00e1runum 1940-1950. \u00derj\u00fa sm\u00e1rit sem \u00fear hafa veri\u00f0 fj\u00f6lritu\u00f0 er vita\u00f0 um: Sj\u00e1 Prentsmi\u00f0jub\u00f3kina, bls. 200.<\/p>\n<p><strong>\u00datg\u00e1fa og prentun<\/strong>:<br \/>\nFj\u00f6lritunarstofa Sigursveins Kristinssonar \u00d3lafsfir\u00f0i. (1940-1950).<\/p>\n<p>F\u00e1g\u00e6ti.<\/p>\n","protected":false},"excerpt":{"rendered":"<p>Nokkrar skrauts\u00fdningar. Sm\u00e1rit st\u00f3rg\u00e6slumanns. \u00deetta eru hefti, me\u00f0 litlum sm\u00e1leikritum sem var algengt a\u00f0 setja upp fyrir eldri b\u00f6rn e\u00f0a unglinga h\u00e9r \u00e1\u00f0ur fyrr. Sigursveinn Dav\u00ed\u00f0 Kristinsson (1911-1990) t\u00f3nsk\u00e1ld vir\u00f0ist hafa stofna\u00f0 litla fj\u00f6lritunarstofu \u00e1 \u00d3lafsfir\u00f0i \u00e1 \u00e1runum 1940-1950. \u00derj\u00fa sm\u00e1rit sem \u00fear hafa veri\u00f0 fj\u00f6lritu\u00f0 er vita\u00f0 um: Sj\u00e1 Prentsmi\u00f0jub\u00f3kina, bls. 200. \u00datg\u00e1fa og [&hellip;]<\/p>\n","protected":false},"featured_media":7386,"template":"","meta":{"slim_seo":{"title":"Nokkrar skrauts\u00fdningar - KindArt","description":"Nokkrar skrauts\u00fdningar . Sm\u00e1rit st\u00f3rg\u00e6slumanns. \u00deetta eru hefti, me\u00f0 litlum sm\u00e1leikritum sem var algengt a\u00f0 setja upp fyrir eldri b\u00f6rn e\u00f0a unglinga h\u00e9r \u00e1\u00f0ur fyr"}},"product_brand":[],"product_cat":[83],"product_tag":[],"class_list":{"0":"post-7390","1":"product","2":"type-product","3":"status-publish","4":"has-post-thumbnail","6":"product_cat-books","7":"product_shipping_class-small-en","9":"first","10":"instock","11":"purchasable","12":"product-type-simple"},"_links":{"self":[{"href":"https:\/\/kindart.is\/en\/wp-json\/wp\/v2\/product\/7390","targetHints":{"allow":["GET"]}}],"collection":[{"href":"https:\/\/kindart.is\/en\/wp-json\/wp\/v2\/product"}],"about":[{"href":"https:\/\/kindart.is\/en\/wp-json\/wp\/v2\/types\/product"}],"wp:featuredmedia":[{"embeddable":true,"href":"https:\/\/kindart.is\/en\/wp-json\/wp\/v2\/media\/7386"}],"wp:attachment":[{"href":"https:\/\/kindart.is\/en\/wp-json\/wp\/v2\/media?parent=7390"}],"wp:term":[{"taxonomy":"product_brand","embeddable":true,"href":"https:\/\/kindart.is\/en\/wp-json\/wp\/v2\/product_brand?post=7390"},{"taxonomy":"product_cat","embeddable":true,"href":"https:\/\/kindart.is\/en\/wp-json\/wp\/v2\/product_cat?post=7390"},{"taxonomy":"product_tag","embeddable":true,"href":"https:\/\/kindart.is\/en\/wp-json\/wp\/v2\/product_tag?post=7390"}],"curies":[{"name":"wp","href":"https:\/\/api.w.org\/{rel}","templated":true}]}}