{"id":7397,"date":"2023-06-07T23:17:07","date_gmt":"2023-06-07T23:17:07","guid":{"rendered":"https:\/\/kindart.is\/product\/thjodin-og-kylfan\/"},"modified":"2024-12-04T12:56:40","modified_gmt":"2024-12-04T12:56:40","slug":"thjodin-og-kylfan","status":"publish","type":"product","link":"https:\/\/kindart.is\/en\/vara\/thjodin-og-kylfan\/","title":{"rendered":"\u00dej\u00f3\u00f0in og kylfan"},"content":{"rendered":"<p><strong>\u00dej\u00f3\u00f0in og kylfan<\/strong>. B\u00e6klingur sem var gefin \u00fat um atbur\u00f0ina 30. mars 1949 og um forleik \u00feeirra og eftirleik. B\u00e6klingurinn er \u00ed br\u00fanum lit og mynd framan \u00e1 af \u00fatifundinum vi\u00f0 Mi\u00f0b\u00e6jarbarnask\u00f3lann \u00feennan dag og kylfu sem l\u00f6greglan nota\u00f0i til a\u00f0 berja \u00e1 f\u00f3lkinu sem safna\u00f0ist fyrir framan Al\u00feingish\u00fasi\u00f0 til \u00feess a\u00f0 \u00f3ska eftir \u00fej\u00f3\u00f0aratkv\u00e6\u00f0agrei\u00f0slu um inng\u00f6ngu \u00ed Atlantshafsbandalagi\u00f0. St\u00e6r\u00f0: 21 X 14 cm og 35 bls.<\/p>\n<p><strong>\u00datg\u00e1fa og prentun<\/strong>:<br \/>\n\u00datgefandi: S\u00f3s\u00edalistaflokkurinn. Reykjav\u00edk 1949. Prentsmi\u00f0jan H\u00f3lar.<\/p>\n","protected":false},"excerpt":{"rendered":"<p>\u00dej\u00f3\u00f0in og kylfan. B\u00e6klingur sem var gefin \u00fat um atbur\u00f0ina 30. mars 1949 og um forleik \u00feeirra og eftirleik. B\u00e6klingurinn er \u00ed br\u00fanum lit og mynd framan \u00e1 af \u00fatifundinum vi\u00f0 Mi\u00f0b\u00e6jarbarnask\u00f3lann \u00feennan dag og kylfu sem l\u00f6greglan nota\u00f0i til a\u00f0 berja \u00e1 f\u00f3lkinu sem safna\u00f0ist fyrir framan Al\u00feingish\u00fasi\u00f0 til \u00feess a\u00f0 \u00f3ska eftir \u00fej\u00f3\u00f0aratkv\u00e6\u00f0agrei\u00f0slu [&hellip;]<\/p>\n","protected":false},"featured_media":7393,"template":"","meta":{"slim_seo":{"title":"\u00dej\u00f3\u00f0in og kylfan - KindArt","description":"\u00dej\u00f3\u00f0in og kylfan . B\u00e6klingur sem var gefin \u00fat um atbur\u00f0ina 30. mars 1949 og um forleik \u00feeirra og eftirleik. B\u00e6klingurinn er \u00ed br\u00fanum lit og mynd framan \u00e1 af \u00fati"}},"product_brand":[],"product_cat":[83],"product_tag":[],"class_list":{"0":"post-7397","1":"product","2":"type-product","3":"status-publish","4":"has-post-thumbnail","6":"product_cat-books","7":"product_shipping_class-small-en","9":"first","10":"outofstock","11":"purchasable","12":"product-type-simple"},"_links":{"self":[{"href":"https:\/\/kindart.is\/en\/wp-json\/wp\/v2\/product\/7397","targetHints":{"allow":["GET"]}}],"collection":[{"href":"https:\/\/kindart.is\/en\/wp-json\/wp\/v2\/product"}],"about":[{"href":"https:\/\/kindart.is\/en\/wp-json\/wp\/v2\/types\/product"}],"wp:featuredmedia":[{"embeddable":true,"href":"https:\/\/kindart.is\/en\/wp-json\/wp\/v2\/media\/7393"}],"wp:attachment":[{"href":"https:\/\/kindart.is\/en\/wp-json\/wp\/v2\/media?parent=7397"}],"wp:term":[{"taxonomy":"product_brand","embeddable":true,"href":"https:\/\/kindart.is\/en\/wp-json\/wp\/v2\/product_brand?post=7397"},{"taxonomy":"product_cat","embeddable":true,"href":"https:\/\/kindart.is\/en\/wp-json\/wp\/v2\/product_cat?post=7397"},{"taxonomy":"product_tag","embeddable":true,"href":"https:\/\/kindart.is\/en\/wp-json\/wp\/v2\/product_tag?post=7397"}],"curies":[{"name":"wp","href":"https:\/\/api.w.org\/{rel}","templated":true}]}}