{"id":7402,"date":"2023-06-09T20:38:05","date_gmt":"2023-06-09T20:38:05","guid":{"rendered":"https:\/\/kindart.is\/?post_type=product&#038;p=7402"},"modified":"2023-09-08T11:20:00","modified_gmt":"2023-09-08T11:20:00","slug":"landbunadartaeki-i-land-rover-1-65x83-cm","status":"publish","type":"product","link":"https:\/\/kindart.is\/en\/vara\/landbunadartaeki-i-land-rover-1-65x83-cm\/","title":{"rendered":"Landb\u00fana\u00f0art\u00e6ki I \/ Land Rover 1 (65&#215;83 cm)"},"content":{"rendered":"<p>Akr\u00fdl \/ bl\u00f6ndu\u00f0 t\u00e6kni \u00e1 striga, 65&#215;83 cm<\/p>\n<p>Acryl \/ mixed media on canvas, 65&#215;83 cm<\/p>\n<p>(2023)<\/p>\n","protected":false},"excerpt":{"rendered":"<p>Akr\u00fdl \/ bl\u00f6ndu\u00f0 t\u00e6kni \u00e1 striga, 65&#215;83 cm Acryl \/ mixed media on canvas, 65&#215;83 cm (2023)<\/p>\n","protected":false},"featured_media":7405,"template":"","meta":{"slim_seo":{"title":"Landb\u00fana\u00f0art\u00e6ki I \/ Land Rover 1 (65x83 cm) - KindArt","description":"Akr\u00fdl \/ bl\u00f6ndu\u00f0 t\u00e6kni \u00e1 striga, 65x83 cm Acryl \/ mixed media on canvas, 65x83 cm (2023)"}},"product_brand":[],"product_cat":[67],"product_tag":[],"class_list":{"0":"post-7402","1":"product","2":"type-product","3":"status-publish","4":"has-post-thumbnail","6":"product_cat-sold","7":"product_shipping_class-stor","9":"first","10":"outofstock","11":"purchasable","12":"product-type-simple"},"_links":{"self":[{"href":"https:\/\/kindart.is\/en\/wp-json\/wp\/v2\/product\/7402","targetHints":{"allow":["GET"]}}],"collection":[{"href":"https:\/\/kindart.is\/en\/wp-json\/wp\/v2\/product"}],"about":[{"href":"https:\/\/kindart.is\/en\/wp-json\/wp\/v2\/types\/product"}],"wp:featuredmedia":[{"embeddable":true,"href":"https:\/\/kindart.is\/en\/wp-json\/wp\/v2\/media\/7405"}],"wp:attachment":[{"href":"https:\/\/kindart.is\/en\/wp-json\/wp\/v2\/media?parent=7402"}],"wp:term":[{"taxonomy":"product_brand","embeddable":true,"href":"https:\/\/kindart.is\/en\/wp-json\/wp\/v2\/product_brand?post=7402"},{"taxonomy":"product_cat","embeddable":true,"href":"https:\/\/kindart.is\/en\/wp-json\/wp\/v2\/product_cat?post=7402"},{"taxonomy":"product_tag","embeddable":true,"href":"https:\/\/kindart.is\/en\/wp-json\/wp\/v2\/product_tag?post=7402"}],"curies":[{"name":"wp","href":"https:\/\/api.w.org\/{rel}","templated":true}]}}