{"id":7416,"date":"2023-06-09T21:17:51","date_gmt":"2023-06-09T21:17:51","guid":{"rendered":"https:\/\/kindart.is\/?post_type=product&#038;p=7416"},"modified":"2023-09-08T11:19:47","modified_gmt":"2023-09-08T11:19:47","slug":"lambaeimreid-i-a-sheepish-steam-train-i-30x100-cm","status":"publish","type":"product","link":"https:\/\/kindart.is\/en\/vara\/lambaeimreid-i-a-sheepish-steam-train-i-30x100-cm\/","title":{"rendered":"Lambaeimrei\u00f0 I \/ A sheepish steam train I (30&#215;100 cm)"},"content":{"rendered":"<p>Akr\u00fdl \/ bl\u00f6ndu\u00f0 t\u00e6kni \u00e1 striga, 30&#215;100 cm<\/p>\n<p>Acryl \/ mixed media on canvas, 30&#215;100 cm<\/p>\n<p>(2023)<\/p>\n<p>SELD \/ SOLD<\/p>\n","protected":false},"excerpt":{"rendered":"<p>Akr\u00fdl \/ bl\u00f6ndu\u00f0 t\u00e6kni \u00e1 striga, 30&#215;100 cm Acryl \/ mixed media on canvas, 30&#215;100 cm (2023) SELD \/ SOLD<\/p>\n","protected":false},"featured_media":7417,"template":"","meta":{"slim_seo":{"title":"Lambaeimrei\u00f0 I \/ A sheepish steam train I (30x100 cm) - KindArt","description":"Akr\u00fdl \/ bl\u00f6ndu\u00f0 t\u00e6kni \u00e1 striga, 30x100 cm Acryl \/ mixed media on canvas, 30x100 cm (2023) SELD \/ SOLD"}},"product_brand":[],"product_cat":[67],"product_tag":[],"class_list":{"0":"post-7416","1":"product","2":"type-product","3":"status-publish","4":"has-post-thumbnail","6":"product_cat-sold","8":"first","9":"outofstock","10":"product-type-simple"},"_links":{"self":[{"href":"https:\/\/kindart.is\/en\/wp-json\/wp\/v2\/product\/7416","targetHints":{"allow":["GET"]}}],"collection":[{"href":"https:\/\/kindart.is\/en\/wp-json\/wp\/v2\/product"}],"about":[{"href":"https:\/\/kindart.is\/en\/wp-json\/wp\/v2\/types\/product"}],"wp:featuredmedia":[{"embeddable":true,"href":"https:\/\/kindart.is\/en\/wp-json\/wp\/v2\/media\/7417"}],"wp:attachment":[{"href":"https:\/\/kindart.is\/en\/wp-json\/wp\/v2\/media?parent=7416"}],"wp:term":[{"taxonomy":"product_brand","embeddable":true,"href":"https:\/\/kindart.is\/en\/wp-json\/wp\/v2\/product_brand?post=7416"},{"taxonomy":"product_cat","embeddable":true,"href":"https:\/\/kindart.is\/en\/wp-json\/wp\/v2\/product_cat?post=7416"},{"taxonomy":"product_tag","embeddable":true,"href":"https:\/\/kindart.is\/en\/wp-json\/wp\/v2\/product_tag?post=7416"}],"curies":[{"name":"wp","href":"https:\/\/api.w.org\/{rel}","templated":true}]}}