{"id":7420,"date":"2023-06-09T21:27:09","date_gmt":"2023-06-09T21:27:09","guid":{"rendered":"https:\/\/kindart.is\/?post_type=product&#038;p=7420"},"modified":"2023-06-09T21:27:09","modified_gmt":"2023-06-09T21:27:09","slug":"saudatraktor-i-sheepish-tractor-i-40x80-cm","status":"publish","type":"product","link":"https:\/\/kindart.is\/en\/vara\/saudatraktor-i-sheepish-tractor-i-40x80-cm\/","title":{"rendered":"Sau\u00f0atraktor I \/ Sheepish tractor I (40&#215;80 cm)"},"content":{"rendered":"<p>Akr\u00fdl \/ bl\u00f6ndu\u00f0 t\u00e6kni \u00e1 striga, 40&#215;80 cm<\/p>\n<p>Acryl \/ mixed media on canvas, 40&#215;80 cm<\/p>\n<p>(2023)<\/p>\n","protected":false},"excerpt":{"rendered":"<p>Akr\u00fdl \/ bl\u00f6ndu\u00f0 t\u00e6kni \u00e1 striga, 40&#215;80 cm Acryl \/ mixed media on canvas, 40&#215;80 cm (2023)<\/p>\n","protected":false},"featured_media":7421,"template":"","meta":{"slim_seo":{"title":"Sau\u00f0atraktor I \/ Sheepish tractor I (40x80 cm) - KindArt","description":"Akr\u00fdl \/ bl\u00f6ndu\u00f0 t\u00e6kni \u00e1 striga, 40x80 cm Acryl \/ mixed media on canvas, 40x80 cm (2023)"}},"product_brand":[],"product_cat":[56],"product_tag":[],"class_list":{"0":"post-7420","1":"product","2":"type-product","3":"status-publish","4":"has-post-thumbnail","6":"product_cat-listaverk","7":"product_shipping_class-stor","9":"first","10":"instock","11":"purchasable","12":"product-type-simple"},"_links":{"self":[{"href":"https:\/\/kindart.is\/en\/wp-json\/wp\/v2\/product\/7420","targetHints":{"allow":["GET"]}}],"collection":[{"href":"https:\/\/kindart.is\/en\/wp-json\/wp\/v2\/product"}],"about":[{"href":"https:\/\/kindart.is\/en\/wp-json\/wp\/v2\/types\/product"}],"wp:featuredmedia":[{"embeddable":true,"href":"https:\/\/kindart.is\/en\/wp-json\/wp\/v2\/media\/7421"}],"wp:attachment":[{"href":"https:\/\/kindart.is\/en\/wp-json\/wp\/v2\/media?parent=7420"}],"wp:term":[{"taxonomy":"product_brand","embeddable":true,"href":"https:\/\/kindart.is\/en\/wp-json\/wp\/v2\/product_brand?post=7420"},{"taxonomy":"product_cat","embeddable":true,"href":"https:\/\/kindart.is\/en\/wp-json\/wp\/v2\/product_cat?post=7420"},{"taxonomy":"product_tag","embeddable":true,"href":"https:\/\/kindart.is\/en\/wp-json\/wp\/v2\/product_tag?post=7420"}],"curies":[{"name":"wp","href":"https:\/\/api.w.org\/{rel}","templated":true}]}}