{"id":7426,"date":"2023-06-09T21:53:33","date_gmt":"2023-06-09T21:53:33","guid":{"rendered":"https:\/\/kindart.is\/?post_type=product&#038;p=7426"},"modified":"2023-06-09T21:53:33","modified_gmt":"2023-06-09T21:53:33","slug":"lambaeimreid-iii-a-sheepish-steam-train-iii","status":"publish","type":"product","link":"https:\/\/kindart.is\/en\/vara\/lambaeimreid-iii-a-sheepish-steam-train-iii\/","title":{"rendered":"Lambaeimrei\u00f0 III \/ A sheepish steam train III"},"content":{"rendered":"<p>Akr\u00fdl \/ bl\u00f6ndu\u00f0 t\u00e6kni \u00e1 striga, 30&#215;80 cm<\/p>\n<p>Acryl \/ mixed media on canvas, 30&#215;80 cm<\/p>\n<p>(2023)<\/p>\n","protected":false},"excerpt":{"rendered":"<p>Akr\u00fdl \/ bl\u00f6ndu\u00f0 t\u00e6kni \u00e1 striga, 30&#215;80 cm Acryl \/ mixed media on canvas, 30&#215;80 cm (2023)<\/p>\n","protected":false},"featured_media":7427,"template":"","meta":{"slim_seo":{"title":"Lambaeimrei\u00f0 III \/ A sheepish steam train III - KindArt","description":"Akr\u00fdl \/ bl\u00f6ndu\u00f0 t\u00e6kni \u00e1 striga, 30x80 cm Acryl \/ mixed media on canvas, 30x80 cm (2023)"}},"product_brand":[],"product_cat":[56],"product_tag":[],"class_list":{"0":"post-7426","1":"product","2":"type-product","3":"status-publish","4":"has-post-thumbnail","6":"product_cat-listaverk","7":"product_shipping_class-midlungs","9":"first","10":"instock","11":"purchasable","12":"product-type-simple"},"_links":{"self":[{"href":"https:\/\/kindart.is\/en\/wp-json\/wp\/v2\/product\/7426","targetHints":{"allow":["GET"]}}],"collection":[{"href":"https:\/\/kindart.is\/en\/wp-json\/wp\/v2\/product"}],"about":[{"href":"https:\/\/kindart.is\/en\/wp-json\/wp\/v2\/types\/product"}],"wp:featuredmedia":[{"embeddable":true,"href":"https:\/\/kindart.is\/en\/wp-json\/wp\/v2\/media\/7427"}],"wp:attachment":[{"href":"https:\/\/kindart.is\/en\/wp-json\/wp\/v2\/media?parent=7426"}],"wp:term":[{"taxonomy":"product_brand","embeddable":true,"href":"https:\/\/kindart.is\/en\/wp-json\/wp\/v2\/product_brand?post=7426"},{"taxonomy":"product_cat","embeddable":true,"href":"https:\/\/kindart.is\/en\/wp-json\/wp\/v2\/product_cat?post=7426"},{"taxonomy":"product_tag","embeddable":true,"href":"https:\/\/kindart.is\/en\/wp-json\/wp\/v2\/product_tag?post=7426"}],"curies":[{"name":"wp","href":"https:\/\/api.w.org\/{rel}","templated":true}]}}