{"id":7430,"date":"2023-06-09T22:07:44","date_gmt":"2023-06-09T22:07:44","guid":{"rendered":"https:\/\/kindart.is\/?post_type=product&#038;p=7430"},"modified":"2023-06-09T22:07:45","modified_gmt":"2023-06-09T22:07:45","slug":"sauda-willys-a-sheepish-willys-40x50-cm","status":"publish","type":"product","link":"https:\/\/kindart.is\/en\/vara\/sauda-willys-a-sheepish-willys-40x50-cm\/","title":{"rendered":"Sau\u00f0a-Willy&#8217;s \/ A sheepish Willy&#8217;s (40&#215;50 cm)"},"content":{"rendered":"<p>Akr\u00fdl \/ bl\u00f6ndu\u00f0 t\u00e6kni \u00e1 striga, 40&#215;50 cm<\/p>\n<p>Acryl \/ mixed media on canvas, 40&#215;50 cm<\/p>\n<p>(2023)<\/p>\n","protected":false},"excerpt":{"rendered":"<p>Akr\u00fdl \/ bl\u00f6ndu\u00f0 t\u00e6kni \u00e1 striga, 40&#215;50 cm Acryl \/ mixed media on canvas, 40&#215;50 cm (2023)<\/p>\n","protected":false},"featured_media":7431,"template":"","meta":{"slim_seo":{"title":"Sau\u00f0a-Willy's \/ A sheepish Willy's (40x50 cm) - KindArt","description":"Akr\u00fdl \/ bl\u00f6ndu\u00f0 t\u00e6kni \u00e1 striga, 40x50 cm Acryl \/ mixed media on canvas, 40x50 cm (2023)"}},"product_brand":[],"product_cat":[56],"product_tag":[],"class_list":{"0":"post-7430","1":"product","2":"type-product","3":"status-publish","4":"has-post-thumbnail","6":"product_cat-listaverk","7":"product_shipping_class-midlungs","9":"first","10":"instock","11":"purchasable","12":"product-type-simple"},"_links":{"self":[{"href":"https:\/\/kindart.is\/en\/wp-json\/wp\/v2\/product\/7430","targetHints":{"allow":["GET"]}}],"collection":[{"href":"https:\/\/kindart.is\/en\/wp-json\/wp\/v2\/product"}],"about":[{"href":"https:\/\/kindart.is\/en\/wp-json\/wp\/v2\/types\/product"}],"wp:featuredmedia":[{"embeddable":true,"href":"https:\/\/kindart.is\/en\/wp-json\/wp\/v2\/media\/7431"}],"wp:attachment":[{"href":"https:\/\/kindart.is\/en\/wp-json\/wp\/v2\/media?parent=7430"}],"wp:term":[{"taxonomy":"product_brand","embeddable":true,"href":"https:\/\/kindart.is\/en\/wp-json\/wp\/v2\/product_brand?post=7430"},{"taxonomy":"product_cat","embeddable":true,"href":"https:\/\/kindart.is\/en\/wp-json\/wp\/v2\/product_cat?post=7430"},{"taxonomy":"product_tag","embeddable":true,"href":"https:\/\/kindart.is\/en\/wp-json\/wp\/v2\/product_tag?post=7430"}],"curies":[{"name":"wp","href":"https:\/\/api.w.org\/{rel}","templated":true}]}}